{"id":18873,"date":"2025-06-20T19:38:57","date_gmt":"2025-06-20T23:38:57","guid":{"rendered":"http:\/\/www.multicasa.com.br\/cuiaba\/?post_type=product&#038;p=18873"},"modified":"2025-08-17T23:53:37","modified_gmt":"2025-08-18T03:53:37","slug":"rebitador-manual-brasfort-8005-95%c2%94","status":"publish","type":"product","link":"https:\/\/www.multicasa.com.br\/cuiaba\/produto\/rebitador-manual-brasfort-8005-95%c2%94\/","title":{"rendered":"Rebitador Manual Brasfort 8005 9,5\u0094<br>SKU: 2146660"},"content":{"rendered":"<p>O Rebitador Manual Brasfort 8005 9,5\u0094 tem seu corpo em a\u00e7o carbono com cabo revestido de pl\u00e1stico ABS na cor amarela, bicos e chave em a\u00e7o carbono cromado. Acompanha 4 bicos, para fixa\u00e7\u00e3o de rebites de alum\u00ednio em componentes diversos, para rebites de 2,4mm a 4,8mm. <\/p>\n","protected":false},"excerpt":{"rendered":"<h4 style=\"margin: 0px;padding: 0px 0px 16px;font-family: Lato, sans-serif;font-weight: bold;line-height: 3rem;color: var(--dark-grey3);font-size: 22px;font-style: normal;letter-spacing: normal;text-align: start;text-indent: 0px;text-transform: none\">Informa\u00e7\u00f5es t\u00e9cnicas<\/h4>\n<p><span style=\"margin: 0px;padding: 0px;font-weight: 450;font-size: 14px;line-height: 21px;color: var(--dark-grey2);font-family: Lato, sans-serif;font-style: normal;letter-spacing: normal;text-align: start;text-indent: 0px;text-transform: none\">Produto: Rebitador Manual<br \/>\nMarca: Brasfort<br \/>\nModelo: 8005<br \/>\nMaterial: A\u00e7o Carbono e pl\u00e1stico ABS<br \/>\nCor: Amarelo<br \/>\nUso indicado: Para fixa\u00e7\u00e3o de rebites de alum\u00ednio em componentes diversos.<br \/>\nCaracter\u00edsticas: Para rebites de 2,4mm a 4,8mm, rebitadeira de 9,5&#8243;<br \/>\nQuantidade de pe\u00e7as: 5<br \/>\nItens Inclusos: 4 bicos e 1 rebitadeira<br \/>\nDimens\u00f5es do produto (A x L x P): 33,5 x 3,5 x 11cm                                                                                                           Peso: 475g                                                                                                                                                                       Garantia: 1 ano<\/span><\/p>\n","protected":false},"featured_media":18887,"template":"","meta":{"_joinchat":[]},"product_brand":[],"product_cat":[134],"product_tag":[],"class_list":{"0":"post-18873","1":"product","2":"type-product","3":"status-publish","4":"has-post-thumbnail","6":"product_cat-ferramentas-e-ferragens","8":"first","9":"instock","10":"shipping-taxable","11":"purchasable","12":"product-type-simple"},"_links":{"self":[{"href":"https:\/\/www.multicasa.com.br\/cuiaba\/wp-json\/wp\/v2\/product\/18873","targetHints":{"allow":["GET"]}}],"collection":[{"href":"https:\/\/www.multicasa.com.br\/cuiaba\/wp-json\/wp\/v2\/product"}],"about":[{"href":"https:\/\/www.multicasa.com.br\/cuiaba\/wp-json\/wp\/v2\/types\/product"}],"wp:featuredmedia":[{"embeddable":true,"href":"https:\/\/www.multicasa.com.br\/cuiaba\/wp-json\/wp\/v2\/media\/18887"}],"wp:attachment":[{"href":"https:\/\/www.multicasa.com.br\/cuiaba\/wp-json\/wp\/v2\/media?parent=18873"}],"wp:term":[{"taxonomy":"product_brand","embeddable":true,"href":"https:\/\/www.multicasa.com.br\/cuiaba\/wp-json\/wp\/v2\/product_brand?post=18873"},{"taxonomy":"product_cat","embeddable":true,"href":"https:\/\/www.multicasa.com.br\/cuiaba\/wp-json\/wp\/v2\/product_cat?post=18873"},{"taxonomy":"product_tag","embeddable":true,"href":"https:\/\/www.multicasa.com.br\/cuiaba\/wp-json\/wp\/v2\/product_tag?post=18873"}],"curies":[{"name":"wp","href":"https:\/\/api.w.org\/{rel}","templated":true}]}}