{"id":18876,"date":"2025-06-20T19:38:58","date_gmt":"2025-06-20T23:38:58","guid":{"rendered":"http:\/\/www.multicasa.com.br\/cuiaba\/?post_type=product&#038;p=18876"},"modified":"2026-01-19T10:47:33","modified_gmt":"2026-01-19T14:47:33","slug":"plafon-led-emb-18w-4000k-llum","status":"publish","type":"product","link":"https:\/\/www.multicasa.com.br\/cuiaba\/produto\/plafon-led-emb-18w-4000k-llum\/","title":{"rendered":"Plafon Led Emb. 18W 4000K LLUM<br>SKU: 2157909"},"content":{"rendered":"<p>A combina\u00e7\u00e3o perfeita de ilumina\u00e7\u00e3o e design. Esta lumin\u00e1ria dar\u00e1 vida aos seus espa\u00e7os para que voc\u00ea possa aproveit\u00e1-los ao m\u00e1ximo. Al\u00e9m disso, voc\u00ea pode personalizar seus cantinhos favoritos e dar-lhes detalhes diferenciados.<\/p>\n","protected":false},"excerpt":{"rendered":"<h4 style=\"margin: 0px;padding: 0px 0px 16px;font-family: Lato, sans-serif;font-weight: bold;line-height: 3rem;color: var(--dark-grey3);font-size: 22px;font-style: normal;letter-spacing: normal;text-align: start;text-indent: 0px;text-transform: none\">Informa\u00e7\u00f5es t\u00e9cnicas<\/h4>\n<p><span style=\"margin: 0px;padding: 0px;font-weight: 450;font-size: 14px;line-height: 21px;color: var(--dark-grey2);font-family: Lato, sans-serif;font-style: normal;letter-spacing: normal;text-align: start;text-indent: 0px;text-transform: none\">Marca: BRONZEARTE LLUM<br \/>\nCor: BRANCA<br \/>\nCaracter\u00edsticas: alta luminesc\u00eancia e uniformidade na distribui\u00e7\u00e3o da luz e conta com molas de fixa\u00e7\u00e3o em a\u00e7o.<br \/>\nDimens\u00f5es(cm): 22,5 x 22,5 x 0,9 <\/span><\/p>\n","protected":false},"featured_media":27449,"template":"","meta":{"_joinchat":[]},"product_brand":[],"product_cat":[157],"product_tag":[],"class_list":{"0":"post-18876","1":"product","2":"type-product","3":"status-publish","4":"has-post-thumbnail","6":"product_cat-leds-decorativos","8":"first","9":"instock","10":"shipping-taxable","11":"purchasable","12":"product-type-simple"},"_links":{"self":[{"href":"https:\/\/www.multicasa.com.br\/cuiaba\/wp-json\/wp\/v2\/product\/18876","targetHints":{"allow":["GET"]}}],"collection":[{"href":"https:\/\/www.multicasa.com.br\/cuiaba\/wp-json\/wp\/v2\/product"}],"about":[{"href":"https:\/\/www.multicasa.com.br\/cuiaba\/wp-json\/wp\/v2\/types\/product"}],"wp:featuredmedia":[{"embeddable":true,"href":"https:\/\/www.multicasa.com.br\/cuiaba\/wp-json\/wp\/v2\/media\/27449"}],"wp:attachment":[{"href":"https:\/\/www.multicasa.com.br\/cuiaba\/wp-json\/wp\/v2\/media?parent=18876"}],"wp:term":[{"taxonomy":"product_brand","embeddable":true,"href":"https:\/\/www.multicasa.com.br\/cuiaba\/wp-json\/wp\/v2\/product_brand?post=18876"},{"taxonomy":"product_cat","embeddable":true,"href":"https:\/\/www.multicasa.com.br\/cuiaba\/wp-json\/wp\/v2\/product_cat?post=18876"},{"taxonomy":"product_tag","embeddable":true,"href":"https:\/\/www.multicasa.com.br\/cuiaba\/wp-json\/wp\/v2\/product_tag?post=18876"}],"curies":[{"name":"wp","href":"https:\/\/api.w.org\/{rel}","templated":true}]}}