{"id":18893,"date":"2025-06-20T19:39:20","date_gmt":"2025-06-20T23:39:20","guid":{"rendered":"http:\/\/www.multicasa.com.br\/cuiaba\/?post_type=product&#038;p=18893"},"modified":"2026-04-10T15:00:29","modified_gmt":"2026-04-10T19:00:29","slug":"ducha-eletronica-loren-shower-ultra-lorenzetti-5500w-127v","status":"publish","type":"product","link":"https:\/\/www.multicasa.com.br\/cuiaba\/produto\/ducha-eletronica-loren-shower-ultra-lorenzetti-5500w-127v\/","title":{"rendered":"Ducha Eletr\u00f4nica Loren Shower Ultra Lorenzetti 5500W 127V<br>SKU: 2163949"},"content":{"rendered":"<p>Com design moderno e elegante, a Ducha Eletr\u00f4nica Loren Shower Ultra de 127V da Lorenzetti vai tornar a experi\u00eancia de tomar banho ainda mais prazerosa.<\/p>\n<p>Possui espalhador grande com \u00e1rea grande de banho e haste de comando que permite f\u00e1cil controle de temperatura de f\u00e1cil alcance.<\/p>\n<p>Sem contar que possui pot\u00eancia de 5500W e \u00e9 compat\u00edvel com aquecimento solar e outros sistemas de aquecimento, garantindo efici\u00eancia e excelente custo-benef\u00edcio ao produto.<\/p>\n","protected":false},"excerpt":{"rendered":"<h4 style=\"margin: 0px;padding: 0px 0px 16px;font-family: Lato, sans-serif;font-weight: bold;line-height: 3rem;color: var(--dark-grey3);font-size: 22px;font-style: normal;letter-spacing: normal;text-align: start;text-indent: 0px;text-transform: none\">Informa\u00e7\u00f5es t\u00e9cnicas<\/h4>\n<p><span style=\"margin: 0px;padding: 0px;font-weight: 450;font-size: 14px;line-height: 21px;color: var(--dark-grey2);font-family: Lato, sans-serif;font-style: normal;letter-spacing: normal;text-align: start;text-indent: 0px;text-transform: none\">Produto: Ducha<br \/>\nMarca: Lorenzetti<br \/>\nModelo: Loren Shower<br \/>\nMaterial: pl\u00e1stico<br \/>\nCor: Branco<br \/>\nPot\u00eancia: 5500w<br \/>\nTens\u00e3o el\u00e9trica: 127v<br \/>\nCaracter\u00edsticas: formato quadrado, possui controle de temperatura gradual.<br \/>\nItens Inclusos: 1 Ducha El\u00e9trica<br \/>\nDimens\u00f5es do produto (A X L X P): 32,3 x 18,9 x 49,2cm<\/span><\/p>\n","protected":false},"featured_media":25077,"template":"","meta":{"_joinchat":[]},"product_brand":[],"product_cat":[71],"product_tag":[],"class_list":{"0":"post-18893","1":"product","2":"type-product","3":"status-publish","4":"has-post-thumbnail","6":"product_cat-chuveiros","8":"first","9":"instock","10":"shipping-taxable","11":"purchasable","12":"product-type-simple"},"_links":{"self":[{"href":"https:\/\/www.multicasa.com.br\/cuiaba\/wp-json\/wp\/v2\/product\/18893","targetHints":{"allow":["GET"]}}],"collection":[{"href":"https:\/\/www.multicasa.com.br\/cuiaba\/wp-json\/wp\/v2\/product"}],"about":[{"href":"https:\/\/www.multicasa.com.br\/cuiaba\/wp-json\/wp\/v2\/types\/product"}],"wp:featuredmedia":[{"embeddable":true,"href":"https:\/\/www.multicasa.com.br\/cuiaba\/wp-json\/wp\/v2\/media\/25077"}],"wp:attachment":[{"href":"https:\/\/www.multicasa.com.br\/cuiaba\/wp-json\/wp\/v2\/media?parent=18893"}],"wp:term":[{"taxonomy":"product_brand","embeddable":true,"href":"https:\/\/www.multicasa.com.br\/cuiaba\/wp-json\/wp\/v2\/product_brand?post=18893"},{"taxonomy":"product_cat","embeddable":true,"href":"https:\/\/www.multicasa.com.br\/cuiaba\/wp-json\/wp\/v2\/product_cat?post=18893"},{"taxonomy":"product_tag","embeddable":true,"href":"https:\/\/www.multicasa.com.br\/cuiaba\/wp-json\/wp\/v2\/product_tag?post=18893"}],"curies":[{"name":"wp","href":"https:\/\/api.w.org\/{rel}","templated":true}]}}