{"id":18905,"date":"2025-06-20T19:39:22","date_gmt":"2025-06-20T23:39:22","guid":{"rendered":"http:\/\/www.multicasa.com.br\/cuiaba\/?post_type=product&#038;p=18905"},"modified":"2025-08-18T00:05:51","modified_gmt":"2025-08-18T04:05:51","slug":"chuveiro-acqua-century-eletronico-7500w-220v-branco","status":"publish","type":"product","link":"https:\/\/www.multicasa.com.br\/cuiaba\/produto\/chuveiro-acqua-century-eletronico-7500w-220v-branco\/","title":{"rendered":"Chuveiro Acqua Century Eletr\u00f4nico 7500W 220V Branco<br>SKU: 2220855"},"content":{"rendered":"<p>Descubra o futuro dos banhos com o Chuveiro Lorenzetti Acqua Century Eletr\u00f4nico na elegante cor branca. Projetado para elevar sua experi\u00eancia de banho a um novo patamar, este chuveiro combina design arrojado com tecnologia de ponta. Compat\u00edvel com aquecimento solar, a g\u00e1s e por acumula\u00e7\u00e3o, voc\u00ea pode desfrutar de banhos confort\u00e1veis durante o ano inteiro, independentemente da esta\u00e7\u00e3o. <\/p>\n","protected":false},"excerpt":{"rendered":"<h4 style=\"margin: 0px;padding: 0px 0px 16px;font-family: Lato, sans-serif;font-weight: bold;line-height: 3rem;color: var(--dark-grey3);font-size: 22px;font-style: normal;letter-spacing: normal;text-align: start;text-indent: 0px;text-transform: none\">Informa\u00e7\u00f5es t\u00e9cnicas<\/h4>\n<p><span style=\"margin: 0px;padding: 0px;font-weight: 450;font-size: 14px;line-height: 21px;color: var(--dark-grey2);font-family: Lato, sans-serif;font-style: normal;letter-spacing: normal;text-align: start;text-indent: 0px;text-transform: none\">Dimens\u00f5es: 404x257x528<br \/>\nTemperatura: Ajust\u00e1vel (Gradual)<br \/>\nPress\u00e3o de Funcionamento: 10 a 400kPa (1 a 40mca)<br \/>\nSistema de Aterramento: 6mm (220V)<br \/>\nCor: Branco<br \/>\nVoltagem: 220V<br \/>\nLorenzetti<\/span><\/p>\n","protected":false},"featured_media":24945,"template":"","meta":{"_joinchat":[]},"product_brand":[],"product_cat":[71],"product_tag":[],"class_list":{"0":"post-18905","1":"product","2":"type-product","3":"status-publish","4":"has-post-thumbnail","6":"product_cat-chuveiros","8":"first","9":"instock","10":"shipping-taxable","11":"purchasable","12":"product-type-simple"},"_links":{"self":[{"href":"https:\/\/www.multicasa.com.br\/cuiaba\/wp-json\/wp\/v2\/product\/18905","targetHints":{"allow":["GET"]}}],"collection":[{"href":"https:\/\/www.multicasa.com.br\/cuiaba\/wp-json\/wp\/v2\/product"}],"about":[{"href":"https:\/\/www.multicasa.com.br\/cuiaba\/wp-json\/wp\/v2\/types\/product"}],"wp:featuredmedia":[{"embeddable":true,"href":"https:\/\/www.multicasa.com.br\/cuiaba\/wp-json\/wp\/v2\/media\/24945"}],"wp:attachment":[{"href":"https:\/\/www.multicasa.com.br\/cuiaba\/wp-json\/wp\/v2\/media?parent=18905"}],"wp:term":[{"taxonomy":"product_brand","embeddable":true,"href":"https:\/\/www.multicasa.com.br\/cuiaba\/wp-json\/wp\/v2\/product_brand?post=18905"},{"taxonomy":"product_cat","embeddable":true,"href":"https:\/\/www.multicasa.com.br\/cuiaba\/wp-json\/wp\/v2\/product_cat?post=18905"},{"taxonomy":"product_tag","embeddable":true,"href":"https:\/\/www.multicasa.com.br\/cuiaba\/wp-json\/wp\/v2\/product_tag?post=18905"}],"curies":[{"name":"wp","href":"https:\/\/api.w.org\/{rel}","templated":true}]}}