{"id":18906,"date":"2025-06-20T19:39:22","date_gmt":"2025-06-20T23:39:22","guid":{"rendered":"http:\/\/www.multicasa.com.br\/cuiaba\/?post_type=product&#038;p=18906"},"modified":"2026-03-05T13:55:25","modified_gmt":"2026-03-05T17:55:25","slug":"cadeado-segredo-tsa-executive-prata-pado","status":"publish","type":"product","link":"https:\/\/www.multicasa.com.br\/cuiaba\/produto\/cadeado-segredo-tsa-executive-prata-pado\/","title":{"rendered":"Cadeado Segredo TSA Executive Prata Pado<br>SKU: 3258009"},"content":{"rendered":"<p>Ideal para viagens internacionais, o cadeado segredo TSA Executive prata da Pado conta com intelig\u00eancia exclusiva, permitindo que sua bagagem seja aberta e inspecionada sem danific\u00e1-lo e podendo trav\u00e1-lo novamente. Seu sistema garante que os agentes da TSA (administra\u00e7\u00e3o da seguran\u00e7a do transporte) inspecionem os volumes em aeroportos sem precisar violar o seu cadeado segredo. De alt\u00edssima qualidade, possui combina\u00e7\u00e3o program\u00e1vel, haste de a\u00e7o carbono cromado e segredo com 4 d\u00edgitos. Garante seguran\u00e7a e cuidado aos seus objetos pessoais.<\/p>\n","protected":false},"excerpt":{"rendered":"<h4 style=\"margin: 0px;padding: 0px 0px 16px;font-family: Lato, sans-serif;font-weight: bold;line-height: 3rem;color: var(--dark-grey3);font-size: 22px;font-style: normal;letter-spacing: normal;text-align: start;text-indent: 0px;text-transform: none\">Informa\u00e7\u00f5es t\u00e9cnicas<\/h4>\n<p><span style=\"margin: 0px;padding: 0px;font-weight: 450;font-size: 14px;line-height: 21px;color: var(--dark-grey2);font-family: Lato, sans-serif;font-style: normal;letter-spacing: normal;text-align: start;text-indent: 0px;text-transform: none\">Produto: Cadeado Segredo TSA<br \/>\nMarca: Pado<br \/>\nMaterial: Lat\u00e3o Maci\u00e7o<br \/>\nCor: Prata<br \/>\nCaracter\u00edsticas: Com troca de segredo num\u00e9rico<br \/>\nHaste em a\u00e7o cromado<br \/>\nTrava por combina\u00e7\u00e3o num\u00e9rica<br \/>\nPossui combina\u00e7\u00e3o program\u00e1vel com segredo TSA<br \/>\nItens Inclusos: 1 Cadeado segredo TSA<br \/>\nDimens\u00f5es (A X L X P): 6,5 x 3 x 1,5cm<br \/>\n<\/span><\/p>\n","protected":false},"featured_media":18927,"template":"","meta":{"_joinchat":[]},"product_brand":[],"product_cat":[161],"product_tag":[],"class_list":{"0":"post-18906","1":"product","2":"type-product","3":"status-publish","4":"has-post-thumbnail","6":"product_cat-seguranca","8":"first","9":"instock","10":"shipping-taxable","11":"purchasable","12":"product-type-simple"},"_links":{"self":[{"href":"https:\/\/www.multicasa.com.br\/cuiaba\/wp-json\/wp\/v2\/product\/18906","targetHints":{"allow":["GET"]}}],"collection":[{"href":"https:\/\/www.multicasa.com.br\/cuiaba\/wp-json\/wp\/v2\/product"}],"about":[{"href":"https:\/\/www.multicasa.com.br\/cuiaba\/wp-json\/wp\/v2\/types\/product"}],"wp:featuredmedia":[{"embeddable":true,"href":"https:\/\/www.multicasa.com.br\/cuiaba\/wp-json\/wp\/v2\/media\/18927"}],"wp:attachment":[{"href":"https:\/\/www.multicasa.com.br\/cuiaba\/wp-json\/wp\/v2\/media?parent=18906"}],"wp:term":[{"taxonomy":"product_brand","embeddable":true,"href":"https:\/\/www.multicasa.com.br\/cuiaba\/wp-json\/wp\/v2\/product_brand?post=18906"},{"taxonomy":"product_cat","embeddable":true,"href":"https:\/\/www.multicasa.com.br\/cuiaba\/wp-json\/wp\/v2\/product_cat?post=18906"},{"taxonomy":"product_tag","embeddable":true,"href":"https:\/\/www.multicasa.com.br\/cuiaba\/wp-json\/wp\/v2\/product_tag?post=18906"}],"curies":[{"name":"wp","href":"https:\/\/api.w.org\/{rel}","templated":true}]}}