{"id":18915,"date":"2025-06-20T19:39:23","date_gmt":"2025-06-20T23:39:23","guid":{"rendered":"http:\/\/www.multicasa.com.br\/cuiaba\/?post_type=product&#038;p=18915"},"modified":"2026-04-14T12:50:39","modified_gmt":"2026-04-14T16:50:39","slug":"conector-fendido-25mm-pf-25-intelli","status":"publish","type":"product","link":"https:\/\/www.multicasa.com.br\/cuiaba\/produto\/conector-fendido-25mm-pf-25-intelli\/","title":{"rendered":"Conector Fendido 25Mm Pf-25 Intelli<br>SKU: 200212"},"content":{"rendered":"<p>Conector Fendido 25mm \u00e9 dimensionado para rede de distribui\u00e7\u00e3o de energia el\u00e9trica e aterramentos em geral<\/p>\n","protected":false},"excerpt":{"rendered":"<h4 style=\"margin: 0px;padding: 0px 0px 16px;font-family: Lato, sans-serif;font-weight: bold;line-height: 3rem;color: var(--dark-grey3);font-size: 22px;font-style: normal;letter-spacing: normal;text-align: start;text-indent: 0px;text-transform: none\">Informa\u00e7\u00f5es t\u00e9cnicas<\/h4>\n<p><span style=\"margin: 0px;padding: 0px;font-weight: 450;font-size: 14px;line-height: 21px;color: var(--dark-grey2);font-family: Lato, sans-serif;font-style: normal;letter-spacing: normal;text-align: start;text-indent: 0px;text-transform: none\">PRODUTO: CONECTOR FENDIDO 25MM PF-25<br \/>\nMARCA: INTELLI<br \/>\nFINALIDADE: Deriva\u00e7\u00e3o ou emenda (tra\u00e7\u00e3o reduzida) para cabos CS &#8211; COPPERSTEEL ou cobre. Indicado para conex\u00f5es entre cobre-cobre.<br \/>\nCARACTER\u00cdSTICAS: Conex\u00e3o por aperto. Alta condutividade el\u00e9trica e resist\u00eancia a corros\u00e3o.<br \/>\nAPLICA\u00c7\u00c3O: Rede de distribui\u00e7\u00e3o de energia el\u00e9trica e aterramentos em geral.<br \/>\nMATERIAL: Corpo em cobre eletrol\u00edtico, porca e miolo em liga de cobre.<br \/>\nACABAMENTO: Estanhado.<br \/>\n<\/span><\/p>\n","protected":false},"featured_media":25004,"template":"","meta":{"_joinchat":[]},"product_brand":[],"product_cat":[119],"product_tag":[],"class_list":{"0":"post-18915","1":"product","2":"type-product","3":"status-publish","4":"has-post-thumbnail","6":"product_cat-materiais-eletricos","8":"first","9":"instock","10":"shipping-taxable","11":"purchasable","12":"product-type-simple"},"_links":{"self":[{"href":"https:\/\/www.multicasa.com.br\/cuiaba\/wp-json\/wp\/v2\/product\/18915","targetHints":{"allow":["GET"]}}],"collection":[{"href":"https:\/\/www.multicasa.com.br\/cuiaba\/wp-json\/wp\/v2\/product"}],"about":[{"href":"https:\/\/www.multicasa.com.br\/cuiaba\/wp-json\/wp\/v2\/types\/product"}],"wp:featuredmedia":[{"embeddable":true,"href":"https:\/\/www.multicasa.com.br\/cuiaba\/wp-json\/wp\/v2\/media\/25004"}],"wp:attachment":[{"href":"https:\/\/www.multicasa.com.br\/cuiaba\/wp-json\/wp\/v2\/media?parent=18915"}],"wp:term":[{"taxonomy":"product_brand","embeddable":true,"href":"https:\/\/www.multicasa.com.br\/cuiaba\/wp-json\/wp\/v2\/product_brand?post=18915"},{"taxonomy":"product_cat","embeddable":true,"href":"https:\/\/www.multicasa.com.br\/cuiaba\/wp-json\/wp\/v2\/product_cat?post=18915"},{"taxonomy":"product_tag","embeddable":true,"href":"https:\/\/www.multicasa.com.br\/cuiaba\/wp-json\/wp\/v2\/product_tag?post=18915"}],"curies":[{"name":"wp","href":"https:\/\/api.w.org\/{rel}","templated":true}]}}