{"id":18941,"date":"2025-06-20T19:39:49","date_gmt":"2025-06-20T23:39:49","guid":{"rendered":"http:\/\/www.multicasa.com.br\/cuiaba\/?post_type=product&#038;p=18941"},"modified":"2026-03-11T11:01:05","modified_gmt":"2026-03-11T15:01:05","slug":"massa-durepoxi-loctite-100g","status":"publish","type":"product","link":"https:\/\/www.multicasa.com.br\/cuiaba\/produto\/massa-durepoxi-loctite-100g\/","title":{"rendered":"Massa Durepoxi Loctite 100g<br>SKU: 259810"},"content":{"rendered":"<p>A Massa Durepoxi Loctite \u00e9 ideal para colagens e reparos transparentes e altamente resistentes, usada em constru\u00e7\u00f5es pesadas ou uso mais corriqueiro, como colagens de cer\u00e2mica, madeira, vidro, metais e at\u00e9 peda\u00e7os de concreto. Confeccionado com bi componente, a base de resina epoxi, poliamida e cargas minerais, o durepoxi resiste a altas temperaturas de 50\u00b0c a 150\u00b0c e endurece em duas horas. Pode tamb\u00e9m ser usado como preenchimento.<\/p>\n","protected":false},"excerpt":{"rendered":"<h4 style=\"margin: 0px;padding: 0px 0px 16px;font-family: Lato, sans-serif;font-weight: bold;line-height: 3rem;color: var(--dark-grey3);font-size: 22px;font-style: normal;letter-spacing: normal;text-align: start;text-indent: 0px;text-transform: none\">Informa\u00e7\u00f5es t\u00e9cnicas<\/h4>\n<p><span style=\"margin: 0px;padding: 0px;font-weight: 450;font-size: 14px;line-height: 21px;color: var(--dark-grey2);font-family: Lato, sans-serif;font-style: normal;letter-spacing: normal;text-align: start;text-indent: 0px;text-transform: none\">Produto: Massa Durepoxi<br \/>\nMarca: Loctite<br \/>\nComposi\u00e7\u00e3o: \u00c0 base de resina ep\u00f3xi<br \/>\nPoliamida<br \/>\nCargas minerais<br \/>\nConte\u00fado: 100g<br \/>\nCaracter\u00edsticas: Seca debaixo d?\u00e1gua<br \/>\nPode ser usado como preenchimento<br \/>\nItens Inclusos: 1 massa Durepoxi<\/span><\/p>\n","protected":false},"featured_media":18967,"template":"","meta":{"_joinchat":[]},"product_brand":[],"product_cat":[162],"product_tag":[],"class_list":{"0":"post-18941","1":"product","2":"type-product","3":"status-publish","4":"has-post-thumbnail","6":"product_cat-colas-e-cia","8":"first","9":"instock","10":"shipping-taxable","11":"purchasable","12":"product-type-simple"},"_links":{"self":[{"href":"https:\/\/www.multicasa.com.br\/cuiaba\/wp-json\/wp\/v2\/product\/18941","targetHints":{"allow":["GET"]}}],"collection":[{"href":"https:\/\/www.multicasa.com.br\/cuiaba\/wp-json\/wp\/v2\/product"}],"about":[{"href":"https:\/\/www.multicasa.com.br\/cuiaba\/wp-json\/wp\/v2\/types\/product"}],"wp:featuredmedia":[{"embeddable":true,"href":"https:\/\/www.multicasa.com.br\/cuiaba\/wp-json\/wp\/v2\/media\/18967"}],"wp:attachment":[{"href":"https:\/\/www.multicasa.com.br\/cuiaba\/wp-json\/wp\/v2\/media?parent=18941"}],"wp:term":[{"taxonomy":"product_brand","embeddable":true,"href":"https:\/\/www.multicasa.com.br\/cuiaba\/wp-json\/wp\/v2\/product_brand?post=18941"},{"taxonomy":"product_cat","embeddable":true,"href":"https:\/\/www.multicasa.com.br\/cuiaba\/wp-json\/wp\/v2\/product_cat?post=18941"},{"taxonomy":"product_tag","embeddable":true,"href":"https:\/\/www.multicasa.com.br\/cuiaba\/wp-json\/wp\/v2\/product_tag?post=18941"}],"curies":[{"name":"wp","href":"https:\/\/api.w.org\/{rel}","templated":true}]}}