{"id":18942,"date":"2025-06-20T19:39:50","date_gmt":"2025-06-20T23:39:50","guid":{"rendered":"http:\/\/www.multicasa.com.br\/cuiaba\/?post_type=product&#038;p=18942"},"modified":"2026-04-17T13:50:39","modified_gmt":"2026-04-17T17:50:39","slug":"massa-durepoxi-loctite-250g","status":"publish","type":"product","link":"https:\/\/www.multicasa.com.br\/cuiaba\/produto\/massa-durepoxi-loctite-250g\/","title":{"rendered":"Massa Durepoxi Loctite 250g<br>SKU: 259918"},"content":{"rendered":"<p>A Massa Durepoxi Loctite \u00e9 um produto bi componente que solda a frio, molda, veda, reconstr\u00f3i diversos tipos de materiais e fixa com praticidade, rapidez e seguran\u00e7a.<br \/>\nSeu uso \u00e9 indicado para metal, vidro, madeira, cer\u00e2mica, cimento, m\u00e1rmore e pl\u00e1stico, \u00e9 resistente a temperaturas -50\u00b0c +150\u00b0c e endurece at\u00e9 debaixo d?agua. O Durepoxi pode ser pintado, envernizando, serrado ou lixado.<br \/>\nProduto na cor cinza e com conte\u00fado de 250g.<\/p>\n","protected":false},"excerpt":{"rendered":"<h4 style=\"margin: 0px;padding: 0px 0px 16px;font-family: Lato, sans-serif;font-weight: bold;line-height: 3rem;color: var(--dark-grey3);font-size: 22px;font-style: normal;letter-spacing: normal;text-align: start;text-indent: 0px;text-transform: none\">Informa\u00e7\u00f5es t\u00e9cnicas<\/h4>\n<p><span style=\"margin: 0px;padding: 0px;font-weight: 450;font-size: 14px;line-height: 21px;color: var(--dark-grey2);font-family: Lato, sans-serif;font-style: normal;letter-spacing: normal;text-align: start;text-indent: 0px;text-transform: none\">Produto: Massa Durepoxi<br \/>\nMarca: Loctite<br \/>\nComposi\u00e7\u00e3o: \u00c0 base de resina ep\u00f3xi<br \/>\nCor: Cinza<br \/>\nConte\u00fado: 250g<br \/>\nCaracter\u00edsticas: Resiste a altas temperaturas de -50\u00b0 a 150\u00b0C<br \/>\nSeca debaixo d?\u00e1gua<br \/>\nPode ser usado como preenchimento<br \/>\nPode ser pintado, envernizado, serrado ou lixado<br \/>\nItens Inclusos: 1 massa Durepoxi<\/span><\/p>\n","protected":false},"featured_media":18968,"template":"","meta":{"_joinchat":[]},"product_brand":[],"product_cat":[162],"product_tag":[],"class_list":{"0":"post-18942","1":"product","2":"type-product","3":"status-publish","4":"has-post-thumbnail","6":"product_cat-colas-e-cia","8":"first","9":"instock","10":"shipping-taxable","11":"purchasable","12":"product-type-simple"},"_links":{"self":[{"href":"https:\/\/www.multicasa.com.br\/cuiaba\/wp-json\/wp\/v2\/product\/18942","targetHints":{"allow":["GET"]}}],"collection":[{"href":"https:\/\/www.multicasa.com.br\/cuiaba\/wp-json\/wp\/v2\/product"}],"about":[{"href":"https:\/\/www.multicasa.com.br\/cuiaba\/wp-json\/wp\/v2\/types\/product"}],"wp:featuredmedia":[{"embeddable":true,"href":"https:\/\/www.multicasa.com.br\/cuiaba\/wp-json\/wp\/v2\/media\/18968"}],"wp:attachment":[{"href":"https:\/\/www.multicasa.com.br\/cuiaba\/wp-json\/wp\/v2\/media?parent=18942"}],"wp:term":[{"taxonomy":"product_brand","embeddable":true,"href":"https:\/\/www.multicasa.com.br\/cuiaba\/wp-json\/wp\/v2\/product_brand?post=18942"},{"taxonomy":"product_cat","embeddable":true,"href":"https:\/\/www.multicasa.com.br\/cuiaba\/wp-json\/wp\/v2\/product_cat?post=18942"},{"taxonomy":"product_tag","embeddable":true,"href":"https:\/\/www.multicasa.com.br\/cuiaba\/wp-json\/wp\/v2\/product_tag?post=18942"}],"curies":[{"name":"wp","href":"https:\/\/api.w.org\/{rel}","templated":true}]}}