{"id":18948,"date":"2025-06-20T19:39:51","date_gmt":"2025-06-20T23:39:51","guid":{"rendered":"http:\/\/www.multicasa.com.br\/cuiaba\/?post_type=product&#038;p=18948"},"modified":"2025-08-22T10:34:01","modified_gmt":"2025-08-22T14:34:01","slug":"eletroduto-zincado-leve-1-carbinox","status":"publish","type":"product","link":"https:\/\/www.multicasa.com.br\/cuiaba\/produto\/eletroduto-zincado-leve-1-carbinox\/","title":{"rendered":"Eletroduto Zincado Leve 1 Carbinox<br>SKU: 261912"},"content":{"rendered":"<p>ELETRODUTO ZINCADO LEVE 1 CARBINOX s\u00e3o a melhor op\u00e7\u00e3o quando existe a necessidade da condu\u00e7\u00e3o de fios el\u00e9tricos. S\u00e3o indicados para instala\u00e7\u00f5es el\u00e9tricas de baixa tens\u00e3o, em edifica\u00e7\u00f5es residenciais, comerciais e industriais (embutidas ou aparentes), exclusivamente em \u00e1reas protegidas de intemp\u00e9ries. <\/p>\n","protected":false},"excerpt":{"rendered":"<h4 style=\"margin: 0px;padding: 0px 0px 16px;font-family: Lato, sans-serif;font-weight: bold;line-height: 3rem;color: var(--dark-grey3);font-size: 22px;font-style: normal;letter-spacing: normal;text-align: start;text-indent: 0px;text-transform: none\">Informa\u00e7\u00f5es t\u00e9cnicas<\/h4>\n<p><span style=\"margin: 0px;padding: 0px;font-weight: 450;font-size: 14px;line-height: 21px;color: var(--dark-grey2);font-family: Lato, sans-serif;font-style: normal;letter-spacing: normal;text-align: start;text-indent: 0px;text-transform: none\">Produto: ELETRODUTO ZINCADO LEVE 1  Marca: Carbinox                                                                                                                                                                                                                                                                                                                                                                                                 Cor: Cinza                                                                                                                                                                                                                                                                                                                                                                                                                                                                                                                                                                                                                                                                                                                                                                                                                                                                                                                                                                                                                                                                                                                                                                                                                                                                                                                                                                                                                                                                                                                                                                                                                                                                                                                                                                                                                                                                                                                                                          Material: Metal                                                                                                                                                                                                                                                                                                                                                                                                                                                  Caracter\u00edsticas: S\u00e3o indicados para instala\u00e7\u00f5es el\u00e9tricas de baixa tens\u00e3o, em edifica\u00e7\u00f5es residenciais, comerciais e industriais (embutidas ou aparentes) exclusivamente em \u00e1reas protegidas de intemp\u00e9ries.                                                                                                                                                                                                                                                                                                                                                                                                                                                                                                                                                    Comprimento: 3m  <\/span><\/p>\n","protected":false},"featured_media":25100,"template":"","meta":{"_joinchat":[]},"product_brand":[],"product_cat":[119],"product_tag":[],"class_list":{"0":"post-18948","1":"product","2":"type-product","3":"status-publish","4":"has-post-thumbnail","6":"product_cat-materiais-eletricos","8":"first","9":"instock","10":"shipping-taxable","11":"purchasable","12":"product-type-simple"},"_links":{"self":[{"href":"https:\/\/www.multicasa.com.br\/cuiaba\/wp-json\/wp\/v2\/product\/18948","targetHints":{"allow":["GET"]}}],"collection":[{"href":"https:\/\/www.multicasa.com.br\/cuiaba\/wp-json\/wp\/v2\/product"}],"about":[{"href":"https:\/\/www.multicasa.com.br\/cuiaba\/wp-json\/wp\/v2\/types\/product"}],"wp:featuredmedia":[{"embeddable":true,"href":"https:\/\/www.multicasa.com.br\/cuiaba\/wp-json\/wp\/v2\/media\/25100"}],"wp:attachment":[{"href":"https:\/\/www.multicasa.com.br\/cuiaba\/wp-json\/wp\/v2\/media?parent=18948"}],"wp:term":[{"taxonomy":"product_brand","embeddable":true,"href":"https:\/\/www.multicasa.com.br\/cuiaba\/wp-json\/wp\/v2\/product_brand?post=18948"},{"taxonomy":"product_cat","embeddable":true,"href":"https:\/\/www.multicasa.com.br\/cuiaba\/wp-json\/wp\/v2\/product_cat?post=18948"},{"taxonomy":"product_tag","embeddable":true,"href":"https:\/\/www.multicasa.com.br\/cuiaba\/wp-json\/wp\/v2\/product_tag?post=18948"}],"curies":[{"name":"wp","href":"https:\/\/api.w.org\/{rel}","templated":true}]}}