{"id":18953,"date":"2025-06-20T19:39:51","date_gmt":"2025-06-20T23:39:51","guid":{"rendered":"http:\/\/www.multicasa.com.br\/cuiaba\/?post_type=product&#038;p=18953"},"modified":"2026-02-24T13:30:11","modified_gmt":"2026-02-24T17:30:11","slug":"fita-isolante-auto-fusao-preta-3m-19mm-x-2m","status":"publish","type":"product","link":"https:\/\/www.multicasa.com.br\/cuiaba\/produto\/fita-isolante-auto-fusao-preta-3m-19mm-x-2m\/","title":{"rendered":"Fita Isolante Auto Fus\u00e3o Preta 3M &#8211; 19mm x 2m<br>SKU: 322016"},"content":{"rendered":"<p>A Fita Isolante Auto Fus\u00e3o Preta 3M \u00e9 a fita el\u00e9trica de alta tens\u00e3o que se adapta a qualquer superf\u00edcie, por mais irregular que ela seja. Seu filme protetor destaca-se automaticamente com o alongamento da fita, gerando economia de tempo e agilidade na aplica\u00e7\u00e3o. Possui dimens\u00f5es de 19mm de largura e 2 metros de comprimento.<\/p>\n","protected":false},"excerpt":{"rendered":"<h4 style=\"margin: 0px;padding: 0px 0px 16px;font-family: Lato, sans-serif;font-weight: bold;line-height: 3rem;color: var(--dark-grey3);font-size: 22px;font-style: normal;letter-spacing: normal;text-align: start;text-indent: 0px;text-transform: none\">Informa\u00e7\u00f5es t\u00e9cnicas<\/h4>\n<p><span style=\"margin: 0px;padding: 0px;font-weight: 450;font-size: 14px;line-height: 21px;color: var(--dark-grey2);font-family: Lato, sans-serif;font-style: normal;letter-spacing: normal;text-align: start;text-indent: 0px;text-transform: none\">Produto: Fita Isolante<br \/>\nMarca: 3M<br \/>\nMaterial: Adesivo em resina de borracha<br \/>\nRevestimento em poli\u00e9ster<br \/>\nCor: Preto<br \/>\nCaracter\u00edsticas: Faixa da temperatura de opera\u00e7\u00e3o (\u00b0c): 0 a 90 graus celsius<br \/>\nItens Inclusos: 1 Fita Isolante<br \/>\nEspessura: 0,76mm<br \/>\nDimens\u00f5es do produto (A X C): 19mm x 50m<br \/>\n<\/span><\/p>\n","protected":false},"featured_media":18970,"template":"","meta":{"_joinchat":[]},"product_brand":[],"product_cat":[119],"product_tag":[],"class_list":{"0":"post-18953","1":"product","2":"type-product","3":"status-publish","4":"has-post-thumbnail","6":"product_cat-materiais-eletricos","8":"first","9":"instock","10":"shipping-taxable","11":"purchasable","12":"product-type-simple"},"_links":{"self":[{"href":"https:\/\/www.multicasa.com.br\/cuiaba\/wp-json\/wp\/v2\/product\/18953","targetHints":{"allow":["GET"]}}],"collection":[{"href":"https:\/\/www.multicasa.com.br\/cuiaba\/wp-json\/wp\/v2\/product"}],"about":[{"href":"https:\/\/www.multicasa.com.br\/cuiaba\/wp-json\/wp\/v2\/types\/product"}],"wp:featuredmedia":[{"embeddable":true,"href":"https:\/\/www.multicasa.com.br\/cuiaba\/wp-json\/wp\/v2\/media\/18970"}],"wp:attachment":[{"href":"https:\/\/www.multicasa.com.br\/cuiaba\/wp-json\/wp\/v2\/media?parent=18953"}],"wp:term":[{"taxonomy":"product_brand","embeddable":true,"href":"https:\/\/www.multicasa.com.br\/cuiaba\/wp-json\/wp\/v2\/product_brand?post=18953"},{"taxonomy":"product_cat","embeddable":true,"href":"https:\/\/www.multicasa.com.br\/cuiaba\/wp-json\/wp\/v2\/product_cat?post=18953"},{"taxonomy":"product_tag","embeddable":true,"href":"https:\/\/www.multicasa.com.br\/cuiaba\/wp-json\/wp\/v2\/product_tag?post=18953"}],"curies":[{"name":"wp","href":"https:\/\/api.w.org\/{rel}","templated":true}]}}