{"id":18956,"date":"2025-06-20T19:39:52","date_gmt":"2025-06-20T23:39:52","guid":{"rendered":"http:\/\/www.multicasa.com.br\/cuiaba\/?post_type=product&#038;p=18956"},"modified":"2026-03-17T15:52:36","modified_gmt":"2026-03-17T19:52:36","slug":"fita-isolante-19mmx20m-p22-preto-prysmian","status":"publish","type":"product","link":"https:\/\/www.multicasa.com.br\/cuiaba\/produto\/fita-isolante-19mmx20m-p22-preto-prysmian\/","title":{"rendered":"Fita Isolante 19Mmx20M P22 Preto Prysmian<br>SKU: 326119"},"content":{"rendered":"<p>Ideal para isolamento el\u00e9trico prim\u00e1rio, emendas, termina\u00e7\u00f5es de fios e cabos, veda\u00e7\u00f5es e manuten\u00e7\u00f5es em geral; para classes de tens\u00f5es at\u00e9 750V; prote\u00e7\u00e3o mec\u00e2nica de ferramentas entre outras; resistente aos raios U.V; temperatura m\u00e1xima de emerg\u00eancia 90\u00b0C.<\/p>\n","protected":false},"excerpt":{"rendered":"<h4 style=\"margin: 0px;padding: 0px 0px 16px;font-family: Lato, sans-serif;font-weight: bold;line-height: 3rem;color: var(--dark-grey3);font-size: 22px;font-style: normal;letter-spacing: normal;text-align: start;text-indent: 0px;text-transform: none\">Informa\u00e7\u00f5es t\u00e9cnicas<\/h4>\n<p><span style=\"margin: 0px;padding: 0px;font-weight: 450;font-size: 14px;line-height: 21px;color: var(--dark-grey2);font-family: Lato, sans-serif;font-style: normal;letter-spacing: normal;text-align: start;text-indent: 0px;text-transform: none\">Produto: FITA ISOLANTE 19MMX20M P22<br \/>\nMarca: PRYSMIAN<br \/>\nCor: Preto<br \/>\nNorma: IEC 60454-3-1.<br \/>\nEspessura: 0,13mm.<br \/>\nProduto de PVC auto-extingu\u00edvel \u00e0 chama;<br \/>\nAntiflam; <\/p>\n<p>Caracter\u00edsticas:<br \/>\nTamanho: 19mm x 20m.<br \/>\nAltura: 15,1cm<br \/>\nLargura: 3,1cm<br \/>\nComprimento: 15,1 cm<br \/>\nPeso: 0,5kg<\/span><\/p>\n","protected":false},"featured_media":25207,"template":"","meta":{"_joinchat":[]},"product_brand":[],"product_cat":[119],"product_tag":[],"class_list":{"0":"post-18956","1":"product","2":"type-product","3":"status-publish","4":"has-post-thumbnail","6":"product_cat-materiais-eletricos","8":"first","9":"instock","10":"shipping-taxable","11":"purchasable","12":"product-type-simple"},"_links":{"self":[{"href":"https:\/\/www.multicasa.com.br\/cuiaba\/wp-json\/wp\/v2\/product\/18956","targetHints":{"allow":["GET"]}}],"collection":[{"href":"https:\/\/www.multicasa.com.br\/cuiaba\/wp-json\/wp\/v2\/product"}],"about":[{"href":"https:\/\/www.multicasa.com.br\/cuiaba\/wp-json\/wp\/v2\/types\/product"}],"wp:featuredmedia":[{"embeddable":true,"href":"https:\/\/www.multicasa.com.br\/cuiaba\/wp-json\/wp\/v2\/media\/25207"}],"wp:attachment":[{"href":"https:\/\/www.multicasa.com.br\/cuiaba\/wp-json\/wp\/v2\/media?parent=18956"}],"wp:term":[{"taxonomy":"product_brand","embeddable":true,"href":"https:\/\/www.multicasa.com.br\/cuiaba\/wp-json\/wp\/v2\/product_brand?post=18956"},{"taxonomy":"product_cat","embeddable":true,"href":"https:\/\/www.multicasa.com.br\/cuiaba\/wp-json\/wp\/v2\/product_cat?post=18956"},{"taxonomy":"product_tag","embeddable":true,"href":"https:\/\/www.multicasa.com.br\/cuiaba\/wp-json\/wp\/v2\/product_tag?post=18956"}],"curies":[{"name":"wp","href":"https:\/\/api.w.org\/{rel}","templated":true}]}}