{"id":18958,"date":"2025-06-20T19:39:52","date_gmt":"2025-06-20T23:39:52","guid":{"rendered":"http:\/\/www.multicasa.com.br\/cuiaba\/?post_type=product&#038;p=18958"},"modified":"2026-04-20T15:30:12","modified_gmt":"2026-04-20T19:30:12","slug":"fita-isolante-imperial-slim-3m-18mmx5m","status":"publish","type":"product","link":"https:\/\/www.multicasa.com.br\/cuiaba\/produto\/fita-isolante-imperial-slim-3m-18mmx5m\/","title":{"rendered":"Fita Isolante Imperial Slim 3M &#8211; 18mmx5m<br>SKU: 326615"},"content":{"rendered":"<p>A Fita Isolante Imperial Slim 3M possui boa isola\u00e7\u00e3o el\u00e9trica, \u00f3tima conformabilidade e resist\u00eancia a raios uv, al\u00e9m de boa flexibilidade e f\u00e1cil aplica\u00e7\u00e3o. A fita na cor preto \u00e9 constitu\u00edda por um dorso vin\u00edlico recoberto com uma camada de adesivo a base de borracha sens\u00edvel a press\u00e3o; suas dimens\u00f5es s\u00e3o de 18mm de largura por 5m de comprimento.<\/p>\n","protected":false},"excerpt":{"rendered":"<h4 style=\"margin: 0px;padding: 0px 0px 16px;font-family: Lato, sans-serif;font-weight: bold;line-height: 3rem;color: var(--dark-grey3);font-size: 22px;font-style: normal;letter-spacing: normal;text-align: start;text-indent: 0px;text-transform: none\">Informa\u00e7\u00f5es t\u00e9cnicas<\/h4>\n<p><span style=\"margin: 0px;padding: 0px;font-weight: 450;font-size: 14px;line-height: 21px;color: var(--dark-grey2);font-family: Lato, sans-serif;font-style: normal;letter-spacing: normal;text-align: start;text-indent: 0px;text-transform: none\">Produto: Fita Isolante<br \/>\nModelo: Imperial Slim<br \/>\nMarca: 3M<br \/>\nMaterial: Dorso vin\u00edlico<br \/>\nAdesivo a base de borracha<br \/>\nCor: Preta<br \/>\nCaracter\u00edsticas: Aprovada e certificada pela Norma brasileira ABNT NBR NM 60454-3<br \/>\nTende os requisitos da norma Euro HomePEIA-ROHS (Restri\u00e7\u00e3o ao uso de subst\u00e2ncias perigosas: chumbo, c\u00e1dmo e etc)<br \/>\nItens inclusos: 1 Fita isolante<br \/>\nDimens\u00f5es do produto (L X C): 18mm x 5m<br \/>\n<\/span><\/p>\n","protected":false},"featured_media":18976,"template":"","meta":{"_joinchat":[]},"product_brand":[],"product_cat":[119],"product_tag":[],"class_list":{"0":"post-18958","1":"product","2":"type-product","3":"status-publish","4":"has-post-thumbnail","6":"product_cat-materiais-eletricos","8":"first","9":"instock","10":"shipping-taxable","11":"purchasable","12":"product-type-simple"},"_links":{"self":[{"href":"https:\/\/www.multicasa.com.br\/cuiaba\/wp-json\/wp\/v2\/product\/18958","targetHints":{"allow":["GET"]}}],"collection":[{"href":"https:\/\/www.multicasa.com.br\/cuiaba\/wp-json\/wp\/v2\/product"}],"about":[{"href":"https:\/\/www.multicasa.com.br\/cuiaba\/wp-json\/wp\/v2\/types\/product"}],"wp:featuredmedia":[{"embeddable":true,"href":"https:\/\/www.multicasa.com.br\/cuiaba\/wp-json\/wp\/v2\/media\/18976"}],"wp:attachment":[{"href":"https:\/\/www.multicasa.com.br\/cuiaba\/wp-json\/wp\/v2\/media?parent=18958"}],"wp:term":[{"taxonomy":"product_brand","embeddable":true,"href":"https:\/\/www.multicasa.com.br\/cuiaba\/wp-json\/wp\/v2\/product_brand?post=18958"},{"taxonomy":"product_cat","embeddable":true,"href":"https:\/\/www.multicasa.com.br\/cuiaba\/wp-json\/wp\/v2\/product_cat?post=18958"},{"taxonomy":"product_tag","embeddable":true,"href":"https:\/\/www.multicasa.com.br\/cuiaba\/wp-json\/wp\/v2\/product_tag?post=18958"}],"curies":[{"name":"wp","href":"https:\/\/api.w.org\/{rel}","templated":true}]}}