{"id":18960,"date":"2025-06-20T19:39:52","date_gmt":"2025-06-20T23:39:52","guid":{"rendered":"http:\/\/www.multicasa.com.br\/cuiaba\/?post_type=product&#038;p=18960"},"modified":"2025-12-16T18:13:38","modified_gmt":"2025-12-16T22:13:38","slug":"fita-isolante-imperial-3m-18mmx20m","status":"publish","type":"product","link":"https:\/\/www.multicasa.com.br\/cuiaba\/produto\/fita-isolante-imperial-3m-18mmx20m\/","title":{"rendered":"Fita Isolante Imperial 3M &#8211; 18mmx20m<br>SKU: 326810"},"content":{"rendered":"<p>A Fita Isolante Imperial 3M \u00e9 utilizada para pequenos reparos dom\u00e9sticos, conserto de eletrodom\u00e9sticos, aparelhos eletr\u00f4nicos, etc. Possui alta resist\u00eancia, n\u00e3o resseca, \u00e9 resistente a raios uv e tem excelente resist\u00eancia el\u00e9trica com tens\u00e3o m\u00e1xima recomendada de 750v. Suas dimens\u00f5es s\u00e3o de 18mm de largura por 20m de comprimento.<br \/>\nPossui certifica\u00e7\u00e3o uc (uni\u00e3o certificadora) credenciada pelo inmetro e certifica\u00e7\u00e3o pela norma abnt.<\/p>\n","protected":false},"excerpt":{"rendered":"<h4 style=\"margin: 0px;padding: 0px 0px 16px;font-family: Lato, sans-serif;font-weight: bold;line-height: 3rem;color: var(--dark-grey3);font-size: 22px;font-style: normal;letter-spacing: normal;text-align: start;text-indent: 0px;text-transform: none\">Informa\u00e7\u00f5es t\u00e9cnicas<\/h4>\n<p><span style=\"margin: 0px;padding: 0px;font-weight: 450;font-size: 14px;line-height: 21px;color: var(--dark-grey2);font-family: Lato, sans-serif;font-style: normal;letter-spacing: normal;text-align: start;text-indent: 0px;text-transform: none\">Produto: Fita Isolante<br \/>\nModelo: Imperial<br \/>\nMarca: 3M<br \/>\nMaterial: Dorso vin\u00edlico<br \/>\nAdesivo a base de borracha<br \/>\nCor: Preta<br \/>\nCaracter\u00edsticas: Classe de temperatura 90\u00baC<br \/>\nCertifica\u00e7\u00e3o nova norma ABNT NBR NM 60454-3-1-5, Na classe C (Atende \u00e0 norma ROHS)<br \/>\nClasse de tens\u00e3o 750v<br \/>\nResistente a raios ultravioletas<br \/>\nItens inclusos: 1 Fita isolante<br \/>\nDimens\u00f5es do produto (L X C): 18mm x 20m<br \/>\n<\/span><\/p>\n","protected":false},"featured_media":19005,"template":"","meta":{"_joinchat":[]},"product_brand":[],"product_cat":[119],"product_tag":[],"class_list":{"0":"post-18960","1":"product","2":"type-product","3":"status-publish","4":"has-post-thumbnail","6":"product_cat-materiais-eletricos","8":"first","9":"instock","10":"shipping-taxable","11":"purchasable","12":"product-type-simple"},"_links":{"self":[{"href":"https:\/\/www.multicasa.com.br\/cuiaba\/wp-json\/wp\/v2\/product\/18960","targetHints":{"allow":["GET"]}}],"collection":[{"href":"https:\/\/www.multicasa.com.br\/cuiaba\/wp-json\/wp\/v2\/product"}],"about":[{"href":"https:\/\/www.multicasa.com.br\/cuiaba\/wp-json\/wp\/v2\/types\/product"}],"wp:featuredmedia":[{"embeddable":true,"href":"https:\/\/www.multicasa.com.br\/cuiaba\/wp-json\/wp\/v2\/media\/19005"}],"wp:attachment":[{"href":"https:\/\/www.multicasa.com.br\/cuiaba\/wp-json\/wp\/v2\/media?parent=18960"}],"wp:term":[{"taxonomy":"product_brand","embeddable":true,"href":"https:\/\/www.multicasa.com.br\/cuiaba\/wp-json\/wp\/v2\/product_brand?post=18960"},{"taxonomy":"product_cat","embeddable":true,"href":"https:\/\/www.multicasa.com.br\/cuiaba\/wp-json\/wp\/v2\/product_cat?post=18960"},{"taxonomy":"product_tag","embeddable":true,"href":"https:\/\/www.multicasa.com.br\/cuiaba\/wp-json\/wp\/v2\/product_tag?post=18960"}],"curies":[{"name":"wp","href":"https:\/\/api.w.org\/{rel}","templated":true}]}}