{"id":18963,"date":"2025-06-20T19:39:53","date_gmt":"2025-06-20T23:39:53","guid":{"rendered":"http:\/\/www.multicasa.com.br\/cuiaba\/?post_type=product&#038;p=18963"},"modified":"2026-04-07T15:20:14","modified_gmt":"2026-04-07T19:20:14","slug":"haste-cobreada-5-8x3-0m-com-rosca-intelli","status":"publish","type":"product","link":"https:\/\/www.multicasa.com.br\/cuiaba\/produto\/haste-cobreada-5-8x3-0m-com-rosca-intelli\/","title":{"rendered":"Haste Cobreada 5\/8X3.0M Com Rosca Intelli<br>SKU: 367214"},"content":{"rendered":"<p>Sistemas de aterramento em geral (sistemas de gera\u00e7\u00e3o, transmiss\u00e3o e distribui\u00e7\u00e3o de energia el\u00e9trica), malhas de aterramento, aterramentos residenciais, prediais e industriais, aterramentos de subesta\u00e7\u00f5es e redes de telecomunica\u00e7\u00f5es.<\/p>\n","protected":false},"excerpt":{"rendered":"<h4 style=\"margin: 0px;padding: 0px 0px 16px;font-family: Lato, sans-serif;font-weight: bold;line-height: 3rem;color: var(--dark-grey3);font-size: 22px;font-style: normal;letter-spacing: normal;text-align: start;text-indent: 0px;text-transform: none\">Informa\u00e7\u00f5es t\u00e9cnicas<\/h4>\n<p><span style=\"margin: 0px;padding: 0px;font-weight: 450;font-size: 14px;line-height: 21px;color: var(--dark-grey2);font-family: Lato, sans-serif;font-style: normal;letter-spacing: normal;text-align: start;text-indent: 0px;text-transform: none\">Retil\u00edneas, constitu\u00eddas de n\u00facleo s\u00f3lido de a\u00e7o carbono, revestida por camada uniforme de cobre eletrol\u00edtico atrav\u00e9s do processo de eletrodeposi\u00e7\u00e3o an\u00f3dica, que garante uni\u00e3o insepar\u00e1vel e homog\u00eanea dos metais.<\/span><\/p>\n","protected":false},"featured_media":25290,"template":"","meta":{"_joinchat":[]},"product_brand":[],"product_cat":[119],"product_tag":[],"class_list":{"0":"post-18963","1":"product","2":"type-product","3":"status-publish","4":"has-post-thumbnail","6":"product_cat-materiais-eletricos","8":"first","9":"instock","10":"shipping-taxable","11":"purchasable","12":"product-type-simple"},"_links":{"self":[{"href":"https:\/\/www.multicasa.com.br\/cuiaba\/wp-json\/wp\/v2\/product\/18963","targetHints":{"allow":["GET"]}}],"collection":[{"href":"https:\/\/www.multicasa.com.br\/cuiaba\/wp-json\/wp\/v2\/product"}],"about":[{"href":"https:\/\/www.multicasa.com.br\/cuiaba\/wp-json\/wp\/v2\/types\/product"}],"wp:featuredmedia":[{"embeddable":true,"href":"https:\/\/www.multicasa.com.br\/cuiaba\/wp-json\/wp\/v2\/media\/25290"}],"wp:attachment":[{"href":"https:\/\/www.multicasa.com.br\/cuiaba\/wp-json\/wp\/v2\/media?parent=18963"}],"wp:term":[{"taxonomy":"product_brand","embeddable":true,"href":"https:\/\/www.multicasa.com.br\/cuiaba\/wp-json\/wp\/v2\/product_brand?post=18963"},{"taxonomy":"product_cat","embeddable":true,"href":"https:\/\/www.multicasa.com.br\/cuiaba\/wp-json\/wp\/v2\/product_cat?post=18963"},{"taxonomy":"product_tag","embeddable":true,"href":"https:\/\/www.multicasa.com.br\/cuiaba\/wp-json\/wp\/v2\/product_tag?post=18963"}],"curies":[{"name":"wp","href":"https:\/\/api.w.org\/{rel}","templated":true}]}}