{"id":18988,"date":"2025-06-20T19:40:17","date_gmt":"2025-06-20T23:40:17","guid":{"rendered":"http:\/\/www.multicasa.com.br\/cuiaba\/?post_type=product&#038;p=18988"},"modified":"2026-04-18T10:30:20","modified_gmt":"2026-04-18T14:30:20","slug":"cola-instantanea-precisao-super-bonder-5g","status":"publish","type":"product","link":"https:\/\/www.multicasa.com.br\/cuiaba\/produto\/cola-instantanea-precisao-super-bonder-5g\/","title":{"rendered":"Cola Instant\u00e2nea Precis\u00e3o Super Bonder 5g<br>SKU: 715611"},"content":{"rendered":"<p>Ideal para diversos reparos, a cola instant\u00e2nea precis\u00e3o Super Bonder \u00e9 uma ajuda indispens\u00e1vel para ter em casa! Com at\u00e9 50% a mais de for\u00e7a, \u00e9 indicada para colar borracha, couro, madeira, metal, porcelana, papel, pl\u00e1stico e muito mais. F\u00f3rmula sem solvente armazenada em embalagem com aplicador para melhor precis\u00e3o.<\/p>\n","protected":false},"excerpt":{"rendered":"<h4 style=\"margin: 0px;padding: 0px 0px 16px;font-family: Lato, sans-serif;font-weight: bold;line-height: 3rem;color: var(--dark-grey3);font-size: 22px;font-style: normal;letter-spacing: normal;text-align: start;text-indent: 0px;text-transform: none\">Informa\u00e7\u00f5es t\u00e9cnicas<\/h4>\n<p><span style=\"margin: 0px;padding: 0px;font-weight: 450;font-size: 14px;line-height: 21px;color: var(--dark-grey2);font-family: Lato, sans-serif;font-style: normal;letter-spacing: normal;text-align: start;text-indent: 0px;text-transform: none\">Produto: Cola Instant\u00e2nea<br \/>\nMarca: Super Bonder<br \/>\nComposi\u00e7\u00e3o: \u00c9ster de cianoacrilato<br \/>\nConte\u00fado: 5g<br \/>\nCaracter\u00edsticas: F\u00f3rmula at\u00e9 50% mais forte<br \/>\nSem solventes<br \/>\nBico dosador<br \/>\nPermite maior precis\u00e3o na aplica\u00e7\u00e3o<br \/>\nResistente a temperaturas, impacto e \u00e1gua<br \/>\nItens inclusos: 1 Cola Instant\u00e2nea<\/span><\/p>\n","protected":false},"featured_media":24991,"template":"","meta":{"_joinchat":[]},"product_brand":[],"product_cat":[162],"product_tag":[],"class_list":{"0":"post-18988","1":"product","2":"type-product","3":"status-publish","4":"has-post-thumbnail","6":"product_cat-colas-e-cia","8":"first","9":"instock","10":"shipping-taxable","11":"purchasable","12":"product-type-simple"},"_links":{"self":[{"href":"https:\/\/www.multicasa.com.br\/cuiaba\/wp-json\/wp\/v2\/product\/18988","targetHints":{"allow":["GET"]}}],"collection":[{"href":"https:\/\/www.multicasa.com.br\/cuiaba\/wp-json\/wp\/v2\/product"}],"about":[{"href":"https:\/\/www.multicasa.com.br\/cuiaba\/wp-json\/wp\/v2\/types\/product"}],"wp:featuredmedia":[{"embeddable":true,"href":"https:\/\/www.multicasa.com.br\/cuiaba\/wp-json\/wp\/v2\/media\/24991"}],"wp:attachment":[{"href":"https:\/\/www.multicasa.com.br\/cuiaba\/wp-json\/wp\/v2\/media?parent=18988"}],"wp:term":[{"taxonomy":"product_brand","embeddable":true,"href":"https:\/\/www.multicasa.com.br\/cuiaba\/wp-json\/wp\/v2\/product_brand?post=18988"},{"taxonomy":"product_cat","embeddable":true,"href":"https:\/\/www.multicasa.com.br\/cuiaba\/wp-json\/wp\/v2\/product_cat?post=18988"},{"taxonomy":"product_tag","embeddable":true,"href":"https:\/\/www.multicasa.com.br\/cuiaba\/wp-json\/wp\/v2\/product_tag?post=18988"}],"curies":[{"name":"wp","href":"https:\/\/api.w.org\/{rel}","templated":true}]}}