{"id":18994,"date":"2025-06-20T19:40:18","date_gmt":"2025-06-20T23:40:18","guid":{"rendered":"http:\/\/www.multicasa.com.br\/cuiaba\/?post_type=product&#038;p=18994"},"modified":"2025-10-29T14:43:53","modified_gmt":"2025-10-29T18:43:53","slug":"gancho-adesivo-branco-command-3m-2-pecas-ate-13kg","status":"publish","type":"product","link":"https:\/\/www.multicasa.com.br\/cuiaba\/produto\/gancho-adesivo-branco-command-3m-2-pecas-ate-13kg\/","title":{"rendered":"Gancho Adesivo Branco Command 3M 2 Pe\u00e7as at\u00e9 1,3kg<br>SKU: 868213"},"content":{"rendered":"<p>Gancho Adesivo Command 3M em pl\u00e1stico de qualidade na cor branco, suporta at\u00e9 1,3kg e cont\u00e9m 2 pe\u00e7as. O adesivo dupla-face command pode ser utilizado em v\u00e1rias superf\u00edcies lisas incluindo superf\u00edcies pintadas, madeira, metais, etc, podem tamb\u00e9m ser removidos sem estragar as paredes, sem marcas ou res\u00edduos de cola. Com os refis de Adesivos Command, voc\u00ea pode reutilizar os ganchos sempre que quiser, bastando substituir os adesivos.<\/p>\n","protected":false},"excerpt":{"rendered":"<h4 style=\"margin: 0px;padding: 0px 0px 16px;font-family: Lato, sans-serif;font-weight: bold;line-height: 3rem;color: var(--dark-grey3);font-size: 22px;font-style: normal;letter-spacing: normal;text-align: start;text-indent: 0px;text-transform: none\">Informa\u00e7\u00f5es t\u00e9cnicas<\/h4>\n<p><span style=\"margin: 0px;padding: 0px;font-weight: 450;font-size: 14px;line-height: 21px;color: var(--dark-grey2);font-family: Lato, sans-serif;font-style: normal;letter-spacing: normal;text-align: start;text-indent: 0px;text-transform: none\">Produto: Gancho<br \/>\nMarca: 3M<br \/>\nMaterial: Pl\u00e1stico<br \/>\nCor: Branco<br \/>\nCaracter\u00edsticas: Suporta at\u00e9 1,3Kg<br \/>\nF\u00e1cil de aplicar<br \/>\nF\u00e1cil de remover<br \/>\nN\u00e3o deixa res\u00edduos<br \/>\nItens Inclusos: 2 ganchos<br \/>\nDimens\u00f5es do produto (A x L): 17 x 9,4cm<br \/>\n<\/span><\/p>\n","protected":false},"featured_media":19042,"template":"","meta":{"_joinchat":[]},"product_brand":[],"product_cat":[162],"product_tag":[],"class_list":{"0":"post-18994","1":"product","2":"type-product","3":"status-publish","4":"has-post-thumbnail","6":"product_cat-colas-e-cia","8":"first","9":"instock","10":"shipping-taxable","11":"purchasable","12":"product-type-simple"},"_links":{"self":[{"href":"https:\/\/www.multicasa.com.br\/cuiaba\/wp-json\/wp\/v2\/product\/18994","targetHints":{"allow":["GET"]}}],"collection":[{"href":"https:\/\/www.multicasa.com.br\/cuiaba\/wp-json\/wp\/v2\/product"}],"about":[{"href":"https:\/\/www.multicasa.com.br\/cuiaba\/wp-json\/wp\/v2\/types\/product"}],"wp:featuredmedia":[{"embeddable":true,"href":"https:\/\/www.multicasa.com.br\/cuiaba\/wp-json\/wp\/v2\/media\/19042"}],"wp:attachment":[{"href":"https:\/\/www.multicasa.com.br\/cuiaba\/wp-json\/wp\/v2\/media?parent=18994"}],"wp:term":[{"taxonomy":"product_brand","embeddable":true,"href":"https:\/\/www.multicasa.com.br\/cuiaba\/wp-json\/wp\/v2\/product_brand?post=18994"},{"taxonomy":"product_cat","embeddable":true,"href":"https:\/\/www.multicasa.com.br\/cuiaba\/wp-json\/wp\/v2\/product_cat?post=18994"},{"taxonomy":"product_tag","embeddable":true,"href":"https:\/\/www.multicasa.com.br\/cuiaba\/wp-json\/wp\/v2\/product_tag?post=18994"}],"curies":[{"name":"wp","href":"https:\/\/api.w.org\/{rel}","templated":true}]}}