{"id":19078,"date":"2025-06-20T19:41:28","date_gmt":"2025-06-20T23:41:28","guid":{"rendered":"http:\/\/www.multicasa.com.br\/cuiaba\/?post_type=product&#038;p=19078"},"modified":"2026-02-24T13:30:48","modified_gmt":"2026-02-24T17:30:48","slug":"cola-instantanea-em-gel-super-bonder-2g","status":"publish","type":"product","link":"https:\/\/www.multicasa.com.br\/cuiaba\/produto\/cola-instantanea-em-gel-super-bonder-2g\/","title":{"rendered":"Cola Instant\u00e2nea em Gel Super Bonder 2g<br>SKU: 1018598"},"content":{"rendered":"<p>Ideal para diversos reparos, a cola instant\u00e2nea em gel Super Bonder \u00e9 uma ajuda indispens\u00e1vel para ter em casa! Com tampa anti-entupimento, \u00e9 indicada para colar materiais porosos, borracha, couro, madeira, metal, porcelana, papel pl\u00e1stico e muito mais. Sua composi\u00e7\u00e3o mais consistente facilita a aplica\u00e7\u00e3o na vertical e tamb\u00e9m em superf\u00edcies flex\u00edveis.<\/p>\n","protected":false},"excerpt":{"rendered":"<h4 style=\"margin: 0px;padding: 0px 0px 16px;font-family: Lato, sans-serif;font-weight: bold;line-height: 3rem;color: var(--dark-grey3);font-size: 22px;font-style: normal;letter-spacing: normal;text-align: start;text-indent: 0px;text-transform: none\">Informa\u00e7\u00f5es t\u00e9cnicas<\/h4>\n<p><span style=\"margin: 0px;padding: 0px;font-weight: 450;font-size: 14px;line-height: 21px;color: var(--dark-grey2);font-family: Lato, sans-serif;font-style: normal;letter-spacing: normal;text-align: start;text-indent: 0px;text-transform: none\">Produto: Cola Instant\u00e2nea<br \/>\nMarca: Super Bonder<br \/>\nComposi\u00e7\u00e3o: A base de borracha<br \/>\nConte\u00fado: 2g<br \/>\nCaracter\u00edsticas: Transparente<br \/>\nSem solventes<br \/>\nTampa com pino anti entupimento<br \/>\nN\u00e3o escorre<br \/>\nGel<br \/>\nResistente a choque e \u00e1gua<br \/>\nExtra forte<br \/>\nSecagem r\u00e1pida<br \/>\nItens inclusos: 1 Cola Instant\u00e2nea<br \/>\n<\/span><\/p>\n","protected":false},"featured_media":24987,"template":"","meta":{"_joinchat":[]},"product_brand":[],"product_cat":[162],"product_tag":[],"class_list":{"0":"post-19078","1":"product","2":"type-product","3":"status-publish","4":"has-post-thumbnail","6":"product_cat-colas-e-cia","8":"first","9":"instock","10":"shipping-taxable","11":"purchasable","12":"product-type-simple"},"_links":{"self":[{"href":"https:\/\/www.multicasa.com.br\/cuiaba\/wp-json\/wp\/v2\/product\/19078","targetHints":{"allow":["GET"]}}],"collection":[{"href":"https:\/\/www.multicasa.com.br\/cuiaba\/wp-json\/wp\/v2\/product"}],"about":[{"href":"https:\/\/www.multicasa.com.br\/cuiaba\/wp-json\/wp\/v2\/types\/product"}],"wp:featuredmedia":[{"embeddable":true,"href":"https:\/\/www.multicasa.com.br\/cuiaba\/wp-json\/wp\/v2\/media\/24987"}],"wp:attachment":[{"href":"https:\/\/www.multicasa.com.br\/cuiaba\/wp-json\/wp\/v2\/media?parent=19078"}],"wp:term":[{"taxonomy":"product_brand","embeddable":true,"href":"https:\/\/www.multicasa.com.br\/cuiaba\/wp-json\/wp\/v2\/product_brand?post=19078"},{"taxonomy":"product_cat","embeddable":true,"href":"https:\/\/www.multicasa.com.br\/cuiaba\/wp-json\/wp\/v2\/product_cat?post=19078"},{"taxonomy":"product_tag","embeddable":true,"href":"https:\/\/www.multicasa.com.br\/cuiaba\/wp-json\/wp\/v2\/product_tag?post=19078"}],"curies":[{"name":"wp","href":"https:\/\/api.w.org\/{rel}","templated":true}]}}