{"id":19208,"date":"2025-06-20T19:43:41","date_gmt":"2025-06-20T23:43:41","guid":{"rendered":"http:\/\/www.multicasa.com.br\/cuiaba\/?post_type=product&#038;p=19208"},"modified":"2026-04-18T08:20:54","modified_gmt":"2026-04-18T12:20:54","slug":"fita-adesiva-silver-tape-multiuso-prata-scotch-3m-45mmx5m","status":"publish","type":"product","link":"https:\/\/www.multicasa.com.br\/cuiaba\/produto\/fita-adesiva-silver-tape-multiuso-prata-scotch-3m-45mmx5m\/","title":{"rendered":"Fita Adesiva Silver Tape Multiuso Prata Scotch 3M &#8211; 45mmx5m<br>SKU: 1092413"},"content":{"rendered":"<p>Fita Adesiva Silver Tape Multiuso Scotch 3M, ideal para objetos flex\u00edveis, r\u00edgidos e diversos, \u00e9 uma solu\u00e7\u00e3o muito utilizada para manuten\u00e7\u00f5es em geral. Muito mais resistente \u00e0 ruptura e a a\u00e7\u00e3o da \u00e1gua, \u00e9 perfeita para trabalhos de reparo e outros trabalhos em geral.<br \/>\nNa cor prata e com dimens\u00f5es de 45mm x 5m.<\/p>\n","protected":false},"excerpt":{"rendered":"<h4 style=\"margin: 0px;padding: 0px 0px 16px;font-family: Lato, sans-serif;font-weight: bold;line-height: 3rem;color: var(--dark-grey3);font-size: 22px;font-style: normal;letter-spacing: normal;text-align: start;text-indent: 0px;text-transform: none\">Informa\u00e7\u00f5es t\u00e9cnicas<\/h4>\n<p><span style=\"margin: 0px;padding: 0px;font-weight: 450;font-size: 14px;line-height: 21px;color: var(--dark-grey2);font-family: Lato, sans-serif;font-style: normal;letter-spacing: normal;text-align: start;text-indent: 0px;text-transform: none\">Produto: Fita Adesiva<br \/>\nMarca: 3M<br \/>\nMaterial: Filme polietileno refor\u00e7ado<br \/>\nTecido algod\u00e3o<br \/>\nAdesivo em resina e borracha<br \/>\nCor: Prata<br \/>\nCaracter\u00edsticas: Flex\u00edveis<br \/>\nResistente a ruptura e a\u00e7\u00e3o de \u00e1gua<br \/>\nItens Inclusos: 1 Fita Adesiva<br \/>\nDimens\u00f5es do produto (A X C): 45mm x 5m<br \/>\n<\/span><\/p>\n","protected":false},"featured_media":19278,"template":"","meta":{"_joinchat":[]},"product_brand":[],"product_cat":[162],"product_tag":[],"class_list":{"0":"post-19208","1":"product","2":"type-product","3":"status-publish","4":"has-post-thumbnail","6":"product_cat-colas-e-cia","8":"first","9":"instock","10":"shipping-taxable","11":"purchasable","12":"product-type-simple"},"_links":{"self":[{"href":"https:\/\/www.multicasa.com.br\/cuiaba\/wp-json\/wp\/v2\/product\/19208","targetHints":{"allow":["GET"]}}],"collection":[{"href":"https:\/\/www.multicasa.com.br\/cuiaba\/wp-json\/wp\/v2\/product"}],"about":[{"href":"https:\/\/www.multicasa.com.br\/cuiaba\/wp-json\/wp\/v2\/types\/product"}],"wp:featuredmedia":[{"embeddable":true,"href":"https:\/\/www.multicasa.com.br\/cuiaba\/wp-json\/wp\/v2\/media\/19278"}],"wp:attachment":[{"href":"https:\/\/www.multicasa.com.br\/cuiaba\/wp-json\/wp\/v2\/media?parent=19208"}],"wp:term":[{"taxonomy":"product_brand","embeddable":true,"href":"https:\/\/www.multicasa.com.br\/cuiaba\/wp-json\/wp\/v2\/product_brand?post=19208"},{"taxonomy":"product_cat","embeddable":true,"href":"https:\/\/www.multicasa.com.br\/cuiaba\/wp-json\/wp\/v2\/product_cat?post=19208"},{"taxonomy":"product_tag","embeddable":true,"href":"https:\/\/www.multicasa.com.br\/cuiaba\/wp-json\/wp\/v2\/product_tag?post=19208"}],"curies":[{"name":"wp","href":"https:\/\/api.w.org\/{rel}","templated":true}]}}