{"id":19210,"date":"2025-06-20T19:43:41","date_gmt":"2025-06-20T23:43:41","guid":{"rendered":"http:\/\/www.multicasa.com.br\/cuiaba\/?post_type=product&#038;p=19210"},"modified":"2026-04-07T11:51:33","modified_gmt":"2026-04-07T15:51:33","slug":"cortador-e-fatiador-de-legumes-dupla-face-plastico-keita","status":"publish","type":"product","link":"https:\/\/www.multicasa.com.br\/cuiaba\/produto\/cortador-e-fatiador-de-legumes-dupla-face-plastico-keita\/","title":{"rendered":"Cortador e Fatiador de Legumes Dupla Face Pl\u00e1stico Keita<br>SKU: 1212710"},"content":{"rendered":"<p>O Cortador e fatiador de legumes Keita \u00e9 ideal para legumes, verduras e queijos. Em pl\u00e1stico branco \u00e9 vers\u00e1til, possui duas faces com l\u00e2minas em a\u00e7o inox: uma para cortar em rodelas e outra para desfiar.<\/p>\n","protected":false},"excerpt":{"rendered":"<h4 style=\"margin: 0px;padding: 0px 0px 16px;font-family: Lato, sans-serif;font-weight: bold;line-height: 3rem;color: var(--dark-grey3);font-size: 22px;font-style: normal;letter-spacing: normal;text-align: start;text-indent: 0px;text-transform: none\">Informa\u00e7\u00f5es t\u00e9cnicas<\/h4>\n<p><span style=\"margin: 0px;padding: 0px;font-weight: 450;font-size: 14px;line-height: 21px;color: var(--dark-grey2);font-family: Lato, sans-serif;font-style: normal;letter-spacing: normal;text-align: start;text-indent: 0px;text-transform: none\">Produto: Fatiador<br \/>\nMarca: Keita<br \/>\nMaterial: Pl\u00e1stico, a\u00e7o Inox<br \/>\nCor: Branco<br \/>\nCaracter\u00edsticas: Fatia rala, desfia<br \/>\nItens Inclusos: 1 fatiador<br \/>\nDimens\u00f5es do produto (A x L x P): 24 x 8 x 3cm<\/span><\/p>\n","protected":false},"featured_media":25037,"template":"","meta":{"_joinchat":[]},"product_brand":[],"product_cat":[93],"product_tag":[],"class_list":{"0":"post-19210","1":"product","2":"type-product","3":"status-publish","4":"has-post-thumbnail","6":"product_cat-utensilios-para-cozinha","8":"first","9":"instock","10":"shipping-taxable","11":"purchasable","12":"product-type-simple"},"_links":{"self":[{"href":"https:\/\/www.multicasa.com.br\/cuiaba\/wp-json\/wp\/v2\/product\/19210","targetHints":{"allow":["GET"]}}],"collection":[{"href":"https:\/\/www.multicasa.com.br\/cuiaba\/wp-json\/wp\/v2\/product"}],"about":[{"href":"https:\/\/www.multicasa.com.br\/cuiaba\/wp-json\/wp\/v2\/types\/product"}],"wp:featuredmedia":[{"embeddable":true,"href":"https:\/\/www.multicasa.com.br\/cuiaba\/wp-json\/wp\/v2\/media\/25037"}],"wp:attachment":[{"href":"https:\/\/www.multicasa.com.br\/cuiaba\/wp-json\/wp\/v2\/media?parent=19210"}],"wp:term":[{"taxonomy":"product_brand","embeddable":true,"href":"https:\/\/www.multicasa.com.br\/cuiaba\/wp-json\/wp\/v2\/product_brand?post=19210"},{"taxonomy":"product_cat","embeddable":true,"href":"https:\/\/www.multicasa.com.br\/cuiaba\/wp-json\/wp\/v2\/product_cat?post=19210"},{"taxonomy":"product_tag","embeddable":true,"href":"https:\/\/www.multicasa.com.br\/cuiaba\/wp-json\/wp\/v2\/product_tag?post=19210"}],"curies":[{"name":"wp","href":"https:\/\/api.w.org\/{rel}","templated":true}]}}