{"id":19227,"date":"2025-06-20T19:44:04","date_gmt":"2025-06-20T23:44:04","guid":{"rendered":"http:\/\/www.multicasa.com.br\/cuiaba\/?post_type=product&#038;p=19227"},"modified":"2026-03-31T16:00:15","modified_gmt":"2026-03-31T20:00:15","slug":"reparo-de-abas-para-caixa-de-luz-marcai-4x2","status":"publish","type":"product","link":"https:\/\/www.multicasa.com.br\/cuiaba\/produto\/reparo-de-abas-para-caixa-de-luz-marcai-4x2\/","title":{"rendered":"Reparo de Abas para Caixa de Luz Marcai 4&#215;2<br>SKU: 1217410"},"content":{"rendered":"<p>O Reparo de Abas para Caixa de Luz marcai 4&#215;2 \u00e9 a solu\u00e7\u00e3o perfeita para voc\u00ea n\u00e3o ter que quebrar a parede quando a aba da caixinha de luz quebra. \u00c9 instalado no interior da caixinha e serve tamb\u00e9m para quando a aba da caixinha de ferro estiver quebrada ou danificada. utilizado na fixa\u00e7\u00e3o de tomadas, espelhos, interruptores em caixinhas de luz 4&#215;2 que possuem abas quebradas, tirando a necessidade de trocar a caixa.<\/p>\n","protected":false},"excerpt":{"rendered":"<h4 style=\"margin: 0px;padding: 0px 0px 16px;font-family: Lato, sans-serif;font-weight: bold;line-height: 3rem;color: var(--dark-grey3);font-size: 22px;font-style: normal;letter-spacing: normal;text-align: start;text-indent: 0px;text-transform: none\">Informa\u00e7\u00f5es t\u00e9cnicas<\/h4>\n<p><span style=\"margin: 0px;padding: 0px;font-weight: 450;font-size: 14px;line-height: 21px;color: var(--dark-grey2);font-family: Lato, sans-serif;font-style: normal;letter-spacing: normal;text-align: start;text-indent: 0px;text-transform: none\">Produto: Reparo de Abas<br \/>\nMarca: Marcai<br \/>\nMaterial: Metal<br \/>\nCor: Prata<br \/>\nCaracter\u00edsticas: 4&#215;2<br \/>\nInstalado no interior da caixinha<br \/>\nItens inclusos: Reparo de Abas<br \/>\nDimens\u00f5es do produto (A X L X P): 2 x 5 x 2cm<br \/>\n<\/span><\/p>\n","protected":false},"featured_media":19284,"template":"","meta":{"_joinchat":[]},"product_brand":[],"product_cat":[119],"product_tag":[],"class_list":{"0":"post-19227","1":"product","2":"type-product","3":"status-publish","4":"has-post-thumbnail","6":"product_cat-materiais-eletricos","8":"first","9":"instock","10":"shipping-taxable","11":"purchasable","12":"product-type-simple"},"_links":{"self":[{"href":"https:\/\/www.multicasa.com.br\/cuiaba\/wp-json\/wp\/v2\/product\/19227","targetHints":{"allow":["GET"]}}],"collection":[{"href":"https:\/\/www.multicasa.com.br\/cuiaba\/wp-json\/wp\/v2\/product"}],"about":[{"href":"https:\/\/www.multicasa.com.br\/cuiaba\/wp-json\/wp\/v2\/types\/product"}],"wp:featuredmedia":[{"embeddable":true,"href":"https:\/\/www.multicasa.com.br\/cuiaba\/wp-json\/wp\/v2\/media\/19284"}],"wp:attachment":[{"href":"https:\/\/www.multicasa.com.br\/cuiaba\/wp-json\/wp\/v2\/media?parent=19227"}],"wp:term":[{"taxonomy":"product_brand","embeddable":true,"href":"https:\/\/www.multicasa.com.br\/cuiaba\/wp-json\/wp\/v2\/product_brand?post=19227"},{"taxonomy":"product_cat","embeddable":true,"href":"https:\/\/www.multicasa.com.br\/cuiaba\/wp-json\/wp\/v2\/product_cat?post=19227"},{"taxonomy":"product_tag","embeddable":true,"href":"https:\/\/www.multicasa.com.br\/cuiaba\/wp-json\/wp\/v2\/product_tag?post=19227"}],"curies":[{"name":"wp","href":"https:\/\/api.w.org\/{rel}","templated":true}]}}