{"id":19234,"date":"2025-06-20T19:44:05","date_gmt":"2025-06-20T23:44:05","guid":{"rendered":"http:\/\/www.multicasa.com.br\/cuiaba\/?post_type=product&#038;p=19234"},"modified":"2026-04-20T15:50:55","modified_gmt":"2026-04-20T19:50:55","slug":"fita-isolante-scotch-3m-19mmx20m","status":"publish","type":"product","link":"https:\/\/www.multicasa.com.br\/cuiaba\/produto\/fita-isolante-scotch-3m-19mmx20m\/","title":{"rendered":"Fita Isolante Scotch 3M &#8211; 19mmx20m<br>SKU: 1670611"},"content":{"rendered":"<p>A Fita Isolante Scotch 3M tem alta performance de isola\u00e7\u00e3o e alta resist\u00eancia mec\u00e2nica na instala\u00e7\u00e3o el\u00e9trica. Faz a isola\u00e7\u00e3o de fios e cabos el\u00e9tricos de at\u00e9 750v, cobertura final em emendas e termina\u00e7\u00f5es, formando capa protetora altamente resistente a abras\u00e3o e atua como camada protetora contra raios ultravioleta, al\u00e9m de ser antichamas. Produzida em pvc na cor preto, com dimens\u00f5es de 19mm de largura por 20m de comprimento.<\/p>\n","protected":false},"excerpt":{"rendered":"<h4 style=\"margin: 0px;padding: 0px 0px 16px;font-family: Lato, sans-serif;font-weight: bold;line-height: 3rem;color: var(--dark-grey3);font-size: 22px;font-style: normal;letter-spacing: normal;text-align: start;text-indent: 0px;text-transform: none\">Informa\u00e7\u00f5es t\u00e9cnicas<\/h4>\n<p><span style=\"margin: 0px;padding: 0px;font-weight: 450;font-size: 14px;line-height: 21px;color: var(--dark-grey2);font-family: Lato, sans-serif;font-style: normal;letter-spacing: normal;text-align: start;text-indent: 0px;text-transform: none\">Produto: Fita Isolante<br \/>\nModelo: Scotch<br \/>\nMarca: 3M<br \/>\nMaterial: Fabricada em PVC<br \/>\nCor: Preta<br \/>\nCaracter\u00edsticas: Indicada para conex\u00f5es e instala\u00e7\u00f5es el\u00e9tricas<br \/>\nTens\u00e3o m\u00e1xima recomendada 750v<br \/>\nItens inclusos: 1 Fita isolante<br \/>\nDimens\u00f5es do produto (L X C): 19mm x 20m<br \/>\n<\/span><\/p>\n","protected":false},"featured_media":19303,"template":"","meta":{"_joinchat":[]},"product_brand":[],"product_cat":[119],"product_tag":[],"class_list":{"0":"post-19234","1":"product","2":"type-product","3":"status-publish","4":"has-post-thumbnail","6":"product_cat-materiais-eletricos","8":"first","9":"instock","10":"shipping-taxable","11":"purchasable","12":"product-type-simple"},"_links":{"self":[{"href":"https:\/\/www.multicasa.com.br\/cuiaba\/wp-json\/wp\/v2\/product\/19234","targetHints":{"allow":["GET"]}}],"collection":[{"href":"https:\/\/www.multicasa.com.br\/cuiaba\/wp-json\/wp\/v2\/product"}],"about":[{"href":"https:\/\/www.multicasa.com.br\/cuiaba\/wp-json\/wp\/v2\/types\/product"}],"wp:featuredmedia":[{"embeddable":true,"href":"https:\/\/www.multicasa.com.br\/cuiaba\/wp-json\/wp\/v2\/media\/19303"}],"wp:attachment":[{"href":"https:\/\/www.multicasa.com.br\/cuiaba\/wp-json\/wp\/v2\/media?parent=19234"}],"wp:term":[{"taxonomy":"product_brand","embeddable":true,"href":"https:\/\/www.multicasa.com.br\/cuiaba\/wp-json\/wp\/v2\/product_brand?post=19234"},{"taxonomy":"product_cat","embeddable":true,"href":"https:\/\/www.multicasa.com.br\/cuiaba\/wp-json\/wp\/v2\/product_cat?post=19234"},{"taxonomy":"product_tag","embeddable":true,"href":"https:\/\/www.multicasa.com.br\/cuiaba\/wp-json\/wp\/v2\/product_tag?post=19234"}],"curies":[{"name":"wp","href":"https:\/\/api.w.org\/{rel}","templated":true}]}}