{"id":19235,"date":"2025-06-20T19:44:05","date_gmt":"2025-06-20T23:44:05","guid":{"rendered":"http:\/\/www.multicasa.com.br\/cuiaba\/?post_type=product&#038;p=19235"},"modified":"2026-04-07T11:51:37","modified_gmt":"2026-04-07T15:51:37","slug":"massa-durepoxi-loctite-50g","status":"publish","type":"product","link":"https:\/\/www.multicasa.com.br\/cuiaba\/produto\/massa-durepoxi-loctite-50g\/","title":{"rendered":"Massa Durepoxi Loctite 50g<br>SKU: 1675311"},"content":{"rendered":"<p>Massa Durepoxi Loctite 50g para colagens e reparos transparentes e altamente resistentes. Ideal para constru\u00e7\u00f5es pesadas ou uso mais corriqueiro, como colagens de cer\u00e2mica, madeira, vidro, metais e at\u00e9 peda\u00e7os de concreto. Pode tamb\u00e9m ser usado como preenchimento, resiste a altas temperaturas de 50\u00b0c a 150\u00b0c e endurece em duas horas.<\/p>\n","protected":false},"excerpt":{"rendered":"<h4 style=\"margin: 0px;padding: 0px 0px 16px;font-family: Lato, sans-serif;font-weight: bold;line-height: 3rem;color: var(--dark-grey3);font-size: 22px;font-style: normal;letter-spacing: normal;text-align: start;text-indent: 0px;text-transform: none\">Informa\u00e7\u00f5es t\u00e9cnicas<\/h4>\n<p><span style=\"margin: 0px;padding: 0px;font-weight: 450;font-size: 14px;line-height: 21px;color: var(--dark-grey2);font-family: Lato, sans-serif;font-style: normal;letter-spacing: normal;text-align: start;text-indent: 0px;text-transform: none\">Produto: Massa Durepoxi<br \/>\nMarca: Loctite<br \/>\nComposi\u00e7\u00e3o: \u00c0 base de resina ep\u00f3xi<br \/>\nPoliamida<br \/>\nCargas minerais<br \/>\nConte\u00fado: 50g<br \/>\nCaracter\u00edsticas: Resiste a altas temperaturas de 50\u00b0 a 150\u00b0C<br \/>\nEndurece em 2 horas<br \/>\nPode ser usado como preenchimento<br \/>\nItens Inclusos: 1 massa Durepoxi<br \/>\n<\/span><\/p>\n","protected":false},"featured_media":25552,"template":"","meta":{"_joinchat":[]},"product_brand":[],"product_cat":[162],"product_tag":[],"class_list":{"0":"post-19235","1":"product","2":"type-product","3":"status-publish","4":"has-post-thumbnail","6":"product_cat-colas-e-cia","8":"first","9":"instock","10":"shipping-taxable","11":"purchasable","12":"product-type-simple"},"_links":{"self":[{"href":"https:\/\/www.multicasa.com.br\/cuiaba\/wp-json\/wp\/v2\/product\/19235","targetHints":{"allow":["GET"]}}],"collection":[{"href":"https:\/\/www.multicasa.com.br\/cuiaba\/wp-json\/wp\/v2\/product"}],"about":[{"href":"https:\/\/www.multicasa.com.br\/cuiaba\/wp-json\/wp\/v2\/types\/product"}],"wp:featuredmedia":[{"embeddable":true,"href":"https:\/\/www.multicasa.com.br\/cuiaba\/wp-json\/wp\/v2\/media\/25552"}],"wp:attachment":[{"href":"https:\/\/www.multicasa.com.br\/cuiaba\/wp-json\/wp\/v2\/media?parent=19235"}],"wp:term":[{"taxonomy":"product_brand","embeddable":true,"href":"https:\/\/www.multicasa.com.br\/cuiaba\/wp-json\/wp\/v2\/product_brand?post=19235"},{"taxonomy":"product_cat","embeddable":true,"href":"https:\/\/www.multicasa.com.br\/cuiaba\/wp-json\/wp\/v2\/product_cat?post=19235"},{"taxonomy":"product_tag","embeddable":true,"href":"https:\/\/www.multicasa.com.br\/cuiaba\/wp-json\/wp\/v2\/product_tag?post=19235"}],"curies":[{"name":"wp","href":"https:\/\/api.w.org\/{rel}","templated":true}]}}