{"id":19292,"date":"2025-06-20T19:44:56","date_gmt":"2025-06-20T23:44:56","guid":{"rendered":"http:\/\/www.multicasa.com.br\/cuiaba\/?post_type=product&#038;p=19292"},"modified":"2026-04-17T15:50:38","modified_gmt":"2026-04-17T19:50:38","slug":"fita-crepe-tekbond-18mmx50m","status":"publish","type":"product","link":"https:\/\/www.multicasa.com.br\/cuiaba\/produto\/fita-crepe-tekbond-18mmx50m\/","title":{"rendered":"Fita Crepe Tekbond 18mmx50m<br>SKU: 2007101"},"content":{"rendered":"<p>A Fita Crepe Tekbond \u00e9 adequada para montagem de chapas de impress\u00e3o, decora\u00e7\u00e3o, pintura e uma infinidade de outras utilidades. Ela descola facilmente, n\u00e3o deixa res\u00edduos e \u00e9 super dur\u00e1vel. Para utilizar limpe bem as superf\u00edcies, isentando-as de sujeira e oleosidade, depois aplique a fita no local desejado, cortando no tamanho que preferir.<br \/>\nA fita tekbond \u00e9 resistente ao sol e \u00e0 umidade, de f\u00e1cil remo\u00e7\u00e3o em at\u00e9 24h e ideal para trabalhos de pintura, manuten\u00e7\u00e3o e acabamento.<\/p>\n","protected":false},"excerpt":{"rendered":"<h4 style=\"margin: 0px;padding: 0px 0px 16px;font-family: Lato, sans-serif;font-weight: bold;line-height: 3rem;color: var(--dark-grey3);font-size: 22px;font-style: normal;letter-spacing: normal;text-align: start;text-indent: 0px;text-transform: none\">Informa\u00e7\u00f5es t\u00e9cnicas<\/h4>\n<p><span style=\"margin: 0px;padding: 0px;font-weight: 450;font-size: 14px;line-height: 21px;color: var(--dark-grey2);font-family: Lato, sans-serif;font-style: normal;letter-spacing: normal;text-align: start;text-indent: 0px;text-transform: none\">Produto: Fita Crepe<br \/>\nMarca: Tekbond<br \/>\nMaterial: Papel crepado<br \/>\nResina de borracha<br \/>\nCor: Branco<br \/>\nCaracter\u00edsticas: Resistente \u00e0 sol e umidade<br \/>\nDe f\u00e1cil remo\u00e7\u00e3o em at\u00e9 24h<br \/>\nutilizado em trabalhos de pintura<br \/>\nItens Inclusos: 1 Fita Crepe<br \/>\nDimens\u00f5es do produto (A X C): 18mm x 50m<br \/>\n<\/span><\/p>\n","protected":false},"featured_media":19370,"template":"","meta":{"_joinchat":[]},"product_brand":[],"product_cat":[162],"product_tag":[],"class_list":{"0":"post-19292","1":"product","2":"type-product","3":"status-publish","4":"has-post-thumbnail","6":"product_cat-colas-e-cia","8":"first","9":"instock","10":"shipping-taxable","11":"purchasable","12":"product-type-simple"},"_links":{"self":[{"href":"https:\/\/www.multicasa.com.br\/cuiaba\/wp-json\/wp\/v2\/product\/19292","targetHints":{"allow":["GET"]}}],"collection":[{"href":"https:\/\/www.multicasa.com.br\/cuiaba\/wp-json\/wp\/v2\/product"}],"about":[{"href":"https:\/\/www.multicasa.com.br\/cuiaba\/wp-json\/wp\/v2\/types\/product"}],"wp:featuredmedia":[{"embeddable":true,"href":"https:\/\/www.multicasa.com.br\/cuiaba\/wp-json\/wp\/v2\/media\/19370"}],"wp:attachment":[{"href":"https:\/\/www.multicasa.com.br\/cuiaba\/wp-json\/wp\/v2\/media?parent=19292"}],"wp:term":[{"taxonomy":"product_brand","embeddable":true,"href":"https:\/\/www.multicasa.com.br\/cuiaba\/wp-json\/wp\/v2\/product_brand?post=19292"},{"taxonomy":"product_cat","embeddable":true,"href":"https:\/\/www.multicasa.com.br\/cuiaba\/wp-json\/wp\/v2\/product_cat?post=19292"},{"taxonomy":"product_tag","embeddable":true,"href":"https:\/\/www.multicasa.com.br\/cuiaba\/wp-json\/wp\/v2\/product_tag?post=19292"}],"curies":[{"name":"wp","href":"https:\/\/api.w.org\/{rel}","templated":true}]}}