{"id":19310,"date":"2025-06-20T19:45:18","date_gmt":"2025-06-20T23:45:18","guid":{"rendered":"http:\/\/www.multicasa.com.br\/cuiaba\/?post_type=product&#038;p=19310"},"modified":"2026-03-28T12:32:25","modified_gmt":"2026-03-28T16:32:25","slug":"fita-dupla-face-12mmx15m-branca-tekbond","status":"publish","type":"product","link":"https:\/\/www.multicasa.com.br\/cuiaba\/produto\/fita-dupla-face-12mmx15m-branca-tekbond\/","title":{"rendered":"Fita Dupla Face 12MMX1,5M Branca Tekbond<br>SKU: 2007109"},"content":{"rendered":"<p>A Fita Fixa Tudo Espuma Tekbond foi desenvolvida para promover uma fixa\u00e7\u00e3o ultra forte de maneira f\u00e1cil, r\u00e1pida e segura. Ela \u00e9 pr\u00e1tica e excelente aquisi\u00e7\u00e3o para pequenos reparos no dia a dia. Ela \u00e9 pr\u00e1tica e excelente aquisi\u00e7\u00e3o para pequenos reparos no dia a dia.<\/p>\n","protected":false},"excerpt":{"rendered":"<h4 style=\"margin: 0px;padding: 0px 0px 16px;font-family: Lato, sans-serif;font-weight: bold;line-height: 3rem;color: var(--dark-grey3);font-size: 22px;font-style: normal;letter-spacing: normal;text-align: start;text-indent: 0px;text-transform: none\">Informa\u00e7\u00f5es t\u00e9cnicas<\/h4>\n<p><span style=\"margin: 0px;padding: 0px;font-weight: 450;font-size: 14px;line-height: 21px;color: var(--dark-grey2);font-family: Lato, sans-serif;font-style: normal;letter-spacing: normal;text-align: start;text-indent: 0px;text-transform: none\">Uso da Fita: Fixar<br \/>\n\u00c1reas Indicadas: Externas e Internas<br \/>\nBenef\u00edcios do N\u00edvel de Qualidade: Ideal para superficies com pequenas imperfei\u00e7\u00f5es<br \/>\nSuperf\u00edcie a ser Aplicada: Uso Geral<br \/>\nProduto: Fita Dupla Face<br \/>\nCor: Branco<br \/>\nMarca: Tek Bond<br \/>\nAltura: 12,00 mm<br \/>\nComprimento: 1,50 m<br \/>\nComposi\u00e7\u00e3o do Material: Espuma<br \/>\nArmazenamento: Mantenha o produto em local seco e arejado, em temperatura ambiente ao abrigo da luz, longe de calor excessivo, Fora do alcance decrian\u00e7as e animais dom\u00e9sticos.<br \/>\nRefer\u00eancia do Produto: 2.115.10.121.02<br \/>\nAviso: N\u00e3o aplicar em locais com a presen\u00e7a de solventes. N\u00e3o \u00e9 recomendada para aplica\u00e7\u00e3o em pap\u00e9is de parede. N\u00e3o recomendamos a sobreposi\u00e7\u00e3o de peda\u00e7os de fitas. N\u00e3o recomendado para aplica\u00e7\u00f5es estruturais.<br \/>\nCaracter\u00edstica Adicional: Fita a base de filme polietileno e adesivo acr\u00edlico.<\/span><\/p>\n","protected":false},"featured_media":25203,"template":"","meta":{"_joinchat":[]},"product_brand":[],"product_cat":[162],"product_tag":[],"class_list":{"0":"post-19310","1":"product","2":"type-product","3":"status-publish","4":"has-post-thumbnail","6":"product_cat-colas-e-cia","8":"first","9":"instock","10":"shipping-taxable","11":"purchasable","12":"product-type-simple"},"_links":{"self":[{"href":"https:\/\/www.multicasa.com.br\/cuiaba\/wp-json\/wp\/v2\/product\/19310","targetHints":{"allow":["GET"]}}],"collection":[{"href":"https:\/\/www.multicasa.com.br\/cuiaba\/wp-json\/wp\/v2\/product"}],"about":[{"href":"https:\/\/www.multicasa.com.br\/cuiaba\/wp-json\/wp\/v2\/types\/product"}],"wp:featuredmedia":[{"embeddable":true,"href":"https:\/\/www.multicasa.com.br\/cuiaba\/wp-json\/wp\/v2\/media\/25203"}],"wp:attachment":[{"href":"https:\/\/www.multicasa.com.br\/cuiaba\/wp-json\/wp\/v2\/media?parent=19310"}],"wp:term":[{"taxonomy":"product_brand","embeddable":true,"href":"https:\/\/www.multicasa.com.br\/cuiaba\/wp-json\/wp\/v2\/product_brand?post=19310"},{"taxonomy":"product_cat","embeddable":true,"href":"https:\/\/www.multicasa.com.br\/cuiaba\/wp-json\/wp\/v2\/product_cat?post=19310"},{"taxonomy":"product_tag","embeddable":true,"href":"https:\/\/www.multicasa.com.br\/cuiaba\/wp-json\/wp\/v2\/product_tag?post=19310"}],"curies":[{"name":"wp","href":"https:\/\/api.w.org\/{rel}","templated":true}]}}