{"id":19392,"date":"2025-06-20T19:46:30","date_gmt":"2025-06-20T23:46:30","guid":{"rendered":"http:\/\/www.multicasa.com.br\/cuiaba\/?post_type=product&#038;p=19392"},"modified":"2026-04-18T10:20:52","modified_gmt":"2026-04-18T14:20:52","slug":"agulha-para-desentupir-fogao-em-inox-multi-uso-2-unidades","status":"publish","type":"product","link":"https:\/\/www.multicasa.com.br\/cuiaba\/produto\/agulha-para-desentupir-fogao-em-inox-multi-uso-2-unidades\/","title":{"rendered":"Agulha para Desentupir Fog\u00e3o em Inox Multi Uso 2 unidades<br>SKU: 2023356"},"content":{"rendered":"<p>Use as Agulhas de Desentupir Fog\u00e3o em Inox para limpar as bocas do seu fog\u00e3o e forno \u00e0 g\u00e1s, removendo res\u00edduos que se acumulam e garantindo a performance da chama. S\u00e3o 2 unidades que medem 14 cm e t\u00eam cabo pl\u00e1stico para facilitar o manuseio e atingir boas profundidades, otimizando o servi\u00e7o de limpeza. Tenha o melhor desempenho do seu eletrodom\u00e9stico.<\/p>\n","protected":false},"excerpt":{"rendered":"<h4 style=\"margin: 0px;padding: 0px 0px 16px;font-family: Lato, sans-serif;font-weight: bold;line-height: 3rem;color: var(--dark-grey3);font-size: 22px;font-style: normal;letter-spacing: normal;text-align: start;text-indent: 0px;text-transform: none\">Informa\u00e7\u00f5es t\u00e9cnicas<\/h4>\n<p><span style=\"margin: 0px;padding: 0px;font-weight: 450;font-size: 14px;line-height: 21px;color: var(--dark-grey2);font-family: Lato, sans-serif;font-style: normal;letter-spacing: normal;text-align: start;text-indent: 0px;text-transform: none\">Produto: Agulha para Desentupir Fog\u00e3o<br \/>\nMarca: Multi Uso<br \/>\nMaterial: ponta de Inox<br \/>\ncabo de Pl\u00e1stico<br \/>\nCor: preto, vermelho<br \/>\nItens Inclusos: 2 Agulhas para desentupir fog\u00e3o<br \/>\nDimens\u00f5es do produto (A): 14cm<br \/>\n<\/span><\/p>\n","protected":false},"featured_media":19474,"template":"","meta":{"_joinchat":[]},"product_brand":[],"product_cat":[93],"product_tag":[],"class_list":{"0":"post-19392","1":"product","2":"type-product","3":"status-publish","4":"has-post-thumbnail","6":"product_cat-utensilios-para-cozinha","8":"first","9":"instock","10":"shipping-taxable","11":"purchasable","12":"product-type-simple"},"_links":{"self":[{"href":"https:\/\/www.multicasa.com.br\/cuiaba\/wp-json\/wp\/v2\/product\/19392","targetHints":{"allow":["GET"]}}],"collection":[{"href":"https:\/\/www.multicasa.com.br\/cuiaba\/wp-json\/wp\/v2\/product"}],"about":[{"href":"https:\/\/www.multicasa.com.br\/cuiaba\/wp-json\/wp\/v2\/types\/product"}],"wp:featuredmedia":[{"embeddable":true,"href":"https:\/\/www.multicasa.com.br\/cuiaba\/wp-json\/wp\/v2\/media\/19474"}],"wp:attachment":[{"href":"https:\/\/www.multicasa.com.br\/cuiaba\/wp-json\/wp\/v2\/media?parent=19392"}],"wp:term":[{"taxonomy":"product_brand","embeddable":true,"href":"https:\/\/www.multicasa.com.br\/cuiaba\/wp-json\/wp\/v2\/product_brand?post=19392"},{"taxonomy":"product_cat","embeddable":true,"href":"https:\/\/www.multicasa.com.br\/cuiaba\/wp-json\/wp\/v2\/product_cat?post=19392"},{"taxonomy":"product_tag","embeddable":true,"href":"https:\/\/www.multicasa.com.br\/cuiaba\/wp-json\/wp\/v2\/product_tag?post=19392"}],"curies":[{"name":"wp","href":"https:\/\/api.w.org\/{rel}","templated":true}]}}