{"id":19495,"date":"2025-06-20T19:48:08","date_gmt":"2025-06-20T23:48:08","guid":{"rendered":"http:\/\/www.multicasa.com.br\/cuiaba\/?post_type=product&#038;p=19495"},"modified":"2026-02-07T10:50:22","modified_gmt":"2026-02-07T14:50:22","slug":"cola-instantanea-rendicolla-20g","status":"publish","type":"product","link":"https:\/\/www.multicasa.com.br\/cuiaba\/produto\/cola-instantanea-rendicolla-20g\/","title":{"rendered":"Cola Instant\u00e2nea Rendicolla 20g<br>SKU: 2033972"},"content":{"rendered":"<p>Ideal para diversos reparos, a cola instant\u00e2nea Rendicolla \u00e9 uma ajuda indispens\u00e1vel para ter em casa! Indicada para reparos do dia-a-dia, pode ser usada para colar substratos porosos, artesanatos, metais, pl\u00e1sticos, madeiras, borrachas, EVA, papel e muito mais. Embalagem com 20g. N\u00e3o indicada para tecidos e isopor.<\/p>\n","protected":false},"excerpt":{"rendered":"<h4 style=\"margin: 0px;padding: 0px 0px 16px;font-family: Lato, sans-serif;font-weight: bold;line-height: 3rem;color: var(--dark-grey3);font-size: 22px;font-style: normal;letter-spacing: normal;text-align: start;text-indent: 0px;text-transform: none\">Informa\u00e7\u00f5es t\u00e9cnicas<\/h4>\n<p><span style=\"margin: 0px;padding: 0px;font-weight: 450;font-size: 14px;line-height: 21px;color: var(--dark-grey2);font-family: Lato, sans-serif;font-style: normal;letter-spacing: normal;text-align: start;text-indent: 0px;text-transform: none\">Produto:Cola Instant\u00e2nea<br \/>\nMarca: Rendicolla<br \/>\nComposi\u00e7\u00e3o: \u00c9ster de cianoacrilato<br \/>\nConte\u00fado: 20g<br \/>\nCaracter\u00edsticas: Alta resist\u00eancia<br \/>\nCom bico dosador<br \/>\nSecagem r\u00e1pida<br \/>\nItens inclusos: 1 Cola Instant\u00e2nea<\/span><\/p>\n","protected":false},"featured_media":19555,"template":"","meta":{"_joinchat":[]},"product_brand":[],"product_cat":[162],"product_tag":[],"class_list":{"0":"post-19495","1":"product","2":"type-product","3":"status-publish","4":"has-post-thumbnail","6":"product_cat-colas-e-cia","8":"first","9":"instock","10":"shipping-taxable","11":"purchasable","12":"product-type-simple"},"_links":{"self":[{"href":"https:\/\/www.multicasa.com.br\/cuiaba\/wp-json\/wp\/v2\/product\/19495","targetHints":{"allow":["GET"]}}],"collection":[{"href":"https:\/\/www.multicasa.com.br\/cuiaba\/wp-json\/wp\/v2\/product"}],"about":[{"href":"https:\/\/www.multicasa.com.br\/cuiaba\/wp-json\/wp\/v2\/types\/product"}],"wp:featuredmedia":[{"embeddable":true,"href":"https:\/\/www.multicasa.com.br\/cuiaba\/wp-json\/wp\/v2\/media\/19555"}],"wp:attachment":[{"href":"https:\/\/www.multicasa.com.br\/cuiaba\/wp-json\/wp\/v2\/media?parent=19495"}],"wp:term":[{"taxonomy":"product_brand","embeddable":true,"href":"https:\/\/www.multicasa.com.br\/cuiaba\/wp-json\/wp\/v2\/product_brand?post=19495"},{"taxonomy":"product_cat","embeddable":true,"href":"https:\/\/www.multicasa.com.br\/cuiaba\/wp-json\/wp\/v2\/product_cat?post=19495"},{"taxonomy":"product_tag","embeddable":true,"href":"https:\/\/www.multicasa.com.br\/cuiaba\/wp-json\/wp\/v2\/product_tag?post=19495"}],"curies":[{"name":"wp","href":"https:\/\/api.w.org\/{rel}","templated":true}]}}