{"id":19567,"date":"2025-06-20T19:49:19","date_gmt":"2025-06-20T23:49:19","guid":{"rendered":"http:\/\/www.multicasa.com.br\/cuiaba\/?post_type=product&#038;p=19567"},"modified":"2026-04-14T17:00:19","modified_gmt":"2026-04-14T21:00:19","slug":"fita-antiderrapante-50mmx5m-preta-tekbond","status":"publish","type":"product","link":"https:\/\/www.multicasa.com.br\/cuiaba\/produto\/fita-antiderrapante-50mmx5m-preta-tekbond\/","title":{"rendered":"Fita Antiderrapante 50Mmx5M Preta Tekbond<br>SKU: 2040738"},"content":{"rendered":"<p>A Fita Antiderrapante Tekbond foi desenvolvida para prover uma f\u00e1cil aplica\u00e7\u00e3o e boa resist\u00eancia. Trata-se de uma fita de seguran\u00e7a, indicada para escadas, rampas, degraus e superf\u00edcies lisas ou escorregadias para prevenir quedas e escorreg\u00f5es. S\u00e3o ideais para \u00e1reas de circula\u00e7\u00e3o de pessoas, como \u00e1reas residenciais, hospitais, condom\u00ednios comerciais, escolas, universidades, bancos, Shopping Centers, etc. Podem ser aplicadas em \u00e1reas externas e internas como rampas, escadas, corredores afim de evitar acidentes causados por escorregamentos.<\/p>\n","protected":false},"excerpt":{"rendered":"<h4 style=\"margin: 0px;padding: 0px 0px 16px;font-family: Lato, sans-serif;font-weight: bold;line-height: 3rem;color: var(--dark-grey3);font-size: 22px;font-style: normal;letter-spacing: normal;text-align: start;text-indent: 0px;text-transform: none\">Informa\u00e7\u00f5es t\u00e9cnicas<\/h4>\n<p><span style=\"margin: 0px;padding: 0px;font-weight: 450;font-size: 14px;line-height: 21px;color: var(--dark-grey2);font-family: Lato, sans-serif;font-style: normal;letter-spacing: normal;text-align: start;text-indent: 0px;text-transform: none\">Produto: FITA ANTIDERRAPANTE 50MMX5M<br \/>\nMarca: TEKBOND<br \/>\nMaterial: s\u00edlica, filme de poli\u00e9ster, pol\u00edmero e copol\u00edmero adesivo.<br \/>\nCor: PRETA<br \/>\nCaracter\u00edsticas: fita de seguran\u00e7a, indicada para escadas, rampas, degraus e superf\u00edcies lisas ou escorregadias para prevenir quedas e escorreg\u00f5es.<br \/>\nDimens\u00f5es:<br \/>\n-50MM<br \/>\nEspessura do filme: 800 \u00b5<br \/>\nEspessura do adesivo: 100 \u00b5<br \/>\nEspessura total: 900 \u00b5<br \/>\nCoeficiente de fric\u00e7\u00e3o: Maior que 6 \u00b5<br \/>\nAlongamento: 20 %<br \/>\nResist\u00eancia a tra\u00e7\u00e3o na ruptura: 10 N\/cm<br \/>\nAdes\u00e3o ao a\u00e7o N\/cm: 4.0 N\/cm<br \/>\nAdes\u00e3o superficial 180 \u00b0: 2,5 N\/cm<br \/>\nTemperatura de aplica\u00e7\u00e3o: 5 a 40\u00b0C<br \/>\nTemperatura de trabalho: &#8211; 30 a 80\u00b0C<\/span><\/p>\n","protected":false},"featured_media":25199,"template":"","meta":{"_joinchat":[]},"product_brand":[],"product_cat":[162],"product_tag":[],"class_list":{"0":"post-19567","1":"product","2":"type-product","3":"status-publish","4":"has-post-thumbnail","6":"product_cat-colas-e-cia","8":"first","9":"instock","10":"shipping-taxable","11":"purchasable","12":"product-type-simple"},"_links":{"self":[{"href":"https:\/\/www.multicasa.com.br\/cuiaba\/wp-json\/wp\/v2\/product\/19567","targetHints":{"allow":["GET"]}}],"collection":[{"href":"https:\/\/www.multicasa.com.br\/cuiaba\/wp-json\/wp\/v2\/product"}],"about":[{"href":"https:\/\/www.multicasa.com.br\/cuiaba\/wp-json\/wp\/v2\/types\/product"}],"wp:featuredmedia":[{"embeddable":true,"href":"https:\/\/www.multicasa.com.br\/cuiaba\/wp-json\/wp\/v2\/media\/25199"}],"wp:attachment":[{"href":"https:\/\/www.multicasa.com.br\/cuiaba\/wp-json\/wp\/v2\/media?parent=19567"}],"wp:term":[{"taxonomy":"product_brand","embeddable":true,"href":"https:\/\/www.multicasa.com.br\/cuiaba\/wp-json\/wp\/v2\/product_brand?post=19567"},{"taxonomy":"product_cat","embeddable":true,"href":"https:\/\/www.multicasa.com.br\/cuiaba\/wp-json\/wp\/v2\/product_cat?post=19567"},{"taxonomy":"product_tag","embeddable":true,"href":"https:\/\/www.multicasa.com.br\/cuiaba\/wp-json\/wp\/v2\/product_tag?post=19567"}],"curies":[{"name":"wp","href":"https:\/\/api.w.org\/{rel}","templated":true}]}}