{"id":19621,"date":"2025-06-20T19:50:09","date_gmt":"2025-06-20T23:50:09","guid":{"rendered":"http:\/\/www.multicasa.com.br\/cuiaba\/?post_type=product&#038;p=19621"},"modified":"2026-01-20T15:02:09","modified_gmt":"2026-01-20T19:02:09","slug":"massa-durepoxi-branca-loctite-50g","status":"publish","type":"product","link":"https:\/\/www.multicasa.com.br\/cuiaba\/produto\/massa-durepoxi-branca-loctite-50g\/","title":{"rendered":"Massa Durepoxi Branca Loctite 50g<br>SKU: 2046403"},"content":{"rendered":"<p>A Massa Durepoxi Loctite pode ser utilizada em diferentes tipos de trabalhos artesanais, nos quais o profissional ainda pode inovar com pinturas e cores variadas. O produto, que seca at\u00e9 debaixo d?agua, pode ser aplicado em diferentes superf\u00edcies, como porcelana, pe\u00e7as de alum\u00ednio, metal, inox, madeira, objetos decorativos e alguns tipos de pl\u00e1sticos.<br \/>\nDurepoxi cor branco e com conte\u00fado de 50g.<\/p>\n","protected":false},"excerpt":{"rendered":"<h4 style=\"margin: 0px;padding: 0px 0px 16px;font-family: Lato, sans-serif;font-weight: bold;line-height: 3rem;color: var(--dark-grey3);font-size: 22px;font-style: normal;letter-spacing: normal;text-align: start;text-indent: 0px;text-transform: none\">Informa\u00e7\u00f5es t\u00e9cnicas<\/h4>\n<p><span style=\"margin: 0px;padding: 0px;font-weight: 450;font-size: 14px;line-height: 21px;color: var(--dark-grey2);font-family: Lato, sans-serif;font-style: normal;letter-spacing: normal;text-align: start;text-indent: 0px;text-transform: none\">Produto: Massa Durepoxi<br \/>\nMarca: Loctite<br \/>\nComposi\u00e7\u00e3o: \u00c0 base de resina ep\u00f3xi<br \/>\nPoliamida<br \/>\nCargas minerais<br \/>\nCor: Branca<br \/>\nConte\u00fado: 50g<br \/>\nCaracter\u00edsticas: Seca debaixo d?\u00e1gua<br \/>\nPode ser usado como preenchimento<br \/>\nItens Inclusos: 1 massa Durepoxi<\/span><\/p>\n","protected":false},"featured_media":25551,"template":"","meta":{"_joinchat":[]},"product_brand":[],"product_cat":[162],"product_tag":[],"class_list":{"0":"post-19621","1":"product","2":"type-product","3":"status-publish","4":"has-post-thumbnail","6":"product_cat-colas-e-cia","8":"first","9":"instock","10":"shipping-taxable","11":"purchasable","12":"product-type-simple"},"_links":{"self":[{"href":"https:\/\/www.multicasa.com.br\/cuiaba\/wp-json\/wp\/v2\/product\/19621","targetHints":{"allow":["GET"]}}],"collection":[{"href":"https:\/\/www.multicasa.com.br\/cuiaba\/wp-json\/wp\/v2\/product"}],"about":[{"href":"https:\/\/www.multicasa.com.br\/cuiaba\/wp-json\/wp\/v2\/types\/product"}],"wp:featuredmedia":[{"embeddable":true,"href":"https:\/\/www.multicasa.com.br\/cuiaba\/wp-json\/wp\/v2\/media\/25551"}],"wp:attachment":[{"href":"https:\/\/www.multicasa.com.br\/cuiaba\/wp-json\/wp\/v2\/media?parent=19621"}],"wp:term":[{"taxonomy":"product_brand","embeddable":true,"href":"https:\/\/www.multicasa.com.br\/cuiaba\/wp-json\/wp\/v2\/product_brand?post=19621"},{"taxonomy":"product_cat","embeddable":true,"href":"https:\/\/www.multicasa.com.br\/cuiaba\/wp-json\/wp\/v2\/product_cat?post=19621"},{"taxonomy":"product_tag","embeddable":true,"href":"https:\/\/www.multicasa.com.br\/cuiaba\/wp-json\/wp\/v2\/product_tag?post=19621"}],"curies":[{"name":"wp","href":"https:\/\/api.w.org\/{rel}","templated":true}]}}