{"id":19661,"date":"2025-06-20T19:50:55","date_gmt":"2025-06-20T23:50:55","guid":{"rendered":"http:\/\/www.multicasa.com.br\/cuiaba\/?post_type=product&#038;p=19661"},"modified":"2025-09-18T09:22:00","modified_gmt":"2025-09-18T13:22:00","slug":"plafon-de-plastico-ilumi","status":"publish","type":"product","link":"https:\/\/www.multicasa.com.br\/cuiaba\/produto\/plafon-de-plastico-ilumi\/","title":{"rendered":"Plafon De Plastico Ilumi<br>SKU: 2046762"},"content":{"rendered":"<p>Quer um visual mais moderno para sua casa? o plafon porcelana Ilumi pode te proporcionar isso. Com um design mais discreto se adaptando assim em todos os ambientes que precisam de uma boa ilumina\u00e7\u00e3o. Com o plafon porcelana voc\u00ea tem um clima convidativo para todos os momentos.<\/p>\n","protected":false},"excerpt":{"rendered":"<h4 style=\"margin: 0px;padding: 0px 0px 16px;font-family: Lato, sans-serif;font-weight: bold;line-height: 3rem;color: var(--dark-grey3);font-size: 22px;font-style: normal;letter-spacing: normal;text-align: start;text-indent: 0px;text-transform: none\">Informa\u00e7\u00f5es t\u00e9cnicas<\/h4>\n<p><span style=\"margin: 0px;padding: 0px;font-weight: 450;font-size: 14px;line-height: 21px;color: var(--dark-grey2);font-family: Lato, sans-serif;font-style: normal;letter-spacing: normal;text-align: start;text-indent: 0px;text-transform: none\">Produto: PLAFON PLAST.E27 180931<br \/>\nMarca: Ilumi<br \/>\nMaterial: Polipropileno, lat\u00e3o, porcelana, lat\u00e3o maci\u00e7o e a\u00e7o.<br \/>\nCor: BRANCO<br \/>\nCaracter\u00edsticas:<br \/>\n-Resiste 650\u00b0c<br \/>\n-Excelente condutividade<br \/>\n-Alta resist\u00eancia<br \/>\n-Antiferrugem<br \/>\nDimens\u00f5es:<br \/>\nAltura:\t22 cm<br \/>\nLargura: 4 cm<br \/>\nProfundidade: 14 cm<br \/>\nComprimento: 14 cm<\/span><\/p>\n","protected":false},"featured_media":25732,"template":"","meta":{"_joinchat":[]},"product_brand":[],"product_cat":[119],"product_tag":[],"class_list":{"0":"post-19661","1":"product","2":"type-product","3":"status-publish","4":"has-post-thumbnail","6":"product_cat-materiais-eletricos","8":"first","9":"instock","10":"shipping-taxable","11":"purchasable","12":"product-type-simple"},"_links":{"self":[{"href":"https:\/\/www.multicasa.com.br\/cuiaba\/wp-json\/wp\/v2\/product\/19661","targetHints":{"allow":["GET"]}}],"collection":[{"href":"https:\/\/www.multicasa.com.br\/cuiaba\/wp-json\/wp\/v2\/product"}],"about":[{"href":"https:\/\/www.multicasa.com.br\/cuiaba\/wp-json\/wp\/v2\/types\/product"}],"wp:featuredmedia":[{"embeddable":true,"href":"https:\/\/www.multicasa.com.br\/cuiaba\/wp-json\/wp\/v2\/media\/25732"}],"wp:attachment":[{"href":"https:\/\/www.multicasa.com.br\/cuiaba\/wp-json\/wp\/v2\/media?parent=19661"}],"wp:term":[{"taxonomy":"product_brand","embeddable":true,"href":"https:\/\/www.multicasa.com.br\/cuiaba\/wp-json\/wp\/v2\/product_brand?post=19661"},{"taxonomy":"product_cat","embeddable":true,"href":"https:\/\/www.multicasa.com.br\/cuiaba\/wp-json\/wp\/v2\/product_cat?post=19661"},{"taxonomy":"product_tag","embeddable":true,"href":"https:\/\/www.multicasa.com.br\/cuiaba\/wp-json\/wp\/v2\/product_tag?post=19661"}],"curies":[{"name":"wp","href":"https:\/\/api.w.org\/{rel}","templated":true}]}}