{"id":19666,"date":"2025-06-20T19:50:56","date_gmt":"2025-06-20T23:50:56","guid":{"rendered":"http:\/\/www.multicasa.com.br\/cuiaba\/?post_type=product&#038;p=19666"},"modified":"2026-02-10T11:20:19","modified_gmt":"2026-02-10T15:20:19","slug":"sensor-presenca-teto-c-fotocelula-bivolt-qa19m-qualitronix","status":"publish","type":"product","link":"https:\/\/www.multicasa.com.br\/cuiaba\/produto\/sensor-presenca-teto-c-fotocelula-bivolt-qa19m-qualitronix\/","title":{"rendered":"Sensor Presenca Teto C\/Fotocelula Bivolt Qa19M Qualitronix<br>SKU: 2050588"},"content":{"rendered":"<p>Sensor de 3 fios, funciona com qualquer tipo de l\u00e2mpada; a fotoc\u00e9lula serve para diferenciar dia\/noite, ou seja, quando o sensor detectar um movimento e detectar que h\u00e1 claridade no local, ele entende que a l\u00e2mpada n\u00e3o precisa acender, economizando energia. Modelo para embutir ou sobrepor no gesso. Ideal para pr\u00e9dios, resid\u00eancias, hall de elevador, portaria, garagens, salas, sal\u00f5es, galp\u00f5es, etc.<\/p>\n","protected":false},"excerpt":{"rendered":"<h4 style=\"margin: 0px;padding: 0px 0px 16px;font-family: Lato, sans-serif;font-weight: bold;line-height: 3rem;color: var(--dark-grey3);font-size: 22px;font-style: normal;letter-spacing: normal;text-align: start;text-indent: 0px;text-transform: none\">Informa\u00e7\u00f5es t\u00e9cnicas<\/h4>\n<p><span style=\"margin: 0px;padding: 0px;font-weight: 450;font-size: 14px;line-height: 21px;color: var(--dark-grey2);font-family: Lato, sans-serif;font-style: normal;letter-spacing: normal;text-align: start;text-indent: 0px;text-transform: none\">Produto: SENSOR PRES.TETO C\/FOTOC.BIV.QA19M<br \/>\nMarca: Qualitronix<br \/>\nMaterial: Pl\u00e1stico<br \/>\nCor: Branca<br \/>\nCaracter\u00edsticas: economia de energia el\u00e9trica, conforto e seguran\u00e7a.<\/span><\/p>\n","protected":false},"featured_media":25966,"template":"","meta":{"_joinchat":[]},"product_brand":[],"product_cat":[161],"product_tag":[],"class_list":{"0":"post-19666","1":"product","2":"type-product","3":"status-publish","4":"has-post-thumbnail","6":"product_cat-seguranca","8":"first","9":"instock","10":"shipping-taxable","11":"purchasable","12":"product-type-simple"},"_links":{"self":[{"href":"https:\/\/www.multicasa.com.br\/cuiaba\/wp-json\/wp\/v2\/product\/19666","targetHints":{"allow":["GET"]}}],"collection":[{"href":"https:\/\/www.multicasa.com.br\/cuiaba\/wp-json\/wp\/v2\/product"}],"about":[{"href":"https:\/\/www.multicasa.com.br\/cuiaba\/wp-json\/wp\/v2\/types\/product"}],"wp:featuredmedia":[{"embeddable":true,"href":"https:\/\/www.multicasa.com.br\/cuiaba\/wp-json\/wp\/v2\/media\/25966"}],"wp:attachment":[{"href":"https:\/\/www.multicasa.com.br\/cuiaba\/wp-json\/wp\/v2\/media?parent=19666"}],"wp:term":[{"taxonomy":"product_brand","embeddable":true,"href":"https:\/\/www.multicasa.com.br\/cuiaba\/wp-json\/wp\/v2\/product_brand?post=19666"},{"taxonomy":"product_cat","embeddable":true,"href":"https:\/\/www.multicasa.com.br\/cuiaba\/wp-json\/wp\/v2\/product_cat?post=19666"},{"taxonomy":"product_tag","embeddable":true,"href":"https:\/\/www.multicasa.com.br\/cuiaba\/wp-json\/wp\/v2\/product_tag?post=19666"}],"curies":[{"name":"wp","href":"https:\/\/api.w.org\/{rel}","templated":true}]}}