{"id":19671,"date":"2025-06-20T19:50:57","date_gmt":"2025-06-20T23:50:57","guid":{"rendered":"http:\/\/www.multicasa.com.br\/cuiaba\/?post_type=product&#038;p=19671"},"modified":"2026-04-18T11:50:50","modified_gmt":"2026-04-18T15:50:50","slug":"silicone-pu-fix-387g-bc-tekbond","status":"publish","type":"product","link":"https:\/\/www.multicasa.com.br\/cuiaba\/produto\/silicone-pu-fix-387g-bc-tekbond\/","title":{"rendered":"Silicone Pu Fix 387G Bc Tekbond<br>SKU: 2051432"},"content":{"rendered":"<p>\u00c9 considerado um adesivo multiuso, pois adere a diversos tipos de material com alta performance como concreto, pedras, madeiras, m\u00e1rmores, cer\u00e2micas, vidros, alum\u00ednios, ligas met\u00e1licas entre outros. Possui excelente resist\u00eancia a condi\u00e7\u00f5es atmosf\u00e9ricas como: chuva e vento. O produto \u00e9 pint\u00e1vel, ap\u00f3s curado. <\/p>\n","protected":false},"excerpt":{"rendered":"<h4 style=\"margin: 0px;padding: 0px 0px 16px;font-family: Lato, sans-serif;font-weight: bold;line-height: 3rem;color: var(--dark-grey3);font-size: 22px;font-style: normal;letter-spacing: normal;text-align: start;text-indent: 0px;text-transform: none\">Informa\u00e7\u00f5es t\u00e9cnicas<\/h4>\n<p><span style=\"margin: 0px;padding: 0px;font-weight: 450;font-size: 14px;line-height: 21px;color: var(--dark-grey2);font-family: Lato, sans-serif;font-style: normal;letter-spacing: normal;text-align: start;text-indent: 0px;text-transform: none\">Produto: SILICONE PU FIX 387G<br \/>\nMarca: Tekbond<br \/>\nMaterial: Pl\u00e1stico<br \/>\nCor: Branca<br \/>\nCaracter\u00edsticas: Possui excelente resist\u00eancia a condi\u00e7\u00f5es atmosf\u00e9ricas como: chuva e vento. O produto \u00e9 pint\u00e1vel, ap\u00f3s curado.<br \/>\n-Apar\u00eancia (visual): Pasta tixotr\u00f3pica branca com odor caracter\u00edstico<br \/>\n-Tempo de forma\u00e7\u00e3o de pel\u00edcula: = 30 Minutos<br \/>\n-Temperatura de aplica\u00e7\u00e3o: + 5 a 45\u00b0C<br \/>\n-Temperatura de trabalho: &#8211; 50 \u00e0 110\u00b0C<br \/>\n-Densidade: 1,58 \u00b1 0,10<br \/>\n-Dureza Shore A: 35 a 55<\/span><\/p>\n","protected":false},"featured_media":25978,"template":"","meta":{"_joinchat":[]},"product_brand":[],"product_cat":[162],"product_tag":[],"class_list":{"0":"post-19671","1":"product","2":"type-product","3":"status-publish","4":"has-post-thumbnail","6":"product_cat-colas-e-cia","8":"first","9":"instock","10":"shipping-taxable","11":"purchasable","12":"product-type-simple"},"_links":{"self":[{"href":"https:\/\/www.multicasa.com.br\/cuiaba\/wp-json\/wp\/v2\/product\/19671","targetHints":{"allow":["GET"]}}],"collection":[{"href":"https:\/\/www.multicasa.com.br\/cuiaba\/wp-json\/wp\/v2\/product"}],"about":[{"href":"https:\/\/www.multicasa.com.br\/cuiaba\/wp-json\/wp\/v2\/types\/product"}],"wp:featuredmedia":[{"embeddable":true,"href":"https:\/\/www.multicasa.com.br\/cuiaba\/wp-json\/wp\/v2\/media\/25978"}],"wp:attachment":[{"href":"https:\/\/www.multicasa.com.br\/cuiaba\/wp-json\/wp\/v2\/media?parent=19671"}],"wp:term":[{"taxonomy":"product_brand","embeddable":true,"href":"https:\/\/www.multicasa.com.br\/cuiaba\/wp-json\/wp\/v2\/product_brand?post=19671"},{"taxonomy":"product_cat","embeddable":true,"href":"https:\/\/www.multicasa.com.br\/cuiaba\/wp-json\/wp\/v2\/product_cat?post=19671"},{"taxonomy":"product_tag","embeddable":true,"href":"https:\/\/www.multicasa.com.br\/cuiaba\/wp-json\/wp\/v2\/product_tag?post=19671"}],"curies":[{"name":"wp","href":"https:\/\/api.w.org\/{rel}","templated":true}]}}