{"id":19722,"date":"2025-06-20T19:51:46","date_gmt":"2025-06-20T23:51:46","guid":{"rendered":"http:\/\/www.multicasa.com.br\/cuiaba\/?post_type=product&#038;p=19722"},"modified":"2026-03-27T14:21:40","modified_gmt":"2026-03-27T18:21:40","slug":"cola-epoxi-araldite-hobby-10min-super-cola-tekbond-23g-3-unidades","status":"publish","type":"product","link":"https:\/\/www.multicasa.com.br\/cuiaba\/produto\/cola-epoxi-araldite-hobby-10min-super-cola-tekbond-23g-3-unidades\/","title":{"rendered":"Cola Ep\u00f3xi Araldite Hobby 10min + Super Cola Tekbond 23g &#8211; 3 unidades<br>SKU: 2056795"},"content":{"rendered":"<p>Use a cola ep\u00f3xi Araldite Hobby 10 minutos Tekbond para atividades profissionais ou dom\u00e9sticas. Esta embalagem cont\u00e9m 2 tubos da cola araldite e 1 tubo da super cola instant\u00eaanea Tekbond. Ideal para colar superf\u00edcies de materiais lisos, porosos ou irregulares como madeira, concreto, fibras, pedras e mais. Araldite r\u00e1pido resiste a temperaturas de at\u00e9 70\u00baC com secagem inicial em 10 minutos e secagem total em 8 horas. N\u00e3o indicada para pl\u00e1stico polipropileno, polietileno e nylon.<\/p>\n","protected":false},"excerpt":{"rendered":"<h4 style=\"margin: 0px;padding: 0px 0px 16px;font-family: Lato, sans-serif;font-weight: bold;line-height: 3rem;color: var(--dark-grey3);font-size: 22px;font-style: normal;letter-spacing: normal;text-align: start;text-indent: 0px;text-transform: none\">Informa\u00e7\u00f5es t\u00e9cnicas<\/h4>\n<p><span style=\"margin: 0px;padding: 0px;font-weight: 450;font-size: 14px;line-height: 21px;color: var(--dark-grey2);font-family: Lato, sans-serif;font-style: normal;letter-spacing: normal;text-align: start;text-indent: 0px;text-transform: none\">Produto: Cola Ep\u00f3xi<br \/>\nMarca: Tekbond<br \/>\nConte\u00fado: 2 tubos de 11,5g e 1 tubo de 2g<br \/>\nCor: Resina &#8211; azulada<br \/>\nEndurecedor &#8211; amarelado<br \/>\nCaracter\u00edsticas: Secagem r\u00e1pida<br \/>\nTempo de secagem inicial de 10 minutos<br \/>\nSecagem cura total em 8 horas<br \/>\nTempo de manuseio de 5 minutos<br \/>\nTemperatura de aplica\u00e7\u00e3o: de + 5 a 35\u00b0c<br \/>\nTemperatura de trabalho de &#8211; 30\u00b0 a 70\u00b0c<br \/>\nQuantidade de pe\u00e7as: 3<br \/>\nItens inclusos: 2 Colas Ep\u00f3xi e 1 super cola<br \/>\n<\/span><\/p>\n","protected":false},"featured_media":19790,"template":"","meta":{"_joinchat":[]},"product_brand":[],"product_cat":[162],"product_tag":[],"class_list":{"0":"post-19722","1":"product","2":"type-product","3":"status-publish","4":"has-post-thumbnail","6":"product_cat-colas-e-cia","8":"first","9":"instock","10":"shipping-taxable","11":"purchasable","12":"product-type-simple"},"_links":{"self":[{"href":"https:\/\/www.multicasa.com.br\/cuiaba\/wp-json\/wp\/v2\/product\/19722","targetHints":{"allow":["GET"]}}],"collection":[{"href":"https:\/\/www.multicasa.com.br\/cuiaba\/wp-json\/wp\/v2\/product"}],"about":[{"href":"https:\/\/www.multicasa.com.br\/cuiaba\/wp-json\/wp\/v2\/types\/product"}],"wp:featuredmedia":[{"embeddable":true,"href":"https:\/\/www.multicasa.com.br\/cuiaba\/wp-json\/wp\/v2\/media\/19790"}],"wp:attachment":[{"href":"https:\/\/www.multicasa.com.br\/cuiaba\/wp-json\/wp\/v2\/media?parent=19722"}],"wp:term":[{"taxonomy":"product_brand","embeddable":true,"href":"https:\/\/www.multicasa.com.br\/cuiaba\/wp-json\/wp\/v2\/product_brand?post=19722"},{"taxonomy":"product_cat","embeddable":true,"href":"https:\/\/www.multicasa.com.br\/cuiaba\/wp-json\/wp\/v2\/product_cat?post=19722"},{"taxonomy":"product_tag","embeddable":true,"href":"https:\/\/www.multicasa.com.br\/cuiaba\/wp-json\/wp\/v2\/product_tag?post=19722"}],"curies":[{"name":"wp","href":"https:\/\/api.w.org\/{rel}","templated":true}]}}