{"id":19730,"date":"2025-06-20T19:51:47","date_gmt":"2025-06-20T23:51:47","guid":{"rendered":"http:\/\/www.multicasa.com.br\/cuiaba\/?post_type=product&#038;p=19730"},"modified":"2026-04-20T17:20:48","modified_gmt":"2026-04-20T21:20:48","slug":"sensor-de-presenca-fotocelula-qa23m-qualitronix","status":"publish","type":"product","link":"https:\/\/www.multicasa.com.br\/cuiaba\/produto\/sensor-de-presenca-fotocelula-qa23m-qualitronix\/","title":{"rendered":"Sensor de Presen\u00e7a Fotoc\u00e9lula QA23M Qualitronix<br>SKU: 2057344"},"content":{"rendered":"<p>Sensor de sobrepor; \u00e9 usado no teto; sensor com engate r\u00e1pido para 3 fios, funciona com qualquer tipo de l\u00e2mpada; a fotoc\u00e9lula serve para diferenciar dia\/noite, ou seja, quando o sensor detectar um movimento e detectar que h\u00e1 claridade no local, ele entende que a l\u00e2mpada n\u00e3o precisa acender, economizando energia. Modelo para sobrepor no teto.<\/p>\n","protected":false},"excerpt":{"rendered":"<h4 style=\"margin: 0px;padding: 0px 0px 16px;font-family: Lato, sans-serif;font-weight: bold;line-height: 3rem;color: var(--dark-grey3);font-size: 22px;font-style: normal;letter-spacing: normal;text-align: start;text-indent: 0px;text-transform: none\">Informa\u00e7\u00f5es t\u00e9cnicas<\/h4>\n<p><span style=\"margin: 0px;padding: 0px;font-weight: 450;font-size: 14px;line-height: 21px;color: var(--dark-grey2);font-family: Lato, sans-serif;font-style: normal;letter-spacing: normal;text-align: start;text-indent: 0px;text-transform: none\">&#8211; Sensor de presen\u00e7a de sobrepor no teto;<br \/>\n&#8211; Para qualquer tipo de l\u00e2mpada;<br \/>\n&#8211; Com fotoc\u00e9lula;<br \/>\n&#8211; Bivolt;<br \/>\n&#8211; Lente 360\u00ba;<br \/>\n&#8211; Material em ABS na cor branca;<br \/>\n&#8211; Instalar em ambiente interno, caso seja instalado em ambiente externo dever\u00e1 ser livre de<br \/>\nintemp\u00e9ries (chuva e luz do sol);<br \/>\n&#8211; Regulagem de tempo:1s, 15s, 1min., 2min., 3min., 5min., 6min., 7min., 8min.;<br \/>\n&#8211; Recontagem de tempo autom\u00e1tico a partir da \u00faltima detec\u00e7\u00e3o;<br \/>\n&#8211; Alcance m\u00e1ximo a 25\u00baC de 7 metros de dist\u00e2ncia horizontal e 2,9 metros de altura;<br \/>\n&#8211; Consumo do produto de 2.5W a 8W;<br \/>\n&#8211; Fixa\u00e7\u00e3o por parafusos;<\/span><\/p>\n","protected":false},"featured_media":25962,"template":"","meta":{"_joinchat":[]},"product_brand":[],"product_cat":[161],"product_tag":[],"class_list":{"0":"post-19730","1":"product","2":"type-product","3":"status-publish","4":"has-post-thumbnail","6":"product_cat-seguranca","8":"first","9":"instock","10":"shipping-taxable","11":"purchasable","12":"product-type-simple"},"_links":{"self":[{"href":"https:\/\/www.multicasa.com.br\/cuiaba\/wp-json\/wp\/v2\/product\/19730","targetHints":{"allow":["GET"]}}],"collection":[{"href":"https:\/\/www.multicasa.com.br\/cuiaba\/wp-json\/wp\/v2\/product"}],"about":[{"href":"https:\/\/www.multicasa.com.br\/cuiaba\/wp-json\/wp\/v2\/types\/product"}],"wp:featuredmedia":[{"embeddable":true,"href":"https:\/\/www.multicasa.com.br\/cuiaba\/wp-json\/wp\/v2\/media\/25962"}],"wp:attachment":[{"href":"https:\/\/www.multicasa.com.br\/cuiaba\/wp-json\/wp\/v2\/media?parent=19730"}],"wp:term":[{"taxonomy":"product_brand","embeddable":true,"href":"https:\/\/www.multicasa.com.br\/cuiaba\/wp-json\/wp\/v2\/product_brand?post=19730"},{"taxonomy":"product_cat","embeddable":true,"href":"https:\/\/www.multicasa.com.br\/cuiaba\/wp-json\/wp\/v2\/product_cat?post=19730"},{"taxonomy":"product_tag","embeddable":true,"href":"https:\/\/www.multicasa.com.br\/cuiaba\/wp-json\/wp\/v2\/product_tag?post=19730"}],"curies":[{"name":"wp","href":"https:\/\/api.w.org\/{rel}","templated":true}]}}