{"id":19833,"date":"2025-06-20T19:53:26","date_gmt":"2025-06-20T23:53:26","guid":{"rendered":"http:\/\/www.multicasa.com.br\/cuiaba\/?post_type=product&#038;p=19833"},"modified":"2026-01-20T15:03:01","modified_gmt":"2026-01-20T19:03:01","slug":"espatula-de-silicone-vermelha-uny-gift","status":"publish","type":"product","link":"https:\/\/www.multicasa.com.br\/cuiaba\/produto\/espatula-de-silicone-vermelha-uny-gift\/","title":{"rendered":"Esp\u00e1tula de Silicone Vermelha Uny Gift<br>SKU: 2068632"},"content":{"rendered":"<p>A Esp\u00e1tula Uny Gift \u00e9 perfeita para voc\u00ea usar quando for preparar receitas como tortas, bolos, doces e outros, pois, permite que voc\u00ea retire todo o alimento do recipiente sem arranhar o fundo e evitando o desperd\u00edcio. Em silicone vermelho, suporta altas temperaturas e \u00e9 ideal para usar em pratos que acabaram de sair do fogo. Tem 27 cm de altura, oferecendo um cabo na medida certa, evitando sujeiras e contato direto com o recipiente.<\/p>\n","protected":false},"excerpt":{"rendered":"<h4 style=\"margin: 0px;padding: 0px 0px 16px;font-family: Lato, sans-serif;font-weight: bold;line-height: 3rem;color: var(--dark-grey3);font-size: 22px;font-style: normal;letter-spacing: normal;text-align: start;text-indent: 0px;text-transform: none\">Informa\u00e7\u00f5es t\u00e9cnicas<\/h4>\n<p><span style=\"margin: 0px;padding: 0px;font-weight: 450;font-size: 14px;line-height: 21px;color: var(--dark-grey2);font-family: Lato, sans-serif;font-style: normal;letter-spacing: normal;text-align: start;text-indent: 0px;text-transform: none\">Produto: Esp\u00e1tula<br \/>\nMarca: Uny Gift<br \/>\nMaterial: Silicone<br \/>\nCor: Vermelho<br \/>\nUso indicado: Raspar latas e vidros<br \/>\nItens Inclusos: 1 esp\u00e1tula<br \/>\nDimens\u00f5es do produto (A): 27cm<\/span><\/p>\n","protected":false},"featured_media":19917,"template":"","meta":{"_joinchat":[]},"product_brand":[],"product_cat":[93],"product_tag":[],"class_list":{"0":"post-19833","1":"product","2":"type-product","3":"status-publish","4":"has-post-thumbnail","6":"product_cat-utensilios-para-cozinha","8":"first","9":"instock","10":"shipping-taxable","11":"purchasable","12":"product-type-simple"},"_links":{"self":[{"href":"https:\/\/www.multicasa.com.br\/cuiaba\/wp-json\/wp\/v2\/product\/19833","targetHints":{"allow":["GET"]}}],"collection":[{"href":"https:\/\/www.multicasa.com.br\/cuiaba\/wp-json\/wp\/v2\/product"}],"about":[{"href":"https:\/\/www.multicasa.com.br\/cuiaba\/wp-json\/wp\/v2\/types\/product"}],"wp:featuredmedia":[{"embeddable":true,"href":"https:\/\/www.multicasa.com.br\/cuiaba\/wp-json\/wp\/v2\/media\/19917"}],"wp:attachment":[{"href":"https:\/\/www.multicasa.com.br\/cuiaba\/wp-json\/wp\/v2\/media?parent=19833"}],"wp:term":[{"taxonomy":"product_brand","embeddable":true,"href":"https:\/\/www.multicasa.com.br\/cuiaba\/wp-json\/wp\/v2\/product_brand?post=19833"},{"taxonomy":"product_cat","embeddable":true,"href":"https:\/\/www.multicasa.com.br\/cuiaba\/wp-json\/wp\/v2\/product_cat?post=19833"},{"taxonomy":"product_tag","embeddable":true,"href":"https:\/\/www.multicasa.com.br\/cuiaba\/wp-json\/wp\/v2\/product_tag?post=19833"}],"curies":[{"name":"wp","href":"https:\/\/api.w.org\/{rel}","templated":true}]}}