{"id":19887,"date":"2025-06-20T19:54:16","date_gmt":"2025-06-20T23:54:16","guid":{"rendered":"http:\/\/www.multicasa.com.br\/cuiaba\/?post_type=product&#038;p=19887"},"modified":"2026-04-17T14:00:31","modified_gmt":"2026-04-17T18:00:31","slug":"balanca-digital-para-cozinha-ate-10kg-gifthome","status":"publish","type":"product","link":"https:\/\/www.multicasa.com.br\/cuiaba\/produto\/balanca-digital-para-cozinha-ate-10kg-gifthome\/","title":{"rendered":"Balan\u00e7a Digital para Cozinha At\u00e9 10Kg Gifthome<br>SKU: 2076126"},"content":{"rendered":"<p>Com a Balan\u00e7a Digital de Cozinha voc\u00ea encontra precis\u00e3o e praticidade para fazer suas receitas favoritas, controlar a ingest\u00e3o de alimentos e muito mais.<br \/>\nCompacta, suporta pesos at\u00e9 10kg. Possui sistema de calibragem e m\u00faltiplas fun\u00e7\u00f5es como receitas, farmac\u00eautica, perfumaria, joias e outros.<\/p>\n","protected":false},"excerpt":{"rendered":"<h4 style=\"margin: 0px;padding: 0px 0px 16px;font-family: Lato, sans-serif;font-weight: bold;line-height: 3rem;color: var(--dark-grey3);font-size: 22px;font-style: normal;letter-spacing: normal;text-align: start;text-indent: 0px;text-transform: none\">Informa\u00e7\u00f5es t\u00e9cnicas<\/h4>\n<p><span style=\"margin: 0px;padding: 0px;font-weight: 450;font-size: 14px;line-height: 21px;color: var(--dark-grey2);font-family: Lato, sans-serif;font-style: normal;letter-spacing: normal;text-align: start;text-indent: 0px;text-transform: none\">Produto: Balan\u00e7a digital<br \/>\nTipo: Precis\u00e3o<br \/>\nMarca: Gifthome<br \/>\nMaterial: Pl\u00e1stico<br \/>\nCor: Branca<br \/>\nAlimenta\u00e7\u00e3o: 2 pilhas AA inclu\u00eddas<br \/>\nCaracter\u00edsticas: Suporta at\u00e9 10kg<br \/>\nItens Inclusos: 1 balan\u00e7a de cozinha<br \/>\nDimens\u00f5es do produto: 16 largura cm x 3,5 cm altura x 24 cm comprimento<br \/>\n<\/span><\/p>\n","protected":false},"featured_media":19990,"template":"","meta":{"_joinchat":[]},"product_brand":[],"product_cat":[93],"product_tag":[],"class_list":{"0":"post-19887","1":"product","2":"type-product","3":"status-publish","4":"has-post-thumbnail","6":"product_cat-utensilios-para-cozinha","8":"first","9":"instock","10":"shipping-taxable","11":"purchasable","12":"product-type-simple"},"_links":{"self":[{"href":"https:\/\/www.multicasa.com.br\/cuiaba\/wp-json\/wp\/v2\/product\/19887","targetHints":{"allow":["GET"]}}],"collection":[{"href":"https:\/\/www.multicasa.com.br\/cuiaba\/wp-json\/wp\/v2\/product"}],"about":[{"href":"https:\/\/www.multicasa.com.br\/cuiaba\/wp-json\/wp\/v2\/types\/product"}],"wp:featuredmedia":[{"embeddable":true,"href":"https:\/\/www.multicasa.com.br\/cuiaba\/wp-json\/wp\/v2\/media\/19990"}],"wp:attachment":[{"href":"https:\/\/www.multicasa.com.br\/cuiaba\/wp-json\/wp\/v2\/media?parent=19887"}],"wp:term":[{"taxonomy":"product_brand","embeddable":true,"href":"https:\/\/www.multicasa.com.br\/cuiaba\/wp-json\/wp\/v2\/product_brand?post=19887"},{"taxonomy":"product_cat","embeddable":true,"href":"https:\/\/www.multicasa.com.br\/cuiaba\/wp-json\/wp\/v2\/product_cat?post=19887"},{"taxonomy":"product_tag","embeddable":true,"href":"https:\/\/www.multicasa.com.br\/cuiaba\/wp-json\/wp\/v2\/product_tag?post=19887"}],"curies":[{"name":"wp","href":"https:\/\/api.w.org\/{rel}","templated":true}]}}