{"id":19982,"date":"2025-06-20T19:55:52","date_gmt":"2025-06-20T23:55:52","guid":{"rendered":"http:\/\/www.multicasa.com.br\/cuiaba\/?post_type=product&#038;p=19982"},"modified":"2026-04-20T17:20:52","modified_gmt":"2026-04-20T21:20:52","slug":"lubrificante-spray-anticorrosivo-multiuso-wd-40-300ml","status":"publish","type":"product","link":"https:\/\/www.multicasa.com.br\/cuiaba\/produto\/lubrificante-spray-anticorrosivo-multiuso-wd-40-300ml\/","title":{"rendered":"Lubrificante Spray Anticorrosivo Multiuso WD-40 &#8211; 300ml<br>SKU: 2084260"},"content":{"rendered":"<p>Lubrificante Spray Anticorrosivo Multiuso WD-40, elimina rangidos, expulsa umidade, limpa, protege e etc. Ideal para usar em casa, no trabalho, no carro, e outros. Possui v\u00e1lvula 180 graus exclusiva que permite o uso com a lata de cabe\u00e7a para baixo. Possui embalagem pr\u00e1tica com formato que facilita o seu manuseio, contendo 300ml.<\/p>\n","protected":false},"excerpt":{"rendered":"<h4 style=\"margin: 0px;padding: 0px 0px 16px;font-family: Lato, sans-serif;font-weight: bold;line-height: 3rem;color: var(--dark-grey3);font-size: 22px;font-style: normal;letter-spacing: normal;text-align: start;text-indent: 0px;text-transform: none\">Informa\u00e7\u00f5es t\u00e9cnicas<\/h4>\n<p><span style=\"margin: 0px;padding: 0px;font-weight: 450;font-size: 14px;line-height: 21px;color: var(--dark-grey2);font-family: Lato, sans-serif;font-style: normal;letter-spacing: normal;text-align: start;text-indent: 0px;text-transform: none\">Produto: Lubrificante Spray<br \/>\nMarca: WD-40<br \/>\nConte\u00fado: 300ml<br \/>\nCaracter\u00edsticas: Densidade de 0,788 a 15,5c<br \/>\nViscosidade de 2,2 cst a 22,2c<br \/>\nPossui v\u00e1lvula 180\u00b0<br \/>\nPermite o uso com a lata de cabe\u00e7a para baixo<br \/>\nItens Inclusos: 1 Lubrificante Spray<\/span><\/p>\n","protected":false},"featured_media":20074,"template":"","meta":{"_joinchat":[]},"product_brand":[],"product_cat":[162],"product_tag":[],"class_list":{"0":"post-19982","1":"product","2":"type-product","3":"status-publish","4":"has-post-thumbnail","6":"product_cat-colas-e-cia","8":"first","9":"instock","10":"featured","11":"shipping-taxable","12":"purchasable","13":"product-type-simple"},"_links":{"self":[{"href":"https:\/\/www.multicasa.com.br\/cuiaba\/wp-json\/wp\/v2\/product\/19982","targetHints":{"allow":["GET"]}}],"collection":[{"href":"https:\/\/www.multicasa.com.br\/cuiaba\/wp-json\/wp\/v2\/product"}],"about":[{"href":"https:\/\/www.multicasa.com.br\/cuiaba\/wp-json\/wp\/v2\/types\/product"}],"wp:featuredmedia":[{"embeddable":true,"href":"https:\/\/www.multicasa.com.br\/cuiaba\/wp-json\/wp\/v2\/media\/20074"}],"wp:attachment":[{"href":"https:\/\/www.multicasa.com.br\/cuiaba\/wp-json\/wp\/v2\/media?parent=19982"}],"wp:term":[{"taxonomy":"product_brand","embeddable":true,"href":"https:\/\/www.multicasa.com.br\/cuiaba\/wp-json\/wp\/v2\/product_brand?post=19982"},{"taxonomy":"product_cat","embeddable":true,"href":"https:\/\/www.multicasa.com.br\/cuiaba\/wp-json\/wp\/v2\/product_cat?post=19982"},{"taxonomy":"product_tag","embeddable":true,"href":"https:\/\/www.multicasa.com.br\/cuiaba\/wp-json\/wp\/v2\/product_tag?post=19982"}],"curies":[{"name":"wp","href":"https:\/\/api.w.org\/{rel}","templated":true}]}}