{"id":20023,"date":"2025-06-20T19:56:37","date_gmt":"2025-06-20T23:56:37","guid":{"rendered":"http:\/\/www.multicasa.com.br\/cuiaba\/?post_type=product&#038;p=20023"},"modified":"2026-01-20T15:03:27","modified_gmt":"2026-01-20T19:03:27","slug":"cola-instantanea-ultra-super-bonder-20g","status":"publish","type":"product","link":"https:\/\/www.multicasa.com.br\/cuiaba\/produto\/cola-instantanea-ultra-super-bonder-20g\/","title":{"rendered":"Cola Instant\u00e2nea Ultra Super Bonder 20g<br>SKU: 2087308"},"content":{"rendered":"<p>Ideal para diversos reparos, a cola instant\u00e2nea ultra Super Bonder \u00e9 uma ajuda indispens\u00e1vel para ter em casa! Resistente a temperaturas de at\u00e9 120\u00baC e a impactos, tem bico preciso para garantir a aplica\u00e7\u00e3o ideal. Com bico anti-entupimento, \u00e9 o adesivo instant\u00e2neo mais forte, suportando at\u00e9 30kgf\/cm (madeira e alum\u00ednio) e mais r\u00e1pido com a a\u00e7\u00e3o inicial em 5 segundos. Ideal para usar em metal, madeira, borracha, porcelana, alguns tipos de pl\u00e1stico, couro e corti\u00e7a.<\/p>\n","protected":false},"excerpt":{"rendered":"<h4 style=\"margin: 0px;padding: 0px 0px 16px;font-family: Lato, sans-serif;font-weight: bold;line-height: 3rem;color: var(--dark-grey3);font-size: 22px;font-style: normal;letter-spacing: normal;text-align: start;text-indent: 0px;text-transform: none\">Informa\u00e7\u00f5es t\u00e9cnicas<\/h4>\n<p><span style=\"margin: 0px;padding: 0px;font-weight: 450;font-size: 14px;line-height: 21px;color: var(--dark-grey2);font-family: Lato, sans-serif;font-style: normal;letter-spacing: normal;text-align: start;text-indent: 0px;text-transform: none\">Produto: Cola Instant\u00e2nea<br \/>\nMarca: Super Bonder<br \/>\nComposi\u00e7\u00e3o: Cianoacrilato<br \/>\nConte\u00fado: 20g<br \/>\nCaracter\u00edsticas: Secagem r\u00e1pida<br \/>\nResistente \u00e0 temperaturas de at\u00e9 120\u00b0C<br \/>\nResiste \u00e0 impactos<br \/>\nForte com mais de 30KGF\/CM<br \/>\nBico anti entupimento<br \/>\nItens inclusos: 1 Cola Instant\u00e2nea<\/span><\/p>\n","protected":false},"featured_media":24992,"template":"","meta":{"_joinchat":[]},"product_brand":[],"product_cat":[162],"product_tag":[],"class_list":{"0":"post-20023","1":"product","2":"type-product","3":"status-publish","4":"has-post-thumbnail","6":"product_cat-colas-e-cia","8":"first","9":"instock","10":"shipping-taxable","11":"purchasable","12":"product-type-simple"},"_links":{"self":[{"href":"https:\/\/www.multicasa.com.br\/cuiaba\/wp-json\/wp\/v2\/product\/20023","targetHints":{"allow":["GET"]}}],"collection":[{"href":"https:\/\/www.multicasa.com.br\/cuiaba\/wp-json\/wp\/v2\/product"}],"about":[{"href":"https:\/\/www.multicasa.com.br\/cuiaba\/wp-json\/wp\/v2\/types\/product"}],"wp:featuredmedia":[{"embeddable":true,"href":"https:\/\/www.multicasa.com.br\/cuiaba\/wp-json\/wp\/v2\/media\/24992"}],"wp:attachment":[{"href":"https:\/\/www.multicasa.com.br\/cuiaba\/wp-json\/wp\/v2\/media?parent=20023"}],"wp:term":[{"taxonomy":"product_brand","embeddable":true,"href":"https:\/\/www.multicasa.com.br\/cuiaba\/wp-json\/wp\/v2\/product_brand?post=20023"},{"taxonomy":"product_cat","embeddable":true,"href":"https:\/\/www.multicasa.com.br\/cuiaba\/wp-json\/wp\/v2\/product_cat?post=20023"},{"taxonomy":"product_tag","embeddable":true,"href":"https:\/\/www.multicasa.com.br\/cuiaba\/wp-json\/wp\/v2\/product_tag?post=20023"}],"curies":[{"name":"wp","href":"https:\/\/api.w.org\/{rel}","templated":true}]}}