{"id":20176,"date":"2025-06-20T19:59:12","date_gmt":"2025-06-20T23:59:12","guid":{"rendered":"http:\/\/www.multicasa.com.br\/cuiaba\/?post_type=product&#038;p=20176"},"modified":"2026-04-16T09:20:47","modified_gmt":"2026-04-16T13:20:47","slug":"oleo-lubrificante-multiuso-singer-100g","status":"publish","type":"product","link":"https:\/\/www.multicasa.com.br\/cuiaba\/produto\/oleo-lubrificante-multiuso-singer-100g\/","title":{"rendered":"\u00d3leo Lubrificante Multiuso Singer 100g<br>SKU: 2107315"},"content":{"rendered":"<p>O \u00d3leo Lubrificante Multiuso Singer \u00e9 um composto fin\u00edssimo de \u00f3leos selecionados, que garante maior a\u00e7\u00e3o penetrante, lubrifica\u00e7\u00e3o e conserva\u00e7\u00e3o mais duradouras. Seu uso frequente evita desgastes em todos os aparelhos dom\u00e9sticos, bicicletas, m\u00e1quinas de costura, ciclomotores, autom\u00f3veis, trincos, dobradi\u00e7as, engrenagens, entre outros.<\/p>\n","protected":false},"excerpt":{"rendered":"<h4 style=\"margin: 0px;padding: 0px 0px 16px;font-family: Lato, sans-serif;font-weight: bold;line-height: 3rem;color: var(--dark-grey3);font-size: 22px;font-style: normal;letter-spacing: normal;text-align: start;text-indent: 0px;text-transform: none\">Informa\u00e7\u00f5es t\u00e9cnicas<\/h4>\n<p><span style=\"margin: 0px;padding: 0px;font-weight: 450;font-size: 14px;line-height: 21px;color: var(--dark-grey2);font-family: Lato, sans-serif;font-style: normal;letter-spacing: normal;text-align: start;text-indent: 0px;text-transform: none\">Produto: \u00d3leo Lubrificante<br \/>\nMarca: Singer<br \/>\nComposi\u00e7\u00e3o: Ol\u00e9os minerais derivados do petr\u00f3leo<br \/>\nConte\u00fado: 100g<br \/>\nCaracter\u00edsticas: Sem aditivos<br \/>\nMaior a\u00e7\u00e3o penetrante<br \/>\nItens Inclusos: 1 \u00d3leo Lubrificante<br \/>\n<\/span><\/p>\n","protected":false},"featured_media":20274,"template":"","meta":{"_joinchat":[]},"product_brand":[],"product_cat":[162],"product_tag":[],"class_list":{"0":"post-20176","1":"product","2":"type-product","3":"status-publish","4":"has-post-thumbnail","6":"product_cat-colas-e-cia","8":"first","9":"instock","10":"shipping-taxable","11":"purchasable","12":"product-type-simple"},"_links":{"self":[{"href":"https:\/\/www.multicasa.com.br\/cuiaba\/wp-json\/wp\/v2\/product\/20176","targetHints":{"allow":["GET"]}}],"collection":[{"href":"https:\/\/www.multicasa.com.br\/cuiaba\/wp-json\/wp\/v2\/product"}],"about":[{"href":"https:\/\/www.multicasa.com.br\/cuiaba\/wp-json\/wp\/v2\/types\/product"}],"wp:featuredmedia":[{"embeddable":true,"href":"https:\/\/www.multicasa.com.br\/cuiaba\/wp-json\/wp\/v2\/media\/20274"}],"wp:attachment":[{"href":"https:\/\/www.multicasa.com.br\/cuiaba\/wp-json\/wp\/v2\/media?parent=20176"}],"wp:term":[{"taxonomy":"product_brand","embeddable":true,"href":"https:\/\/www.multicasa.com.br\/cuiaba\/wp-json\/wp\/v2\/product_brand?post=20176"},{"taxonomy":"product_cat","embeddable":true,"href":"https:\/\/www.multicasa.com.br\/cuiaba\/wp-json\/wp\/v2\/product_cat?post=20176"},{"taxonomy":"product_tag","embeddable":true,"href":"https:\/\/www.multicasa.com.br\/cuiaba\/wp-json\/wp\/v2\/product_tag?post=20176"}],"curies":[{"name":"wp","href":"https:\/\/api.w.org\/{rel}","templated":true}]}}