{"id":20198,"date":"2025-06-20T19:59:35","date_gmt":"2025-06-20T23:59:35","guid":{"rendered":"http:\/\/www.multicasa.com.br\/cuiaba\/?post_type=product&#038;p=20198"},"modified":"2025-12-16T18:44:38","modified_gmt":"2025-12-16T22:44:38","slug":"furador-de-coco-em-inox-mimo","status":"publish","type":"product","link":"https:\/\/www.multicasa.com.br\/cuiaba\/produto\/furador-de-coco-em-inox-mimo\/","title":{"rendered":"Furador de Coco em Inox Mimo<br>SKU: 2108343"},"content":{"rendered":"<p>Pode ser muito dif\u00edcil abrir seu coco sem a ferramenta correta. Mas, o Furador de Coco Mimo, em inox, garante praticidade e agilidade a esta a\u00e7\u00e3o. Com alta durabilidade e resist\u00eancia, possui design moderno, intuitivo e que leva facilidade \u00e0 limpeza. Voc\u00ea abre seu coco com um furo e rapidamente serve a \u00e1gua de coco gelada!<\/p>\n","protected":false},"excerpt":{"rendered":"<h4 style=\"margin: 0px;padding: 0px 0px 16px;font-family: Lato, sans-serif;font-weight: bold;line-height: 3rem;color: var(--dark-grey3);font-size: 22px;font-style: normal;letter-spacing: normal;text-align: start;text-indent: 0px;text-transform: none\">Informa\u00e7\u00f5es t\u00e9cnicas<\/h4>\n<p><span style=\"margin: 0px;padding: 0px;font-weight: 450;font-size: 14px;line-height: 21px;color: var(--dark-grey2);font-family: Lato, sans-serif;font-style: normal;letter-spacing: normal;text-align: start;text-indent: 0px;text-transform: none\">Produto: Furador de Coco<br \/>\nMarca: Mimo<br \/>\nMaterial: Inox<br \/>\nCor: Prata<br \/>\nCaracter\u00edsticas: F\u00e1cil limpeza<br \/>\nItens Inclusos: 1 Furador de coco<br \/>\nDimens\u00f5es do produto (A x L): 16,4 x 8,3 x 1,2cm<\/span><\/p>\n","protected":false},"featured_media":20282,"template":"","meta":{"_joinchat":[]},"product_brand":[],"product_cat":[93],"product_tag":[],"class_list":{"0":"post-20198","1":"product","2":"type-product","3":"status-publish","4":"has-post-thumbnail","6":"product_cat-utensilios-para-cozinha","8":"first","9":"instock","10":"shipping-taxable","11":"purchasable","12":"product-type-simple"},"_links":{"self":[{"href":"https:\/\/www.multicasa.com.br\/cuiaba\/wp-json\/wp\/v2\/product\/20198","targetHints":{"allow":["GET"]}}],"collection":[{"href":"https:\/\/www.multicasa.com.br\/cuiaba\/wp-json\/wp\/v2\/product"}],"about":[{"href":"https:\/\/www.multicasa.com.br\/cuiaba\/wp-json\/wp\/v2\/types\/product"}],"wp:featuredmedia":[{"embeddable":true,"href":"https:\/\/www.multicasa.com.br\/cuiaba\/wp-json\/wp\/v2\/media\/20282"}],"wp:attachment":[{"href":"https:\/\/www.multicasa.com.br\/cuiaba\/wp-json\/wp\/v2\/media?parent=20198"}],"wp:term":[{"taxonomy":"product_brand","embeddable":true,"href":"https:\/\/www.multicasa.com.br\/cuiaba\/wp-json\/wp\/v2\/product_brand?post=20198"},{"taxonomy":"product_cat","embeddable":true,"href":"https:\/\/www.multicasa.com.br\/cuiaba\/wp-json\/wp\/v2\/product_cat?post=20198"},{"taxonomy":"product_tag","embeddable":true,"href":"https:\/\/www.multicasa.com.br\/cuiaba\/wp-json\/wp\/v2\/product_tag?post=20198"}],"curies":[{"name":"wp","href":"https:\/\/api.w.org\/{rel}","templated":true}]}}