{"id":20224,"date":"2025-06-20T20:00:03","date_gmt":"2025-06-21T00:00:03","guid":{"rendered":"http:\/\/www.multicasa.com.br\/cuiaba\/?post_type=product&#038;p=20224"},"modified":"2025-10-15T09:07:39","modified_gmt":"2025-10-15T13:07:39","slug":"canaleta-10x10x2m-s-divisoria-c-fita-branca-schneider","status":"publish","type":"product","link":"https:\/\/www.multicasa.com.br\/cuiaba\/produto\/canaleta-10x10x2m-s-divisoria-c-fita-branca-schneider\/","title":{"rendered":"Canaleta 10X10X2M S\/Divis\u00f3ria C\/Fita Branca Schneider<br>SKU: 2110478"},"content":{"rendered":"<p>A caneleta \u00e9 um tipo de passa fios que fica disfar\u00e7ado no acabamento da parede, do rodap\u00e9 ou do teto. A canaleta da Schneider organiza, protege e d\u00e1 acabamento para fia\u00e7\u00f5es que por algum motivo tem que ficar expostas.<\/p>\n","protected":false},"excerpt":{"rendered":"<h4 style=\"margin: 0px;padding: 0px 0px 16px;font-family: Lato, sans-serif;font-weight: bold;line-height: 3rem;color: var(--dark-grey3);font-size: 22px;font-style: normal;letter-spacing: normal;text-align: start;text-indent: 0px;text-transform: none\">Informa\u00e7\u00f5es t\u00e9cnicas<\/h4>\n<p><span style=\"margin: 0px;padding: 0px;font-weight: 450;font-size: 14px;line-height: 21px;color: var(--dark-grey2);font-family: Lato, sans-serif;font-style: normal;letter-spacing: normal;text-align: start;text-indent: 0px;text-transform: none\">Produto: CANALETA 10X10X2M S\/DIV.C\/FITA BC S<br \/>\nMarca: Schneider<br \/>\nMaterial: PVC (Policloreto de vinila)<br \/>\nCor: Branco<br \/>\nCaracter\u00edsticas<br \/>\n&#8211; REACh sem SVHC<br \/>\n&#8211; Sem metais pesados t\u00f3xicos<br \/>\n&#8211; Sem merc\u00fario<br \/>\nDimens\u00f5es<br \/>\nComprimento: 2000 mm<br \/>\nLargura: 10 mm<br \/>\nAltura: 10 mm<\/span><\/p>\n","protected":false},"featured_media":27261,"template":"","meta":{"_joinchat":[]},"product_brand":[],"product_cat":[119],"product_tag":[],"class_list":{"0":"post-20224","1":"product","2":"type-product","3":"status-publish","4":"has-post-thumbnail","6":"product_cat-materiais-eletricos","8":"first","9":"instock","10":"shipping-taxable","11":"purchasable","12":"product-type-simple"},"_links":{"self":[{"href":"https:\/\/www.multicasa.com.br\/cuiaba\/wp-json\/wp\/v2\/product\/20224","targetHints":{"allow":["GET"]}}],"collection":[{"href":"https:\/\/www.multicasa.com.br\/cuiaba\/wp-json\/wp\/v2\/product"}],"about":[{"href":"https:\/\/www.multicasa.com.br\/cuiaba\/wp-json\/wp\/v2\/types\/product"}],"wp:featuredmedia":[{"embeddable":true,"href":"https:\/\/www.multicasa.com.br\/cuiaba\/wp-json\/wp\/v2\/media\/27261"}],"wp:attachment":[{"href":"https:\/\/www.multicasa.com.br\/cuiaba\/wp-json\/wp\/v2\/media?parent=20224"}],"wp:term":[{"taxonomy":"product_brand","embeddable":true,"href":"https:\/\/www.multicasa.com.br\/cuiaba\/wp-json\/wp\/v2\/product_brand?post=20224"},{"taxonomy":"product_cat","embeddable":true,"href":"https:\/\/www.multicasa.com.br\/cuiaba\/wp-json\/wp\/v2\/product_cat?post=20224"},{"taxonomy":"product_tag","embeddable":true,"href":"https:\/\/www.multicasa.com.br\/cuiaba\/wp-json\/wp\/v2\/product_tag?post=20224"}],"curies":[{"name":"wp","href":"https:\/\/api.w.org\/{rel}","templated":true}]}}