{"id":20485,"date":"2025-06-20T20:04:16","date_gmt":"2025-06-21T00:04:16","guid":{"rendered":"http:\/\/www.multicasa.com.br\/cuiaba\/?post_type=product&#038;p=20485"},"modified":"2025-12-16T18:48:27","modified_gmt":"2025-12-16T22:48:27","slug":"cordao-de-forca-com-interruptor-preto-fc-fios-2m","status":"publish","type":"product","link":"https:\/\/www.multicasa.com.br\/cuiaba\/produto\/cordao-de-forca-com-interruptor-preto-fc-fios-2m\/","title":{"rendered":"Cord\u00e3o de For\u00e7a Com Interruptor Preto Fc Fios 2m<br>SKU: 2129628"},"content":{"rendered":"<p>Use o cord\u00e3o de for\u00e7a com interruptor branco FC Fios para instalar abajures, lumin\u00e1rias e outros objetos que precisam de interruptor para funcionar. Pr\u00e1tico, possui cabo com 2 metros e est\u00e1 dispon\u00edvel na cor preta.<\/p>\n","protected":false},"excerpt":{"rendered":"<h4 style=\"margin: 0px;padding: 0px 0px 16px;font-family: Lato, sans-serif;font-weight: bold;line-height: 3rem;color: var(--dark-grey3);font-size: 22px;font-style: normal;letter-spacing: normal;text-align: start;text-indent: 0px;text-transform: none\">Informa\u00e7\u00f5es t\u00e9cnicas<\/h4>\n<p><span style=\"margin: 0px;padding: 0px;font-weight: 450;font-size: 14px;line-height: 21px;color: var(--dark-grey2);font-family: Lato, sans-serif;font-style: normal;letter-spacing: normal;text-align: start;text-indent: 0px;text-transform: none\">Produto: Cord\u00e3o de for\u00e7a<br \/>\nMarca: FC Fios<br \/>\nCor: Preto<br \/>\nCaracter\u00edsticas: Cabo Rabicho<br \/>\nPossui interruptor<br \/>\nItens inclusos: 1 Cord\u00e3o de for\u00e7a<br \/>\nDimens\u00f5es do produto (C): 2m<br \/>\n<\/span><\/p>\n","protected":false},"featured_media":20559,"template":"","meta":{"_joinchat":[]},"product_brand":[],"product_cat":[119],"product_tag":[],"class_list":{"0":"post-20485","1":"product","2":"type-product","3":"status-publish","4":"has-post-thumbnail","6":"product_cat-materiais-eletricos","8":"first","9":"instock","10":"shipping-taxable","11":"purchasable","12":"product-type-simple"},"_links":{"self":[{"href":"https:\/\/www.multicasa.com.br\/cuiaba\/wp-json\/wp\/v2\/product\/20485","targetHints":{"allow":["GET"]}}],"collection":[{"href":"https:\/\/www.multicasa.com.br\/cuiaba\/wp-json\/wp\/v2\/product"}],"about":[{"href":"https:\/\/www.multicasa.com.br\/cuiaba\/wp-json\/wp\/v2\/types\/product"}],"wp:featuredmedia":[{"embeddable":true,"href":"https:\/\/www.multicasa.com.br\/cuiaba\/wp-json\/wp\/v2\/media\/20559"}],"wp:attachment":[{"href":"https:\/\/www.multicasa.com.br\/cuiaba\/wp-json\/wp\/v2\/media?parent=20485"}],"wp:term":[{"taxonomy":"product_brand","embeddable":true,"href":"https:\/\/www.multicasa.com.br\/cuiaba\/wp-json\/wp\/v2\/product_brand?post=20485"},{"taxonomy":"product_cat","embeddable":true,"href":"https:\/\/www.multicasa.com.br\/cuiaba\/wp-json\/wp\/v2\/product_cat?post=20485"},{"taxonomy":"product_tag","embeddable":true,"href":"https:\/\/www.multicasa.com.br\/cuiaba\/wp-json\/wp\/v2\/product_tag?post=20485"}],"curies":[{"name":"wp","href":"https:\/\/api.w.org\/{rel}","templated":true}]}}