{"id":21008,"date":"2025-06-20T20:12:40","date_gmt":"2025-06-21T00:12:40","guid":{"rendered":"http:\/\/www.multicasa.com.br\/cuiaba\/?post_type=product&#038;p=21008"},"modified":"2026-03-27T14:22:43","modified_gmt":"2026-03-27T18:22:43","slug":"fita-dupla-face-12mmx20m-transparente-tekbond","status":"publish","type":"product","link":"https:\/\/www.multicasa.com.br\/cuiaba\/produto\/fita-dupla-face-12mmx20m-transparente-tekbond\/","title":{"rendered":"Fita Dupla Face 12Mmx20M Transparente Tekbond<br>SKU: 2159157"},"content":{"rendered":"<p>A Supertape Fita Fixa Tudo Tekbond \u00e9 uma fita acr\u00edlica que foi desenvolvida para promover uma fixa\u00e7\u00e3o ultra forte de maneira f\u00e1cil, r\u00e1pida e segura. Com ela, voc\u00ea pendura quadros, objetos de decora\u00e7\u00e3o, canaletas e uma infinidade de outras pe\u00e7as. Adere muito bem em madeira, parede, vidro, acr\u00edlico e metal. Transparente, \u00e9 indicada para uso interno em ambientes protegidos da luz do sol e intemp\u00e9ries.<\/p>\n","protected":false},"excerpt":{"rendered":"<h4 style=\"margin: 0px;padding: 0px 0px 16px;font-family: Lato, sans-serif;font-weight: bold;line-height: 3rem;color: var(--dark-grey3);font-size: 22px;font-style: normal;letter-spacing: normal;text-align: start;text-indent: 0px;text-transform: none\">Informa\u00e7\u00f5es t\u00e9cnicas<\/h4>\n<p><span style=\"margin: 0px;padding: 0px;font-weight: 450;font-size: 14px;line-height: 21px;color: var(--dark-grey2);font-family: Lato, sans-serif;font-style: normal;letter-spacing: normal;text-align: start;text-indent: 0px;text-transform: none\">Produto: FITA DUPLA FACE 12MMX20M<br \/>\nMarca: Tekbond<br \/>\nMaterial: Adesivo acr\u00edlico<br \/>\nCor: Transparente<br \/>\nCaracter\u00edsticas<br \/>\n&#8211; Desenvolvida \u00e0 base de filme polietileno e adesivo acr\u00edlico, ela possui 20 metros de extens\u00e3o em seu rolo.<br \/>\n&#8211; Antes da fita dupla face entrar em a\u00e7\u00e3o, marque previamente o local onde ela ser\u00e1 aplicada. Esse local, inclusive, deve estar extremamente limpo, sem resqu\u00edcios de sujeira nem oleosidade.<br \/>\n&#8211; Me\u00e7a o peda\u00e7o de fita que precisa usar, sempre considerando que 10 cm do artigo \u00e9 capaz de sustentar uma pe\u00e7a de at\u00e9 600 g. Corte a fita no tamanho desejado, retire o filme protetor e aplique a fica no local escolhido. Logo ap\u00f3s a aplica\u00e7\u00e3o, pressione a fita com for\u00e7a durante o per\u00edodo de 60 segundos. Para saber se a fita est\u00e1 realmente segura, aguarde dois dias. Esse \u00e9 o tempo para verifica\u00e7\u00e3o se a ades\u00e3o foi 100% realizada.<\/p>\n<p>Dimens\u00f5es:<br \/>\n12mm x 20m<\/span><\/p>\n","protected":false},"featured_media":27312,"template":"","meta":{"_joinchat":[]},"product_brand":[],"product_cat":[162],"product_tag":[],"class_list":{"0":"post-21008","1":"product","2":"type-product","3":"status-publish","4":"has-post-thumbnail","6":"product_cat-colas-e-cia","8":"first","9":"instock","10":"shipping-taxable","11":"purchasable","12":"product-type-simple"},"_links":{"self":[{"href":"https:\/\/www.multicasa.com.br\/cuiaba\/wp-json\/wp\/v2\/product\/21008","targetHints":{"allow":["GET"]}}],"collection":[{"href":"https:\/\/www.multicasa.com.br\/cuiaba\/wp-json\/wp\/v2\/product"}],"about":[{"href":"https:\/\/www.multicasa.com.br\/cuiaba\/wp-json\/wp\/v2\/types\/product"}],"wp:featuredmedia":[{"embeddable":true,"href":"https:\/\/www.multicasa.com.br\/cuiaba\/wp-json\/wp\/v2\/media\/27312"}],"wp:attachment":[{"href":"https:\/\/www.multicasa.com.br\/cuiaba\/wp-json\/wp\/v2\/media?parent=21008"}],"wp:term":[{"taxonomy":"product_brand","embeddable":true,"href":"https:\/\/www.multicasa.com.br\/cuiaba\/wp-json\/wp\/v2\/product_brand?post=21008"},{"taxonomy":"product_cat","embeddable":true,"href":"https:\/\/www.multicasa.com.br\/cuiaba\/wp-json\/wp\/v2\/product_cat?post=21008"},{"taxonomy":"product_tag","embeddable":true,"href":"https:\/\/www.multicasa.com.br\/cuiaba\/wp-json\/wp\/v2\/product_tag?post=21008"}],"curies":[{"name":"wp","href":"https:\/\/api.w.org\/{rel}","templated":true}]}}