{"id":21031,"date":"2025-06-20T20:13:03","date_gmt":"2025-06-21T00:13:03","guid":{"rendered":"http:\/\/www.multicasa.com.br\/cuiaba\/?post_type=product&#038;p=21031"},"modified":"2026-04-18T10:50:59","modified_gmt":"2026-04-18T14:50:59","slug":"corda-multifilamento-trancada-branca-arteplas-4mmx1m","status":"publish","type":"product","link":"https:\/\/www.multicasa.com.br\/cuiaba\/produto\/corda-multifilamento-trancada-branca-arteplas-4mmx1m\/","title":{"rendered":"Corda Multifilamento Tran\u00e7ada Branca Arteplas 4mmx1m<br>SKU: 2160951"},"content":{"rendered":"<p>Com a Corda Multifilamento Tran\u00e7ada Branca da Arteplas voc\u00ea amarra cargas, fardos e confecciona redes de prote\u00e7\u00e3o esportivas. Feita de polipropileno PP, seu di\u00e2metro mede 4mm e \u00e9 vendida por metro, sendo tamb\u00e9m indicada para usar em cortinas de avi\u00e1rios e agricultura em geral. <\/p>\n","protected":false},"excerpt":{"rendered":"<h4 style=\"margin: 0px;padding: 0px 0px 16px;font-family: Lato, sans-serif;font-weight: bold;line-height: 3rem;color: var(--dark-grey3);font-size: 22px;font-style: normal;letter-spacing: normal;text-align: start;text-indent: 0px;text-transform: none\">Informa\u00e7\u00f5es t\u00e9cnicas<\/h4>\n<p><span style=\"margin: 0px;padding: 0px;font-weight: 450;font-size: 14px;line-height: 21px;color: var(--dark-grey2);font-family: Lato, sans-serif;font-style: normal;letter-spacing: normal;text-align: start;text-indent: 0px;text-transform: none\">Produto: Corda Multifilamento<br \/>\nMarca: Arteplas<br \/>\nMaterial: Polipropileno<br \/>\nCor: Branca<br \/>\nCaracter\u00edsticas: Tran\u00e7ada, multiuso, tratamento UV, super resistente.<br \/>\nItens Inclusos: 1 Corda Multifilamento<br \/>\nDimens\u00f5es do produto (A X L X P): 4mm x 1m<\/span><\/p>\n","protected":false},"featured_media":21061,"template":"","meta":{"_joinchat":[]},"product_brand":[],"product_cat":[161],"product_tag":[],"class_list":{"0":"post-21031","1":"product","2":"type-product","3":"status-publish","4":"has-post-thumbnail","6":"product_cat-seguranca","8":"first","9":"instock","10":"shipping-taxable","11":"purchasable","12":"product-type-simple"},"_links":{"self":[{"href":"https:\/\/www.multicasa.com.br\/cuiaba\/wp-json\/wp\/v2\/product\/21031","targetHints":{"allow":["GET"]}}],"collection":[{"href":"https:\/\/www.multicasa.com.br\/cuiaba\/wp-json\/wp\/v2\/product"}],"about":[{"href":"https:\/\/www.multicasa.com.br\/cuiaba\/wp-json\/wp\/v2\/types\/product"}],"wp:featuredmedia":[{"embeddable":true,"href":"https:\/\/www.multicasa.com.br\/cuiaba\/wp-json\/wp\/v2\/media\/21061"}],"wp:attachment":[{"href":"https:\/\/www.multicasa.com.br\/cuiaba\/wp-json\/wp\/v2\/media?parent=21031"}],"wp:term":[{"taxonomy":"product_brand","embeddable":true,"href":"https:\/\/www.multicasa.com.br\/cuiaba\/wp-json\/wp\/v2\/product_brand?post=21031"},{"taxonomy":"product_cat","embeddable":true,"href":"https:\/\/www.multicasa.com.br\/cuiaba\/wp-json\/wp\/v2\/product_cat?post=21031"},{"taxonomy":"product_tag","embeddable":true,"href":"https:\/\/www.multicasa.com.br\/cuiaba\/wp-json\/wp\/v2\/product_tag?post=21031"}],"curies":[{"name":"wp","href":"https:\/\/api.w.org\/{rel}","templated":true}]}}