{"id":21047,"date":"2025-06-20T20:13:06","date_gmt":"2025-06-21T00:13:06","guid":{"rendered":"http:\/\/www.multicasa.com.br\/cuiaba\/?post_type=product&#038;p=21047"},"modified":"2026-04-04T09:20:39","modified_gmt":"2026-04-04T13:20:39","slug":"tira-grude-tapmatic-40ml","status":"publish","type":"product","link":"https:\/\/www.multicasa.com.br\/cuiaba\/produto\/tira-grude-tapmatic-40ml\/","title":{"rendered":"Tira Grude Tapmatic 40ml<br>SKU: 2171112"},"content":{"rendered":"<p>O Tira Grude Tapmatic 40ml \u00e9 indicado para a limpeza de produtos de dif\u00edcil remo\u00e7\u00e3o. Ele dissolve v\u00e1rios tipos de sujeiras, como: gorduras, graxas, piches, chicletes, colas, al\u00e9m de manchas de chocolate, caneta e giz de cera. O produto n\u00e3o cont\u00e9m solventes nocivos ou metais pesados e permite aplica\u00e7\u00e3o em superf\u00edcies de acr\u00edlico, pl\u00e1sticos, pvc e similares.<br \/>\nObs.: teste antes de usar, aplicando sobre uma pequena superf\u00edcie. se agredir ou descolorir, n\u00e3o aplique mais no material.<\/p>\n","protected":false},"excerpt":{"rendered":"<h4 style=\"margin: 0px;padding: 0px 0px 16px;font-family: Lato, sans-serif;font-weight: bold;line-height: 3rem;color: var(--dark-grey3);font-size: 22px;font-style: normal;letter-spacing: normal;text-align: start;text-indent: 0px;text-transform: none\">Informa\u00e7\u00f5es t\u00e9cnicas<\/h4>\n<p><span style=\"margin: 0px;padding: 0px;font-weight: 450;font-size: 14px;line-height: 21px;color: var(--dark-grey2);font-family: Lato, sans-serif;font-style: normal;letter-spacing: normal;text-align: start;text-indent: 0px;text-transform: none\">Produto: Tira Grude<br \/>\nMarca: Tapmatic<br \/>\nConte\u00fado: 40ml<br \/>\nCaracter\u00edsticas: Remove etiquetas<br \/>\nRemove manchas<br \/>\nRemove sujeiras<br \/>\nN\u00e3o cont\u00e9m solventes<br \/>\nN\u00e3o cont\u00e9m metais pesados<br \/>\nItens Inclusos: 1 Tira Grude<\/span><\/p>\n","protected":false},"featured_media":21108,"template":"","meta":{"_joinchat":[]},"product_brand":[],"product_cat":[162],"product_tag":[],"class_list":{"0":"post-21047","1":"product","2":"type-product","3":"status-publish","4":"has-post-thumbnail","6":"product_cat-colas-e-cia","8":"first","9":"instock","10":"shipping-taxable","11":"purchasable","12":"product-type-simple"},"_links":{"self":[{"href":"https:\/\/www.multicasa.com.br\/cuiaba\/wp-json\/wp\/v2\/product\/21047","targetHints":{"allow":["GET"]}}],"collection":[{"href":"https:\/\/www.multicasa.com.br\/cuiaba\/wp-json\/wp\/v2\/product"}],"about":[{"href":"https:\/\/www.multicasa.com.br\/cuiaba\/wp-json\/wp\/v2\/types\/product"}],"wp:featuredmedia":[{"embeddable":true,"href":"https:\/\/www.multicasa.com.br\/cuiaba\/wp-json\/wp\/v2\/media\/21108"}],"wp:attachment":[{"href":"https:\/\/www.multicasa.com.br\/cuiaba\/wp-json\/wp\/v2\/media?parent=21047"}],"wp:term":[{"taxonomy":"product_brand","embeddable":true,"href":"https:\/\/www.multicasa.com.br\/cuiaba\/wp-json\/wp\/v2\/product_brand?post=21047"},{"taxonomy":"product_cat","embeddable":true,"href":"https:\/\/www.multicasa.com.br\/cuiaba\/wp-json\/wp\/v2\/product_cat?post=21047"},{"taxonomy":"product_tag","embeddable":true,"href":"https:\/\/www.multicasa.com.br\/cuiaba\/wp-json\/wp\/v2\/product_tag?post=21047"}],"curies":[{"name":"wp","href":"https:\/\/api.w.org\/{rel}","templated":true}]}}