{"id":21176,"date":"2025-06-20T20:15:06","date_gmt":"2025-06-21T00:15:06","guid":{"rendered":"http:\/\/www.multicasa.com.br\/cuiaba\/?post_type=product&#038;p=21176"},"modified":"2026-01-05T17:30:29","modified_gmt":"2026-01-05T21:30:29","slug":"cola-de-contato-monta-e-fixa-cascola-85g","status":"publish","type":"product","link":"https:\/\/www.multicasa.com.br\/cuiaba\/produto\/cola-de-contato-monta-e-fixa-cascola-85g\/","title":{"rendered":"Cola de Contato Monta e Fixa Cascola 85g<br>SKU: 3016226"},"content":{"rendered":"<p>Monte e demosmonte o que precisar com a cola de contato Monta e Fixa da Cascola. Desenvolvido para substituir pregos e parafusos, o adesivo de contato pode ser usado em madeira, cer\u00e2mica, concreto, metal compensado, pedras, vidro, corti\u00e7as, pl\u00e1stico, PVC e MDF. Tem efici\u00eancia quando utilizado para colar materiais porosos com n\u00e3o porosos como tijolo e vidro, por exemplo. Crie as combina\u00e7\u00f5es que voc\u00ea desejar com praticidade!<\/p>\n","protected":false},"excerpt":{"rendered":"<h4 style=\"margin: 0px;padding: 0px 0px 16px;font-family: Lato, sans-serif;font-weight: bold;line-height: 3rem;color: var(--dark-grey3);font-size: 22px;font-style: normal;letter-spacing: normal;text-align: start;text-indent: 0px;text-transform: none\">Informa\u00e7\u00f5es t\u00e9cnicas<\/h4>\n<p><span style=\"margin: 0px;padding: 0px;font-weight: 450;font-size: 14px;line-height: 21px;color: var(--dark-grey2);font-family: Lato, sans-serif;font-style: normal;letter-spacing: normal;text-align: start;text-indent: 0px;text-transform: none\">Produto: Cola de contato<br \/>\nMarca: Cascola<br \/>\nConte\u00fado: 85g<br \/>\nCaracter\u00edsticas: N\u00e3o escorre<br \/>\nPermite ajustes em at\u00e9 10 min<br \/>\nBase d?\u00e1gua<br \/>\nSem solventes<br \/>\nItens inclusos: 1 Cola de contato<br \/>\n<\/span><\/p>\n","protected":false},"featured_media":21236,"template":"","meta":{"_joinchat":[]},"product_brand":[],"product_cat":[162],"product_tag":[],"class_list":{"0":"post-21176","1":"product","2":"type-product","3":"status-publish","4":"has-post-thumbnail","6":"product_cat-colas-e-cia","8":"first","9":"instock","10":"shipping-taxable","11":"purchasable","12":"product-type-simple"},"_links":{"self":[{"href":"https:\/\/www.multicasa.com.br\/cuiaba\/wp-json\/wp\/v2\/product\/21176","targetHints":{"allow":["GET"]}}],"collection":[{"href":"https:\/\/www.multicasa.com.br\/cuiaba\/wp-json\/wp\/v2\/product"}],"about":[{"href":"https:\/\/www.multicasa.com.br\/cuiaba\/wp-json\/wp\/v2\/types\/product"}],"wp:featuredmedia":[{"embeddable":true,"href":"https:\/\/www.multicasa.com.br\/cuiaba\/wp-json\/wp\/v2\/media\/21236"}],"wp:attachment":[{"href":"https:\/\/www.multicasa.com.br\/cuiaba\/wp-json\/wp\/v2\/media?parent=21176"}],"wp:term":[{"taxonomy":"product_brand","embeddable":true,"href":"https:\/\/www.multicasa.com.br\/cuiaba\/wp-json\/wp\/v2\/product_brand?post=21176"},{"taxonomy":"product_cat","embeddable":true,"href":"https:\/\/www.multicasa.com.br\/cuiaba\/wp-json\/wp\/v2\/product_cat?post=21176"},{"taxonomy":"product_tag","embeddable":true,"href":"https:\/\/www.multicasa.com.br\/cuiaba\/wp-json\/wp\/v2\/product_tag?post=21176"}],"curies":[{"name":"wp","href":"https:\/\/api.w.org\/{rel}","templated":true}]}}