{"id":21181,"date":"2025-06-20T20:15:06","date_gmt":"2025-06-21T00:15:06","guid":{"rendered":"http:\/\/www.multicasa.com.br\/cuiaba\/?post_type=product&#038;p=21181"},"modified":"2025-12-16T19:09:26","modified_gmt":"2025-12-16T23:09:26","slug":"fita-dupla-face-para-frisos-3m-12mmx3m","status":"publish","type":"product","link":"https:\/\/www.multicasa.com.br\/cuiaba\/produto\/fita-dupla-face-para-frisos-3m-12mmx3m\/","title":{"rendered":"Fita Dupla Face para Frisos 3M &#8211; 12mmx3m<br>SKU: 3041913"},"content":{"rendered":"<p>A Fita Dupla Face para Frisos 3m garante maior ades\u00e3o, \u00e9 ideal para frisos, emblemas, borrachas ou acess\u00f3rios em ve\u00edculos. \u00c9 de f\u00e1cil aplica\u00e7\u00e3o e possui fixa\u00e7\u00e3o permanente.<br \/>\nProduto a base de ester de \u00e1cido acr\u00edlico, com dimens\u00f5es de 12mm x 3m.<\/p>\n","protected":false},"excerpt":{"rendered":"<h4 style=\"margin: 0px;padding: 0px 0px 16px;font-family: Lato, sans-serif;font-weight: bold;line-height: 3rem;color: var(--dark-grey3);font-size: 22px;font-style: normal;letter-spacing: normal;text-align: start;text-indent: 0px;text-transform: none\">Informa\u00e7\u00f5es t\u00e9cnicas<\/h4>\n<p><span style=\"margin: 0px;padding: 0px;font-weight: 450;font-size: 14px;line-height: 21px;color: var(--dark-grey2);font-family: Lato, sans-serif;font-style: normal;letter-spacing: normal;text-align: start;text-indent: 0px;text-transform: none\">Produto: Fita Dupla Face<br \/>\nMarca: 3M<br \/>\nMaterial: \u00c9ster de \u00e1cido acr\u00edlico<br \/>\nCor: Amarelo e branco<br \/>\nCaracter\u00edsticas: Excelente fixa\u00e7\u00e3o<br \/>\nFixa\u00e7\u00e3o permanente<br \/>\nSubstitui pregos e parafusos<br \/>\nItens Inclusos: 1 Fita Dupla Face<br \/>\nDimens\u00f5es do produto (A X C): 12mm x 3m<br \/>\n<\/span><\/p>\n","protected":false},"featured_media":21245,"template":"","meta":{"_joinchat":[]},"product_brand":[],"product_cat":[162],"product_tag":[],"class_list":{"0":"post-21181","1":"product","2":"type-product","3":"status-publish","4":"has-post-thumbnail","6":"product_cat-colas-e-cia","8":"first","9":"instock","10":"shipping-taxable","11":"purchasable","12":"product-type-simple"},"_links":{"self":[{"href":"https:\/\/www.multicasa.com.br\/cuiaba\/wp-json\/wp\/v2\/product\/21181","targetHints":{"allow":["GET"]}}],"collection":[{"href":"https:\/\/www.multicasa.com.br\/cuiaba\/wp-json\/wp\/v2\/product"}],"about":[{"href":"https:\/\/www.multicasa.com.br\/cuiaba\/wp-json\/wp\/v2\/types\/product"}],"wp:featuredmedia":[{"embeddable":true,"href":"https:\/\/www.multicasa.com.br\/cuiaba\/wp-json\/wp\/v2\/media\/21245"}],"wp:attachment":[{"href":"https:\/\/www.multicasa.com.br\/cuiaba\/wp-json\/wp\/v2\/media?parent=21181"}],"wp:term":[{"taxonomy":"product_brand","embeddable":true,"href":"https:\/\/www.multicasa.com.br\/cuiaba\/wp-json\/wp\/v2\/product_brand?post=21181"},{"taxonomy":"product_cat","embeddable":true,"href":"https:\/\/www.multicasa.com.br\/cuiaba\/wp-json\/wp\/v2\/product_cat?post=21181"},{"taxonomy":"product_tag","embeddable":true,"href":"https:\/\/www.multicasa.com.br\/cuiaba\/wp-json\/wp\/v2\/product_tag?post=21181"}],"curies":[{"name":"wp","href":"https:\/\/api.w.org\/{rel}","templated":true}]}}