{"id":21183,"date":"2025-06-20T20:15:07","date_gmt":"2025-06-21T00:15:07","guid":{"rendered":"http:\/\/www.multicasa.com.br\/cuiaba\/?post_type=product&#038;p=21183"},"modified":"2026-04-27T09:34:33","modified_gmt":"2026-04-27T13:34:33","slug":"passa-fio-para-mesa-branco-bemfixa-59mm","status":"publish","type":"product","link":"https:\/\/www.multicasa.com.br\/cuiaba\/produto\/passa-fio-para-mesa-branco-bemfixa-59mm\/","title":{"rendered":"Passa Fio para Mesa Branco Bemfixa 59mm<br>SKU: 3051188"},"content":{"rendered":"<p>Garanta organiza\u00e7\u00e3o no seu local de trabalho utilizando o passa fio para mesa Bemfixa. De cor branca e com 59 mm, \u00e9 ideal para mesas de escrit\u00f3rio onde ficam computadores. Possui tampa rotativa para facilitar a utiliza\u00e7\u00e3o.<\/p>\n","protected":false},"excerpt":{"rendered":"<h4 style=\"margin: 0px;padding: 0px 0px 16px;font-family: Lato, sans-serif;font-weight: bold;line-height: 3rem;color: var(--dark-grey3);font-size: 22px;font-style: normal;letter-spacing: normal;text-align: start;text-indent: 0px;text-transform: none\">Informa\u00e7\u00f5es t\u00e9cnicas<\/h4>\n<p><span style=\"margin: 0px;padding: 0px;font-weight: 450;font-size: 14px;line-height: 21px;color: var(--dark-grey2);font-family: Lato, sans-serif;font-style: normal;letter-spacing: normal;text-align: start;text-indent: 0px;text-transform: none\">Produto: Passa Fio<br \/>\nMarca: Bemfixa<br \/>\nMaterial: Pl\u00e1stico<br \/>\nCor: Branco<br \/>\nCaracter\u00edsticas: Possui tampa rotativa<br \/>\nItens inclusos: 1 Passa Fio<br \/>\nDi\u00e2metro do produto: 59mm<br \/>\n<\/span><\/p>\n","protected":false},"featured_media":25689,"template":"","meta":{"_joinchat":[]},"product_brand":[],"product_cat":[119],"product_tag":[],"class_list":{"0":"post-21183","1":"product","2":"type-product","3":"status-publish","4":"has-post-thumbnail","6":"product_cat-materiais-eletricos","8":"first","9":"instock","10":"shipping-taxable","11":"purchasable","12":"product-type-simple"},"_links":{"self":[{"href":"https:\/\/www.multicasa.com.br\/cuiaba\/wp-json\/wp\/v2\/product\/21183","targetHints":{"allow":["GET"]}}],"collection":[{"href":"https:\/\/www.multicasa.com.br\/cuiaba\/wp-json\/wp\/v2\/product"}],"about":[{"href":"https:\/\/www.multicasa.com.br\/cuiaba\/wp-json\/wp\/v2\/types\/product"}],"wp:featuredmedia":[{"embeddable":true,"href":"https:\/\/www.multicasa.com.br\/cuiaba\/wp-json\/wp\/v2\/media\/25689"}],"wp:attachment":[{"href":"https:\/\/www.multicasa.com.br\/cuiaba\/wp-json\/wp\/v2\/media?parent=21183"}],"wp:term":[{"taxonomy":"product_brand","embeddable":true,"href":"https:\/\/www.multicasa.com.br\/cuiaba\/wp-json\/wp\/v2\/product_brand?post=21183"},{"taxonomy":"product_cat","embeddable":true,"href":"https:\/\/www.multicasa.com.br\/cuiaba\/wp-json\/wp\/v2\/product_cat?post=21183"},{"taxonomy":"product_tag","embeddable":true,"href":"https:\/\/www.multicasa.com.br\/cuiaba\/wp-json\/wp\/v2\/product_tag?post=21183"}],"curies":[{"name":"wp","href":"https:\/\/api.w.org\/{rel}","templated":true}]}}