{"id":21206,"date":"2025-06-20T20:15:31","date_gmt":"2025-06-21T00:15:31","guid":{"rendered":"http:\/\/www.multicasa.com.br\/cuiaba\/?post_type=product&#038;p=21206"},"modified":"2026-04-16T11:30:18","modified_gmt":"2026-04-16T15:30:18","slug":"viapoxi-adesivo-tix-1kg-cz-viapol","status":"publish","type":"product","link":"https:\/\/www.multicasa.com.br\/cuiaba\/produto\/viapoxi-adesivo-tix-1kg-cz-viapol\/","title":{"rendered":"Viapoxi Adesivo Tix 1Kg Cz Viapol<br>SKU: 3075958"},"content":{"rendered":"<p>Viapoxi Adesivo Tix \u00e9 um adesivo bicomponente de base ep\u00f3xi, de consist\u00eancia tixotr\u00f3pica, indicado para colagem de concreto, a\u00e7o, alum\u00ednio, cer\u00e2mica e outros.<\/p>\n","protected":false},"excerpt":{"rendered":"<h4 style=\"margin: 0px;padding: 0px 0px 16px;font-family: Lato, sans-serif;font-weight: bold;line-height: 3rem;color: var(--dark-grey3);font-size: 22px;font-style: normal;letter-spacing: normal;text-align: start;text-indent: 0px;text-transform: none\">Informa\u00e7\u00f5es t\u00e9cnicas<\/h4>\n<p><span style=\"margin: 0px;padding: 0px;font-weight: 450;font-size: 14px;line-height: 21px;color: var(--dark-grey2);font-family: Lato, sans-serif;font-style: normal;letter-spacing: normal;text-align: start;text-indent: 0px;text-transform: none\">Produto: VIAPOXI ADESIVO TIX 1KG CZ VIAPOL<br \/>\nMarca: VIAPOL<br \/>\nCor: Cinza<\/p>\n<p>Aspecto: Pastoso<br \/>\nMassa espec\u00edfica: 1,85 g\/cm\u00b3<br \/>\nCura inicial: 24 horas<br \/>\nCura final: 7 dias<br \/>\nTemperatura de aplica\u00e7\u00e3o: 5 a 35\u00b0C<br \/>\nTempo para aplica\u00e7\u00e3o ap\u00f3s a mistura: 1 hora<\/p>\n<p>RESIST\u00caNCIA \u00c0 COMPRESS\u00c3O<br \/>\n1 dia = 40 MPa<br \/>\n7 dias = 55 MPa<\/p>\n<p>VANTAGENS<br \/>\n&#8211; Elevado poder de ader\u00eancia e resist\u00eancia mec\u00e2nica, superior a do pr\u00f3prio concreto;<br \/>\n&#8211; Aplica\u00e7\u00f5es em fundo de laje ou sobre cabe\u00e7a sem pingar ou escorrer;<br \/>\nImperme\u00e1vel \u00e0 \u00e1gua e \u00f3leos;<br \/>\n&#8211; Aplic\u00e1vel em superf\u00edcies \u00famidas, por\u00e9m, sem satura\u00e7\u00e3o;<br \/>\n&#8211; \u00d3tima ader\u00eancia em argamassas, pedra, cer\u00e2mica, madeira e outros materiais de constru\u00e7\u00e3o.<\/p>\n<p>UTILIZA\u00c7\u00c3O<br \/>\n&#8211; Colagem em reparo estrutural (concreto velho com novo);<br \/>\n&#8211; Ancoragem de a\u00e7o em concreto com furos em v\u00e1rios di\u00e2metros;<br \/>\n&#8211; Fixa\u00e7\u00e3o de chumbadores, guias, dormentes e apoios estruturais;<br \/>\n&#8211; Colagem de elementos pr\u00e9-moldados;<br \/>\n&#8211; Reposi\u00e7\u00e3o de pavimentos de concreto;<br \/>\n&#8211; Juntas de concretagem (junta fria);<br \/>\n&#8211; Reparo em elementos pr\u00e9-moldados;<br \/>\n&#8211; Fixa\u00e7\u00e3o dos bicos de ader\u00eancia em inje\u00e7\u00f5es no concreto;<br \/>\n&#8211; Colagem de cer\u00e2mica (azulejo), madeira, alum\u00ednio e ferro.<\/span><\/p>\n","protected":false},"featured_media":26287,"template":"","meta":{"_joinchat":[]},"product_brand":[],"product_cat":[162],"product_tag":[],"class_list":{"0":"post-21206","1":"product","2":"type-product","3":"status-publish","4":"has-post-thumbnail","6":"product_cat-colas-e-cia","8":"first","9":"instock","10":"shipping-taxable","11":"purchasable","12":"product-type-simple"},"_links":{"self":[{"href":"https:\/\/www.multicasa.com.br\/cuiaba\/wp-json\/wp\/v2\/product\/21206","targetHints":{"allow":["GET"]}}],"collection":[{"href":"https:\/\/www.multicasa.com.br\/cuiaba\/wp-json\/wp\/v2\/product"}],"about":[{"href":"https:\/\/www.multicasa.com.br\/cuiaba\/wp-json\/wp\/v2\/types\/product"}],"wp:featuredmedia":[{"embeddable":true,"href":"https:\/\/www.multicasa.com.br\/cuiaba\/wp-json\/wp\/v2\/media\/26287"}],"wp:attachment":[{"href":"https:\/\/www.multicasa.com.br\/cuiaba\/wp-json\/wp\/v2\/media?parent=21206"}],"wp:term":[{"taxonomy":"product_brand","embeddable":true,"href":"https:\/\/www.multicasa.com.br\/cuiaba\/wp-json\/wp\/v2\/product_brand?post=21206"},{"taxonomy":"product_cat","embeddable":true,"href":"https:\/\/www.multicasa.com.br\/cuiaba\/wp-json\/wp\/v2\/product_cat?post=21206"},{"taxonomy":"product_tag","embeddable":true,"href":"https:\/\/www.multicasa.com.br\/cuiaba\/wp-json\/wp\/v2\/product_tag?post=21206"}],"curies":[{"name":"wp","href":"https:\/\/api.w.org\/{rel}","templated":true}]}}