{"id":21209,"date":"2025-06-20T20:15:31","date_gmt":"2025-06-21T00:15:31","guid":{"rendered":"http:\/\/www.multicasa.com.br\/cuiaba\/?post_type=product&#038;p=21209"},"modified":"2025-09-29T15:34:58","modified_gmt":"2025-09-29T19:34:58","slug":"mangueira-corr-dn50-11-2-m-cz-kan","status":"publish","type":"product","link":"https:\/\/www.multicasa.com.br\/cuiaba\/produto\/mangueira-corr-dn50-11-2-m-cz-kan\/","title":{"rendered":"Mangueira Corr.Dn50 11\/2 (M) Cz Kan<br>SKU: 3078957"},"content":{"rendered":"<p>Indicada para aspira\u00e7\u00e3o industrial como em ind\u00fastrias madeireiras e tecelagens. Aplicada tamb\u00e9m em aspiradores de p\u00f3 industriais,<br \/>\nde postos de gasolina e exaustores. Temperatura de Trabalho:+5\u00baC  +50\u00baC (PVC).<\/p>\n","protected":false},"excerpt":{"rendered":"<h4 style=\"margin: 0px;padding: 0px 0px 16px;font-family: Lato, sans-serif;font-weight: bold;line-height: 3rem;color: var(--dark-grey3);font-size: 22px;font-style: normal;letter-spacing: normal;text-align: start;text-indent: 0px;text-transform: none\">Informa\u00e7\u00f5es t\u00e9cnicas<\/h4>\n<p><span style=\"margin: 0px;padding: 0px;font-weight: 450;font-size: 14px;line-height: 21px;color: var(--dark-grey2);font-family: Lato, sans-serif;font-style: normal;letter-spacing: normal;text-align: start;text-indent: 0px;text-transform: none\">Produto: MANGUEIRA CORR.DN50 11\/2 (M) CZ KAN<br \/>\nMarca: KANAFLEX<br \/>\nCor: Cinza<\/p>\n<p>1.1\/2&#8243; 38,0 43,5 530 110 25 \/ 50<\/span><\/p>\n","protected":false},"featured_media":25521,"template":"","meta":{"_joinchat":[]},"product_brand":[],"product_cat":[119],"product_tag":[],"class_list":{"0":"post-21209","1":"product","2":"type-product","3":"status-publish","4":"has-post-thumbnail","6":"product_cat-materiais-eletricos","8":"first","9":"instock","10":"shipping-taxable","11":"purchasable","12":"product-type-simple"},"_links":{"self":[{"href":"https:\/\/www.multicasa.com.br\/cuiaba\/wp-json\/wp\/v2\/product\/21209","targetHints":{"allow":["GET"]}}],"collection":[{"href":"https:\/\/www.multicasa.com.br\/cuiaba\/wp-json\/wp\/v2\/product"}],"about":[{"href":"https:\/\/www.multicasa.com.br\/cuiaba\/wp-json\/wp\/v2\/types\/product"}],"wp:featuredmedia":[{"embeddable":true,"href":"https:\/\/www.multicasa.com.br\/cuiaba\/wp-json\/wp\/v2\/media\/25521"}],"wp:attachment":[{"href":"https:\/\/www.multicasa.com.br\/cuiaba\/wp-json\/wp\/v2\/media?parent=21209"}],"wp:term":[{"taxonomy":"product_brand","embeddable":true,"href":"https:\/\/www.multicasa.com.br\/cuiaba\/wp-json\/wp\/v2\/product_brand?post=21209"},{"taxonomy":"product_cat","embeddable":true,"href":"https:\/\/www.multicasa.com.br\/cuiaba\/wp-json\/wp\/v2\/product_cat?post=21209"},{"taxonomy":"product_tag","embeddable":true,"href":"https:\/\/www.multicasa.com.br\/cuiaba\/wp-json\/wp\/v2\/product_tag?post=21209"}],"curies":[{"name":"wp","href":"https:\/\/api.w.org\/{rel}","templated":true}]}}