{"id":21224,"date":"2025-06-20T20:15:53","date_gmt":"2025-06-21T00:15:53","guid":{"rendered":"http:\/\/www.multicasa.com.br\/cuiaba\/?post_type=product&#038;p=21224"},"modified":"2025-10-01T14:36:09","modified_gmt":"2025-10-01T18:36:09","slug":"mangueira-corr-dn63-2-m-cz-kanaf","status":"publish","type":"product","link":"https:\/\/www.multicasa.com.br\/cuiaba\/produto\/mangueira-corr-dn63-2-m-cz-kanaf\/","title":{"rendered":"Mangueira Corr.Dn63 2 (M) Cz Kanaf<br>SKU: 3078965"},"content":{"rendered":"<p>Indicada para aspira\u00e7\u00e3o industrial como em ind\u00fastrias madeireiras e tecelagens. Aplicada tamb\u00e9m em aspiradores de p\u00f3 industriais,<br \/>\nde postos de gasolina e exaustores. Temperatura de Trabalho:+5\u00baC  +50\u00baC (PVC).<\/p>\n","protected":false},"excerpt":{"rendered":"<h4 style=\"margin: 0px;padding: 0px 0px 16px;font-family: Lato, sans-serif;font-weight: bold;line-height: 3rem;color: var(--dark-grey3);font-size: 22px;font-style: normal;letter-spacing: normal;text-align: start;text-indent: 0px;text-transform: none\">Informa\u00e7\u00f5es t\u00e9cnicas<\/h4>\n<p><span style=\"margin: 0px;padding: 0px;font-weight: 450;font-size: 14px;line-height: 21px;color: var(--dark-grey2);font-family: Lato, sans-serif;font-style: normal;letter-spacing: normal;text-align: start;text-indent: 0px;text-transform: none\">Produto: MANGUEIRA CORR.DN63 2 (M) CZ KANAF<br \/>\nMarca: KANAFLEX<br \/>\nCor: Cinza<\/p>\n<p>2.1\/2&#8243; 64,0 73,0 520 160 25 \/ 50<\/p>\n<p>Indicada para aspira\u00e7\u00e3o industrial como em ind\u00fastrias madeireiras e tecelagens. Aplicada tamb\u00e9m em aspiradores de p\u00f3 industriais,<br \/>\nde postos de gasolina e exaustores. Temperatura de Trabalho:+5\u00baC  +50\u00baC (PVC). No site da multicasa voc\u00ea encontra solu\u00e7\u00f5es pr\u00e1ticas para qualquer situa\u00e7\u00e3o, inclusive outras op\u00e7\u00f5es de chuveiros e materiais para seu conforto.<br \/>\n<\/span><\/p>\n","protected":false},"featured_media":25522,"template":"","meta":{"_joinchat":[]},"product_brand":[],"product_cat":[119],"product_tag":[],"class_list":{"0":"post-21224","1":"product","2":"type-product","3":"status-publish","4":"has-post-thumbnail","6":"product_cat-materiais-eletricos","8":"first","9":"instock","10":"shipping-taxable","11":"purchasable","12":"product-type-simple"},"_links":{"self":[{"href":"https:\/\/www.multicasa.com.br\/cuiaba\/wp-json\/wp\/v2\/product\/21224","targetHints":{"allow":["GET"]}}],"collection":[{"href":"https:\/\/www.multicasa.com.br\/cuiaba\/wp-json\/wp\/v2\/product"}],"about":[{"href":"https:\/\/www.multicasa.com.br\/cuiaba\/wp-json\/wp\/v2\/types\/product"}],"wp:featuredmedia":[{"embeddable":true,"href":"https:\/\/www.multicasa.com.br\/cuiaba\/wp-json\/wp\/v2\/media\/25522"}],"wp:attachment":[{"href":"https:\/\/www.multicasa.com.br\/cuiaba\/wp-json\/wp\/v2\/media?parent=21224"}],"wp:term":[{"taxonomy":"product_brand","embeddable":true,"href":"https:\/\/www.multicasa.com.br\/cuiaba\/wp-json\/wp\/v2\/product_brand?post=21224"},{"taxonomy":"product_cat","embeddable":true,"href":"https:\/\/www.multicasa.com.br\/cuiaba\/wp-json\/wp\/v2\/product_cat?post=21224"},{"taxonomy":"product_tag","embeddable":true,"href":"https:\/\/www.multicasa.com.br\/cuiaba\/wp-json\/wp\/v2\/product_tag?post=21224"}],"curies":[{"name":"wp","href":"https:\/\/api.w.org\/{rel}","templated":true}]}}